{"id":4597,"date":"2023-12-05T21:57:24","date_gmt":"2023-12-05T20:57:24","guid":{"rendered":"https:\/\/boomboomshot.com\/sorteos\/"},"modified":"2023-12-28T17:58:43","modified_gmt":"2023-12-28T16:58:43","slug":"sorteos","status":"publish","type":"page","link":"https:\/\/boomboomshot.com\/es\/sorteos\/","title":{"rendered":"Sorteos"},"content":{"rendered":"[vc_row full_width=\u00bbstretch_row_content\u00bb content_placement=\u00bbmiddle\u00bb columns_right=\u00bbyes\u00bb tablet_fullwidth_cols=\u00bbyes\u00bb css=\u00bb.vc_custom_1670088056840{padding-top: 1rem !important;padding-bottom: 1rem !important;background: #24272b url(https:\/\/boomboomshot.com\/wp-content\/uploads\/2022\/12\/sweepstakes-bg-cover.webp?id=2849) !important;background-position: center !important;background-repeat: no-repeat !important;background-size: cover !important;}\u00bb el_class=\u00bbz-index-1 border-b is-justify-center\u00bb][vc_column width=\u00bb2\/5&#8243; el_class=\u00bbmaxw-430px m-t-\u221e md:m-t-\u2021\u00bb][vc_row_inner css=\u00bb.vc_custom_1670154520569{padding-top: 2rem !important;}\u00bb][vc_column_inner width=\u00bb2\/3&#8243;][vc_single_image image=\u00bb105&#8243; el_class=\u00bbdropshadow maxw-200px\u00bb][\/vc_column_inner][vc_column_inner width=\u00bb1\/3&#8243;][\/vc_column_inner][\/vc_row_inner][vc_column_text css=\u00bb.vc_custom_1670088904275{margin-bottom: 1rem !important;padding-left: 0.75rem !important;}\u00bb font_size=\u00bb2.5&#8243;]\n<h1>El sorteo para <span class=\"typed-me\" data-string0=\"eventos\" data-string1=\"rifas\" data-string2=\"partidos deportivos\" data-string3=\"bares\" data-type-speed=\"80\" data-start-delay=\"0\" data-back-speed=\"60\" data-back-delay=\"1000\"><\/span><\/h1>\n[\/vc_column_text][vc_column_text css=\u00bb.vc_custom_1670088853083{padding-left: 0.75rem !important;}\u00bb font_size=\u00bb1.1rem\u00bb]No pierdas m\u00e1s tiempo con tus sorteos: da la bienvenida a Boom Boom Shot, la aplicaci\u00f3n moderna de sorteos.[\/vc_column_text][vc_row_inner css=\u00bb.vc_custom_1679332821063{margin-top: 0.5rem !important;padding-right: 1rem !important;padding-left: 1rem !important;}\u00bb][vc_column_inner]<div class=\"vcex-shortcode wpex-clr\"><div class=\"templatera_shortcode\"><div class=\"vc_row wpb_row vc_row-fluid vc_row_flex vc_custom_1679332620281\"><div class=\"wpb_column vc_column_container vc_col-sm-12\"><div class=\"vc_column-inner\"><div class=\"wpb_wrapper\"><a href=\"https:\/\/game.boomboomshot.com\/signup\" class=\"vcex-button theme-button inline button-primary\"><span class=\"theme-button-inner\">Empezar (gratis)<span class=\"vcex-icon-wrap theme-button-icon-right\"><span class=\"ticon ticon-long-arrow-right\" aria-hidden=\"true\"><\/span><\/span><\/span><\/a> <a href=\"https:\/\/game.boomboomshot.com\/login\" class=\"vcex-button theme-button inline button-secondary\"><span class=\"theme-button-inner\">Iniciar sesi\u00f3n<\/span><\/a> <\/div><\/div><\/div><\/div><\/div><\/div>[\/vc_column_inner][\/vc_row_inner][\/vc_column][vc_column width=\u00bb3\/5&#8243;][vc_single_image image=\u00bb4598&#8243;][\/vc_column][\/vc_row][vc_row css=\u00bb.vc_custom_1670088992055{margin-top: 3.75rem !important;margin-bottom: 2rem !important;}\u00bb][vc_column][vc_row_inner][vc_column_inner][vc_column_text font_size=\u00bb1.4rem\u00bb]\n<p style=\"text-align: center;\">Boom Boom Shot es una soluci\u00f3n digital para sorteos en eventos deportivos, asociativos, culturales o de marketing. Ante un p\u00fablico cada vez m\u00e1s \u00e1vido de juegos e interactividad, saca el m\u00e1ximo partido de los sorteos con Boom Boom Shot.<\/p>\n[\/vc_column_text][\/vc_column_inner][\/vc_row_inner][\/vc_column][\/vc_row][vc_row full_width=\u00bbstretch_row\u00bb el_class=\u00bbbg-dark4 border-y\u00bb css=\u00bb.vc_custom_1670070362549{padding-top: 2rem !important;padding-bottom: 2rem !important;}\u00bb][vc_column][vc_row_inner][vc_column_inner][vc_column_text css=\u00bb.vc_custom_1670070331763{margin-top: 1rem !important;margin-bottom: 2rem !important;}\u00bb]\n<h2 style=\"text-align: center;\">Funciones principales<\/h2>\n[\/vc_column_text][\/vc_column_inner][\/vc_row_inner][vc_row_inner css=\u00bb.vc_custom_1670086934614{margin-top: 2rem !important;margin-bottom: 2rem !important;}\u00bb][vc_column_inner width=\u00bb1\/3&#8243;][vc_column_text]\n<h3>Tu sorteo en unos pocos clics<\/h3>\n<p>Organizar un sorteo nunca ha sido tan f\u00e1cil: configura en unos pocos clics el n\u00famero de ganadores en cada sorteo, el tipo de activaci\u00f3n de la rueda y su dise\u00f1o, \u00a1y listo![\/vc_column_text][\/vc_column_inner][vc_column_inner width=\u00bb2\/3&#8243;][vc_single_image image=\u00bb4599&#8243;][\/vc_column_inner][\/vc_row_inner][vc_row_inner columns_right=\u00bbyes\u00bb css=\u00bb.vc_custom_1670086939147{margin-top: 2rem !important;margin-bottom: 2rem !important;}\u00bb][vc_column_inner width=\u00bb1\/3&#8243;][vc_column_text]\n<h3>Inscripci\u00f3n muy sencilla<\/h3>\n<p>Un c\u00f3digo QR \u00fanico se genera autom\u00e1ticamente al crear tu sorteo: comp\u00e1rtelo con tu p\u00fablico para que se inscriban autom\u00e1ticamente a trav\u00e9s de Facebook, Google o su direcci\u00f3n de correo electr\u00f3nico.[\/vc_column_text][\/vc_column_inner][vc_column_inner width=\u00bb2\/3&#8243;][vc_single_image image=\u00bb4600&#8243;][\/vc_column_inner][\/vc_row_inner][vc_row_inner css=\u00bb.vc_custom_1670086943649{margin-top: 2rem !important;margin-bottom: 2rem !important;}\u00bb][vc_column_inner width=\u00bb1\/3&#8243;][vc_column_text]\n<h3>Una experiencia en tiempo real<\/h3>\n<p>Para asegurarse de que tu p\u00fablico no se pierda nada de la experiencia, cada participante puede seguir los sorteos en tiempo real en su smartphone. Elige transmitir los sorteos en pantalla grande o deja que cada uno mire su tel\u00e9fono, \u00a1t\u00fa decides![\/vc_column_text][\/vc_column_inner][vc_column_inner width=\u00bb2\/3&#8243;][vc_single_image image=\u00bb4605&#8243;][\/vc_column_inner][\/vc_row_inner][vc_row_inner columns_right=\u00bbyes\u00bb css=\u00bb.vc_custom_1670086939147{margin-top: 2rem !important;margin-bottom: 2rem !important;}\u00bb][vc_column_inner width=\u00bb1\/3&#8243;][vc_column_text]\n<h3>Recopilar informaci\u00f3n de tus participantes<\/h3>\n<p>Utiliza el sorteo para recopilar informaci\u00f3n \u00fatil de tus participantes (nombre, direcci\u00f3n de correo electr\u00f3nico y m\u00e1s si hay afinidad) gracias a Boom Boom Shot y descarga los datos en formato CSV.[\/vc_column_text][\/vc_column_inner][vc_column_inner width=\u00bb2\/3&#8243;][vc_single_image image=\u00bb4604&#8243;][\/vc_column_inner][\/vc_row_inner][vc_row_inner][vc_column_inner el_class=\u00bbtext-center\u00bb css=\u00bb.vc_custom_1703782688484{margin-top: 2rem !important;}\u00bb]<a href=\"https:\/\/boomboomshot.com\/features\/\" class=\"vcex-button theme-button inline w-100 maxw-430px m-x-auto\"><span class=\"theme-button-inner\">Ver todas las caracter\u00edsticas<\/span><\/a> [\/vc_column_inner][\/vc_row_inner][\/vc_column][\/vc_row][vc_row css=\u00bb.vc_custom_1670088330175{margin-top: 2rem !important;margin-bottom: 2rem !important;}\u00bb][vc_column][vc_row_inner][vc_column_inner][vc_column_text css=\u00bb.vc_custom_1670088405074{margin-top: 1rem !important;margin-bottom: 2rem !important;}\u00bb]\n<h2 style=\"text-align: center;\">C\u00f3mo organizar tu primer sorteo<\/h2>\n[\/vc_column_text][\/vc_column_inner][\/vc_row_inner][vc_row_inner][vc_column_inner width=\u00bb1\/3&#8243;][vc_column_text]\n<h3>Paso 1<\/h3>\n<p><a href=\"https:\/\/game.boomboomshot.com\/signup\">Crea una cuenta en Boom Boom Shot<\/a> y configura tu primer sorteo en menos de 3 minutos.[\/vc_column_text][\/vc_column_inner][vc_column_inner width=\u00bb1\/3&#8243;][vc_column_text]\n<h3>Paso 2<\/h3>\n<p>Comparte el c\u00f3digo QR del sorteo con tu p\u00fablico, ya sea imprimi\u00e9ndolo o transmiti\u00e9ndolo en tus pantallas de televisi\u00f3n.[\/vc_column_text][\/vc_column_inner][vc_column_inner width=\u00bb1\/3&#8243;][vc_column_text]\n<h3>Paso 3<\/h3>\n<p>Una vez que tu p\u00fablico est\u00e9 inscrito, \u00a1es tu turno de jugar! Puedes gestionar en cualquier momento el desarrollo del sorteo con tu tel\u00e9fono, tableta u ordenador desde un escenario o mientras te mueves por la sala.[\/vc_column_text][\/vc_column_inner][\/vc_row_inner][\/vc_column][\/vc_row][vc_row el_class=\u00bbvc_column-inner-m-b-0&#8243;][vc_column]<div class=\"templatera_shortcode\"><div data-vc-full-width=\"true\" data-vc-full-width-init=\"false\" class=\"vc_row wpb_row vc_row-fluid border-t vc_custom_1670178810630 wpex-vc_row-has-fill wpex-vc-row-stretched\" style=\"background-position:center center !important;\"><div class=\"wpb_column vc_column_container vc_col-sm-12\"><div class=\"vc_column-inner\"><div class=\"wpb_wrapper\"><div class=\"vc_row wpb_row vc_inner vc_row-fluid\"><div class=\"wpb_column maxw-400px object-center vc_column_container vc_col-sm-12\"><div class=\"vc_column-inner\"><div class=\"wpb_wrapper\">\n\t<div class=\"wpb_text_column wpb_content_element \" >\n\t\t<div class=\"wpb_wrapper\">\n\t\t\t<h2 style=\"text-align: center;\">El software de sorteo f\u00e1cil<\/h2>\n\n\t\t<\/div>\n\t<\/div>\n<div class=\"vc_custom_1736545215668 wpex-clr\"><a href=\"https:\/\/game.boomboomshot.com\/signup\" class=\"vcex-button theme-button inline button-primary w-100 maxw-430px m-x-auto\"><span class=\"theme-button-inner\">Empezar (gratis)<span class=\"vcex-icon-wrap theme-button-icon-right\"><span class=\"ticon ticon-long-arrow-right\" aria-hidden=\"true\"><\/span><\/span><\/span><\/a><\/div> <\/div><\/div><\/div><\/div><\/div><\/div><\/div><\/div><div class=\"vc_row-full-width vc_clearfix\"><\/div><\/div>[\/vc_column][\/vc_row]\n","protected":false},"excerpt":{"rendered":"El sorteo para No pierdas m\u00e1s tiempo con tus sorteos: da la bienvenida a Boom Boom Shot, la aplicaci\u00f3n moderna de sorteos. Empezar (gratis) Iniciar sesi\u00f3n Boom Boom Shot es una soluci\u00f3n digital para sorteos en eventos deportivos, asociativos, culturales&hellip;","protected":false},"author":1,"featured_media":0,"parent":0,"menu_order":0,"comment_status":"closed","ping_status":"closed","template":"templates\/no-sidebar.php","meta":{"footnotes":""},"class_list":["post-4597","page","type-page","status-publish","hentry","entry","no-media"],"_links":{"self":[{"href":"https:\/\/boomboomshot.com\/es\/wp-json\/wp\/v2\/pages\/4597","targetHints":{"allow":["GET"]}}],"collection":[{"href":"https:\/\/boomboomshot.com\/es\/wp-json\/wp\/v2\/pages"}],"about":[{"href":"https:\/\/boomboomshot.com\/es\/wp-json\/wp\/v2\/types\/page"}],"author":[{"embeddable":true,"href":"https:\/\/boomboomshot.com\/es\/wp-json\/wp\/v2\/users\/1"}],"replies":[{"embeddable":true,"href":"https:\/\/boomboomshot.com\/es\/wp-json\/wp\/v2\/comments?post=4597"}],"version-history":[{"count":10,"href":"https:\/\/boomboomshot.com\/es\/wp-json\/wp\/v2\/pages\/4597\/revisions"}],"predecessor-version":[{"id":4894,"href":"https:\/\/boomboomshot.com\/es\/wp-json\/wp\/v2\/pages\/4597\/revisions\/4894"}],"wp:attachment":[{"href":"https:\/\/boomboomshot.com\/es\/wp-json\/wp\/v2\/media?parent=4597"}],"curies":[{"name":"wp","href":"https:\/\/api.w.org\/{rel}","templated":true}]}}