{"id":4609,"date":"2023-12-05T22:05:17","date_gmt":"2023-12-05T21:05:17","guid":{"rendered":"https:\/\/boomboomshot.com\/fiestas\/"},"modified":"2023-12-28T18:00:33","modified_gmt":"2023-12-28T17:00:33","slug":"fiestas","status":"publish","type":"page","link":"https:\/\/boomboomshot.com\/es\/fiestas\/","title":{"rendered":"Fiestas"},"content":{"rendered":"[vc_row full_width=\u00bbstretch_row_content\u00bb content_placement=\u00bbmiddle\u00bb columns_right=\u00bbyes\u00bb tablet_fullwidth_cols=\u00bbyes\u00bb css=\u00bb.vc_custom_1675972157220{padding-top: 1rem !important;padding-bottom: 1rem !important;background: #24272b url(https:\/\/boomboomshot.com\/wp-content\/uploads\/2023\/02\/partygames-bg-cover.webp?id=3530) !important;background-position: center !important;background-repeat: no-repeat !important;background-size: cover !important;}\u00bb el_class=\u00bbz-index-1 border-b is-justify-center\u00bb][vc_column width=\u00bb2\/5&#8243; el_class=\u00bbmaxw-430px m-t-\u221e md:m-t-\u2021\u00bb][vc_row_inner css=\u00bb.vc_custom_1670154520569{padding-top: 2rem !important;}\u00bb][vc_column_inner width=\u00bb2\/3&#8243;][vc_single_image image=\u00bb105&#8243; el_class=\u00bbdropshadow maxw-200px\u00bb][\/vc_column_inner][vc_column_inner width=\u00bb1\/3&#8243;][\/vc_column_inner][\/vc_row_inner][vc_column_text css=\u00bb.vc_custom_1675971732105{margin-bottom: 1rem !important;padding-left: 0.75rem !important;}\u00bb font_size=\u00bb2.5&#8243;]\n<h1>Agrega diversi\u00f3n a tu <span class=\"typed-me\" data-string0=\"fiesta de cumplea\u00f1os\" data-string1=\"boda\" data-string2=\"despedida de soltera\" data-string3=\"evento empresarial\" data-type-speed=\"80\" data-start-delay=\"0\" data-back-speed=\"60\" data-back-delay=\"1000\"><\/span><\/h1>\n[\/vc_column_text][vc_column_text css=\u00bb.vc_custom_1675971639203{padding-left: 0.75rem !important;}\u00bb font_size=\u00bb1.1rem\u00bb]Usa el sorteo para darle sabor a tus noches con Boom Boom Shot.[\/vc_column_text][vc_row_inner css=\u00bb.vc_custom_1679332951197{margin-top: 0.5rem !important;padding-right: 1rem !important;padding-left: 1rem !important;}\u00bb][vc_column_inner]<div class=\"vcex-shortcode wpex-clr\"><div class=\"templatera_shortcode\"><div class=\"vc_row wpb_row vc_row-fluid vc_row_flex vc_custom_1679332620281\"><div class=\"wpb_column vc_column_container vc_col-sm-12\"><div class=\"vc_column-inner\"><div class=\"wpb_wrapper\"><a href=\"https:\/\/game.boomboomshot.com\/signup\" class=\"vcex-button theme-button inline button-primary\"><span class=\"theme-button-inner\">Empezar (gratis)<span class=\"vcex-icon-wrap theme-button-icon-right\"><span class=\"ticon ticon-long-arrow-right\" aria-hidden=\"true\"><\/span><\/span><\/span><\/a> <a href=\"https:\/\/game.boomboomshot.com\/login\" class=\"vcex-button theme-button inline button-secondary\"><span class=\"theme-button-inner\">Iniciar sesi\u00f3n<\/span><\/a> <\/div><\/div><\/div><\/div><\/div><\/div>[\/vc_column_inner][\/vc_row_inner][\/vc_column][vc_column width=\u00bb3\/5&#8243;][vc_single_image image=\u00bb4611&#8243;][\/vc_column][\/vc_row][vc_row css=\u00bb.vc_custom_1670088992055{margin-top: 3.75rem !important;margin-bottom: 2rem !important;}\u00bb][vc_column][vc_row_inner][vc_column_inner][vc_column_text font_size=\u00bb1.4rem\u00bb]\n<p style=\"text-align: center;\">Boom Boom Shot es una plataforma en l\u00ednea para organizar sorteos y distribuir regalos en tus fiestas. \u00a1Impresiona a tus invitados entregando premios que asegurar\u00e1n una fiesta inolvidable!<\/p>\n[\/vc_column_text][\/vc_column_inner][\/vc_row_inner][\/vc_column][\/vc_row][vc_row full_width=\u00bbstretch_row\u00bb el_class=\u00bbbg-dark4 border-y\u00bb css=\u00bb.vc_custom_1670070362549{padding-top: 2rem !important;padding-bottom: 2rem !important;}\u00bb][vc_column][vc_row_inner][vc_column_inner][vc_column_text css=\u00bb.vc_custom_1670070331763{margin-top: 1rem !important;margin-bottom: 2rem !important;}\u00bb]\n<h2 style=\"text-align: center;\">Funcionalidades<\/h2>\n[\/vc_column_text][\/vc_column_inner][\/vc_row_inner][vc_row_inner css=\u00bb.vc_custom_1670086934614{margin-top: 2rem !important;margin-bottom: 2rem !important;}\u00bb][vc_column_inner width=\u00bb1\/3&#8243;][vc_column_text]\n<h3>Un juego gratuito<\/h3>\n<p>Agrega diversi\u00f3n a tu pr\u00f3xima fiesta en unos pocos clics: configura el sorteo, invita a tus amigos y lanza la rueda cuando te apetezca. Decide lo que quieres ofrecer, \u00a1y que comience la fiesta![\/vc_column_text][\/vc_column_inner][vc_column_inner width=\u00bb2\/3&#8243;][vc_single_image image=\u00bb4618&#8243;][\/vc_column_inner][\/vc_row_inner][vc_row_inner columns_right=\u00bbyes\u00bb css=\u00bb.vc_custom_1670086939147{margin-top: 2rem !important;margin-bottom: 2rem !important;}\u00bb][vc_column_inner width=\u00bb1\/3&#8243;][vc_column_text]\n<h3>Configuraci\u00f3n r\u00e1pida<\/h3>\n<p>Los participantes de tu sorteo se registran escaneando un simple c\u00f3digo QR con su smartphone. En un instante, \u00a1ya est\u00e1n en la rueda![\/vc_column_text][\/vc_column_inner][vc_column_inner width=\u00bb2\/3&#8243;][vc_single_image image=\u00bb4613&#8243;][\/vc_column_inner][\/vc_row_inner][vc_row_inner css=\u00bb.vc_custom_1670086943649{margin-top: 2rem !important;margin-bottom: 2rem !important;}\u00bb][vc_column_inner width=\u00bb1\/3&#8243;][vc_column_text]\n<h3>Integra tu m\u00fasica<\/h3>\n<p>Integra f\u00e1cilmente tus listas de reproducci\u00f3n de Spotify, YouTube o Deezer en la rueda para que la m\u00fasica y los sonidos del sorteo se combinen.[\/vc_column_text][\/vc_column_inner][vc_column_inner width=\u00bb2\/3&#8243;][vc_single_image image=\u00bb4615&#8243;][\/vc_column_inner][\/vc_row_inner][vc_row_inner columns_right=\u00bbyes\u00bb css=\u00bb.vc_custom_1670086939147{margin-top: 2rem !important;margin-bottom: 2rem !important;}\u00bb][vc_column_inner width=\u00bb1\/3&#8243;][vc_column_text]\n<h3>Sorteos XXL<\/h3>\n<p>Ya sea una despedida de soltera, una fiesta de cumplea\u00f1os o de boda, usa la aplicaci\u00f3n para romper el hielo, involucrar a la gente y a\u00f1adir m\u00e1s diversi\u00f3n a tu evento. Aqu\u00ed tienes algunas ideas de fiestas donde usar la aplicaci\u00f3n de loter\u00eda en l\u00ednea:[\/vc_column_text][\/vc_column_inner][vc_column_inner width=\u00bb2\/3&#8243;][vc_single_image image=\u00bb4614&#8243;][\/vc_column_inner][\/vc_row_inner][vc_column_text css=\u00bb.vc_custom_1676909326697{margin-top: 5rem !important;margin-bottom: 5rem !important;}\u00bb]\n<h2 style=\"text-align: center;\">Tipos de eventos<\/h2>\n[\/vc_column_text][vc_row_inner css=\u00bb.vc_custom_1670086943649{margin-top: 2rem !important;margin-bottom: 2rem !important;}\u00bb][vc_column_inner width=\u00bb1\/3&#8243;][vc_column_text]\n<h3>Fiestas de boda<\/h3>\n<p>El sorteo puede ser muy efectivo para animar tu boda. Haz que todos tus invitados participen en el sorteo y a lo largo de la noche elige al azar hasta 10 invitados para decir algo bonito (o no) sobre los novios, realizar una prueba o cantar una canci\u00f3n.[\/vc_column_text][\/vc_column_inner][vc_column_inner width=\u00bb2\/3&#8243;][vc_single_image image=\u00bb4617&#8243;][\/vc_column_inner][\/vc_row_inner][vc_row_inner columns_right=\u00bbyes\u00bb css=\u00bb.vc_custom_1670086939147{margin-top: 2rem !important;margin-bottom: 2rem !important;}\u00bb][vc_column_inner width=\u00bb1\/3&#8243;][vc_column_text]\n<h3>Despedidas de soltera<\/h3>\n<p>No es f\u00e1cil romper el hielo entre los participantes de una despedida de soltero o soltera. \u00bfQu\u00e9 mejor manera de conocerse que d\u00e1ndose desaf\u00edos? Usa Boom Boom Shot para asignar al azar una serie de desaf\u00edos a diferentes amigos durante la fiesta.[\/vc_column_text][\/vc_column_inner][vc_column_inner width=\u00bb2\/3&#8243;][vc_single_image image=\u00bb4612&#8243;][\/vc_column_inner][\/vc_row_inner][vc_row_inner css=\u00bb.vc_custom_1670086943649{margin-top: 2rem !important;margin-bottom: 2rem !important;}\u00bb][vc_column_inner width=\u00bb1\/3&#8243;][vc_column_text]\n<h3>Fiestas empresariales<\/h3>\n<p>Usa Boom Boom Shot en tu pr\u00f3xima fiesta de oficina (afterwork) para distribuir regalos o pruebas (amables) a tus empleados \/ colegas. Si eres parte de una gran organizaci\u00f3n y quieres que tus colegas se conozcan mejor, establece un speed dating con Boom Boom Shot: selecciona al azar 2 participantes y haz que se encuentren.[\/vc_column_text][\/vc_column_inner][vc_column_inner width=\u00bb2\/3&#8243;][vc_single_image image=\u00bb4616&#8243;][\/vc_column_inner][\/vc_row_inner][vc_row_inner][vc_column_inner el_class=\u00bbtext-center\u00bb css=\u00bb.vc_custom_1703782784439{margin-top: 2rem !important;}\u00bb]<a href=\"https:\/\/boomboomshot.com\/features\/\" class=\"vcex-button theme-button inline w-100 maxw-430px m-x-auto\"><span class=\"theme-button-inner\">Ver todas las caracter\u00edsticas<\/span><\/a> [\/vc_column_inner][\/vc_row_inner][\/vc_column][\/vc_row][vc_row css=\u00bb.vc_custom_1670088330175{margin-top: 2rem !important;margin-bottom: 2rem !important;}\u00bb][vc_column][vc_row_inner][vc_column_inner][vc_column_text css=\u00bb.vc_custom_1670088405074{margin-top: 1rem !important;margin-bottom: 2rem !important;}\u00bb]\n<h2 style=\"text-align: center;\">C\u00f3mo funciona<\/h2>\n[\/vc_column_text][\/vc_column_inner][\/vc_row_inner][vc_row_inner][vc_column_inner width=\u00bb1\/3&#8243;][vc_column_text]\n<h3>Paso 1<\/h3>\n<p><a href=\"https:\/\/game.boomboomshot.com\/signup\">Reg\u00edstrate<\/a> y crea tu sorteo.<\/p>\n[\/vc_column_text][\/vc_column_inner][vc_column_inner width=\u00bb1\/3&#8243;][vc_column_text]\n<h3>Paso 2<\/h3>\n<p>Invita a los participantes a unirse al sorteo escaneando el c\u00f3digo QR con su smartphone.[\/vc_column_text][\/vc_column_inner][vc_column_inner width=\u00bb1\/3&#8243;][vc_column_text]\n<h3>Paso 3<\/h3>\n<p>Los participantes se van agregando poco a poco. Cuando todos est\u00e9n, \u00a1solo queda lanzar la rueda![\/vc_column_text][\/vc_column_inner][\/vc_row_inner][\/vc_column][\/vc_row][vc_row el_class=\u00bbvc_column-inner-m-b-0&#8243;][vc_column]<div class=\"templatera_shortcode\"><div data-vc-full-width=\"true\" data-vc-full-width-init=\"false\" class=\"vc_row wpb_row vc_row-fluid border-t vc_custom_1670178810630 wpex-vc_row-has-fill wpex-vc-row-stretched\" style=\"background-position:center center !important;\"><div class=\"wpb_column vc_column_container vc_col-sm-12\"><div class=\"vc_column-inner\"><div class=\"wpb_wrapper\"><div class=\"vc_row wpb_row vc_inner vc_row-fluid\"><div class=\"wpb_column maxw-400px object-center vc_column_container vc_col-sm-12\"><div class=\"vc_column-inner\"><div class=\"wpb_wrapper\">\n\t<div class=\"wpb_text_column wpb_content_element \" >\n\t\t<div class=\"wpb_wrapper\">\n\t\t\t<h2 style=\"text-align: center;\">El software de sorteo f\u00e1cil<\/h2>\n\n\t\t<\/div>\n\t<\/div>\n<div class=\"vc_custom_1736545215668 wpex-clr\"><a href=\"https:\/\/game.boomboomshot.com\/signup\" class=\"vcex-button theme-button inline button-primary w-100 maxw-430px m-x-auto\"><span class=\"theme-button-inner\">Empezar (gratis)<span class=\"vcex-icon-wrap theme-button-icon-right\"><span class=\"ticon ticon-long-arrow-right\" aria-hidden=\"true\"><\/span><\/span><\/span><\/a><\/div> <\/div><\/div><\/div><\/div><\/div><\/div><\/div><\/div><div class=\"vc_row-full-width vc_clearfix\"><\/div><\/div>[\/vc_column][\/vc_row]\n","protected":false},"excerpt":{"rendered":"Agrega diversi\u00f3n a tu Usa el sorteo para darle sabor a tus noches con Boom Boom Shot. Empezar (gratis) Iniciar sesi\u00f3n Boom Boom Shot es una plataforma en l\u00ednea para organizar sorteos y distribuir regalos en tus fiestas. \u00a1Impresiona a&hellip;","protected":false},"author":1,"featured_media":0,"parent":0,"menu_order":0,"comment_status":"closed","ping_status":"closed","template":"templates\/no-sidebar.php","meta":{"footnotes":""},"class_list":["post-4609","page","type-page","status-publish","hentry","entry","no-media"],"_links":{"self":[{"href":"https:\/\/boomboomshot.com\/es\/wp-json\/wp\/v2\/pages\/4609","targetHints":{"allow":["GET"]}}],"collection":[{"href":"https:\/\/boomboomshot.com\/es\/wp-json\/wp\/v2\/pages"}],"about":[{"href":"https:\/\/boomboomshot.com\/es\/wp-json\/wp\/v2\/types\/page"}],"author":[{"embeddable":true,"href":"https:\/\/boomboomshot.com\/es\/wp-json\/wp\/v2\/users\/1"}],"replies":[{"embeddable":true,"href":"https:\/\/boomboomshot.com\/es\/wp-json\/wp\/v2\/comments?post=4609"}],"version-history":[{"count":6,"href":"https:\/\/boomboomshot.com\/es\/wp-json\/wp\/v2\/pages\/4609\/revisions"}],"predecessor-version":[{"id":4902,"href":"https:\/\/boomboomshot.com\/es\/wp-json\/wp\/v2\/pages\/4609\/revisions\/4902"}],"wp:attachment":[{"href":"https:\/\/boomboomshot.com\/es\/wp-json\/wp\/v2\/media?parent=4609"}],"curies":[{"name":"wp","href":"https:\/\/api.w.org\/{rel}","templated":true}]}}