{"id":4622,"date":"2023-12-05T22:14:01","date_gmt":"2023-12-05T21:14:01","guid":{"rendered":"https:\/\/boomboomshot.com\/caracteristicas\/"},"modified":"2025-01-10T22:40:58","modified_gmt":"2025-01-10T21:40:58","slug":"caracteristicas","status":"publish","type":"page","link":"https:\/\/boomboomshot.com\/es\/caracteristicas\/","title":{"rendered":"Caracter\u00edsticas"},"content":{"rendered":"[vc_row full_width=\u00bbstretch_row_content\u00bb content_placement=\u00bbmiddle\u00bb parallax=\u00bbcontent-moving\u00bb tablet_fullwidth_cols=\u00bbyes\u00bb css=\u00bb.vc_custom_1670105788053{padding-top: 2rem !important;padding-bottom: 4rem !important;background: #24272b url(https:\/\/boomboomshot.com\/wp-content\/uploads\/2022\/12\/cta-bg-cover.webp?id=2783);background-position: center;background-repeat: no-repeat !important;background-size: cover !important;}\u00bb el_class=\u00bbz-index-1 border-b is-justify-center\u00bb][vc_column el_class=\u00bbmaxw-800px m-t-\u221e md:m-t-\u2021\u00bb][vc_column_text css=\u00bb.vc_custom_1670766051012{margin-bottom: 2rem !important;}\u00bb]\n<h1 style=\"text-align: center;\">La aplicaci\u00f3n de sorteos m\u00e1s completa del mercado<\/h1>\n[\/vc_column_text][vc_column_text font_size=\u00bb1.1rem\u00bb]\n<p style=\"text-align: center;\">Algoritmo de selecci\u00f3n, pantallas m\u00faltiples en tiempo real, autoinscripci\u00f3n de jugadores, la aplicaci\u00f3n de sorteos para fiestas y bares Boom Boom Shot es una concentraci\u00f3n de tecnolog\u00eda.<\/p>\n[\/vc_column_text][\/vc_column][\/vc_row][vc_row full_width=\u00bbstretch_row\u00bb content_placement=\u00bbmiddle\u00bb css=\u00bb.vc_custom_1670153566245{margin-top: 4rem !important;margin-bottom: 1rem !important;background-color: #24272b !important;}\u00bb][vc_column width=\u00bb2\/3&#8243;][vc_single_image image=\u00bb4628&#8243;][\/vc_column][vc_column width=\u00bb1\/3&#8243;][vc_column_text]\n<h2>Pantallas m\u00faltiples simult\u00e1neas<\/h2>\n<p>Ya sea en tableta, smartphone o computadora, los participantes pueden seguir en tiempo real el desarrollo del sorteo. La selecci\u00f3n de los ganadores puede ser experimentada en cualquier lugar, \u00a1hasta en el ba\u00f1o![\/vc_column_text]<a href=\"https:\/\/game.boomboomshot.com\/signup\" class=\"vcex-button theme-button inline m-t-\u2021 flex-inline-container\"><span class=\"theme-button-inner\">Empezar (gratis)<span class=\"vcex-icon-wrap theme-button-icon-right\"><span class=\"ticon ticon-long-arrow-right\" aria-hidden=\"true\"><\/span><\/span><\/span><\/a> [\/vc_column][\/vc_row][vc_row full_width=\u00bbstretch_row\u00bb content_placement=\u00bbmiddle\u00bb columns_right=\u00bbyes\u00bb css=\u00bb.vc_custom_1670106000325{margin-top: 1rem !important;margin-bottom: 1rem !important;background-color: #24272b !important;}\u00bb][vc_column width=\u00bb2\/3&#8243;][vc_single_image image=\u00bb4623&#8243;][\/vc_column][vc_column width=\u00bb1\/3&#8243;][vc_column_text]\n<h2>Personalizaci\u00f3n del sorteo<\/h2>\n<p>Adapta el juego a los colores de tu establecimiento y deja una impresi\u00f3n duradera en tus jugadores personalizando el logo y el fondo de la rueda.[\/vc_column_text]<a href=\"https:\/\/game.boomboomshot.com\/signup\" class=\"vcex-button theme-button inline m-t-\u2021 flex-inline-container\"><span class=\"theme-button-inner\">Empezar (gratis)<span class=\"vcex-icon-wrap theme-button-icon-right\"><span class=\"ticon ticon-long-arrow-right\" aria-hidden=\"true\"><\/span><\/span><\/span><\/a> [\/vc_column][\/vc_row][vc_row full_width=\u00bbstretch_row\u00bb content_placement=\u00bbmiddle\u00bb css=\u00bb.vc_custom_1713904932435{margin-top: 1rem !important;margin-bottom: 1rem !important;background-color: #24272b !important;}\u00bb][vc_column width=\u00bb2\/3&#8243;][vc_single_image image=\u00bb5371&#8243;][\/vc_column][vc_column width=\u00bb1\/3&#8243;][vc_column_text]\n<h2>Optimizaci\u00f3n de eventos con formularios din\u00e1micos<\/h2>\n<p>Transforma cada evento, desde ferias comerciales hasta festivales, en una oportunidad para enriquecer tu base de datos de clientes con Boom Boom Shot. Personaliza y captura datos esenciales de manera eficiente mediante nuestros formularios de inscripci\u00f3n. Exporta f\u00e1cilmente estos datos en formato CSV, compatible con Google Sheets, Microsoft Excel y otras herramientas de hoja de c\u00e1lculo, para potenciar tus campa\u00f1as de marketing de manera efectiva.[\/vc_column_text]<a href=\"https:\/\/game.boomboomshot.com\/signup\" class=\"vcex-button theme-button inline m-t-\u2021 flex-inline-container\"><span class=\"theme-button-inner\">Empezar (gratis)<span class=\"vcex-icon-wrap theme-button-icon-right\"><span class=\"ticon ticon-long-arrow-right\" aria-hidden=\"true\"><\/span><\/span><\/span><\/a> [\/vc_column][\/vc_row][vc_row full_width=\u00bbstretch_row\u00bb content_placement=\u00bbmiddle\u00bb columns_right=\u00bbyes\u00bb css=\u00bb.vc_custom_1713904949524{margin-top: 1rem !important;margin-bottom: 1rem !important;background-color: #24272b !important;}\u00bb][vc_column width=\u00bb2\/3&#8243;][vc_single_image image=\u00bb4635&#8243;][\/vc_column][vc_column width=\u00bb1\/3&#8243;][vc_column_text]\n<h2>Personaliza los premios<\/h2>\n<p>Agrega tus propios premios a los sorteos para hacer el evento a\u00fan m\u00e1s emocionante para tus participantes.[\/vc_column_text]<a href=\"https:\/\/game.boomboomshot.com\/signup\" class=\"vcex-button theme-button inline m-t-\u2021 flex-inline-container\"><span class=\"theme-button-inner\">Empezar (gratis)<span class=\"vcex-icon-wrap theme-button-icon-right\"><span class=\"ticon ticon-long-arrow-right\" aria-hidden=\"true\"><\/span><\/span><\/span><\/a> [\/vc_column][\/vc_row][vc_row full_width=\u00bbstretch_row\u00bb content_placement=\u00bbmiddle\u00bb css=\u00bb.vc_custom_1713904979916{margin-top: 1rem !important;margin-bottom: 1rem !important;background-color: #24272b !important;}\u00bb][vc_column width=\u00bb2\/3&#8243;][vc_single_image image=\u00bb4626&#8243;][\/vc_column][vc_column width=\u00bb1\/3&#8243;][vc_column_text]\n<h2>Algoritmo de selecci\u00f3n<\/h2>\n<p>Aunque Boom Boom Shot selecciona a los ganadores de manera totalmente aleatoria, se ha creado un algoritmo inteligente para que la designaci\u00f3n de los ganadores sea experimentada positivamente por la mayor cantidad de participantes.[\/vc_column_text]<a href=\"https:\/\/game.boomboomshot.com\/signup\" class=\"vcex-button theme-button inline m-t-\u2021 flex-inline-container\"><span class=\"theme-button-inner\">Empezar (gratis)<span class=\"vcex-icon-wrap theme-button-icon-right\"><span class=\"ticon ticon-long-arrow-right\" aria-hidden=\"true\"><\/span><\/span><\/span><\/a> [\/vc_column][\/vc_row][vc_row full_width=\u00bbstretch_row\u00bb content_placement=\u00bbmiddle\u00bb columns_right=\u00bbyes\u00bb css=\u00bb.vc_custom_1713905005358{margin-top: 1rem !important;margin-bottom: 1rem !important;background-color: #24272b !important;}\u00bb][vc_column width=\u00bb2\/3&#8243;][vc_single_image image=\u00bb4624&#8243;][\/vc_column][vc_column width=\u00bb1\/3&#8243;][vc_column_text]\n<h2>Autoinscripci\u00f3n de los participantes<\/h2>\n<p>Con Boom Boom Shot, los participantes de tu sorteo se inscriben por s\u00ed mismos usando su tel\u00e9fono m\u00f3vil.[\/vc_column_text]<a href=\"https:\/\/game.boomboomshot.com\/signup\" class=\"vcex-button theme-button inline m-t-\u2021 flex-inline-container\"><span class=\"theme-button-inner\">Empezar (gratis)<span class=\"vcex-icon-wrap theme-button-icon-right\"><span class=\"ticon ticon-long-arrow-right\" aria-hidden=\"true\"><\/span><\/span><\/span><\/a> [\/vc_column][\/vc_row][vc_row full_width=\u00bbstretch_row\u00bb content_placement=\u00bbmiddle\u00bb css=\u00bb.vc_custom_1713905088627{margin-top: 1rem !important;margin-bottom: 1rem !important;background-color: #24272b !important;}\u00bb][vc_column width=\u00bb2\/3&#8243;][vc_single_image image=\u00bb4631&#8243;][\/vc_column][vc_column width=\u00bb1\/3&#8243;][vc_column_text]\n<h2>Un ganador o varios<\/h2>\n<p>La rueda de sorteo de Boom Boom Shot generalmente elige un \u00fanico ganador, pero a veces puede ser m\u00e1s generosa y designar hasta 10 elegidos. Tienes la posibilidad de ajustar f\u00e1cilmente el n\u00famero m\u00e1ximo de jugadores seleccionados con un simple deslizador.[\/vc_column_text]<a href=\"https:\/\/game.boomboomshot.com\/signup\" class=\"vcex-button theme-button inline m-t-\u2021 flex-inline-container\"><span class=\"theme-button-inner\">Empezar (gratis)<span class=\"vcex-icon-wrap theme-button-icon-right\"><span class=\"ticon ticon-long-arrow-right\" aria-hidden=\"true\"><\/span><\/span><\/span><\/a> [\/vc_column][\/vc_row][vc_row full_width=\u00bbstretch_row\u00bb content_placement=\u00bbmiddle\u00bb columns_right=\u00bbyes\u00bb css=\u00bb.vc_custom_1713905101108{margin-top: 1rem !important;margin-bottom: 1rem !important;background-color: #24272b !important;}\u00bb][vc_column width=\u00bb2\/3&#8243;][vc_single_image image=\u00bb4630&#8243;][\/vc_column][vc_column width=\u00bb1\/3&#8243;][vc_column_text]\n<h2>Configuraci\u00f3n de lanzamiento de la rueda<\/h2>\n<p>Ajusta el ritmo del sorteo al ambiente del lugar eligiendo entre 3 tipos de lanzamiento de la rueda:<\/p>\n<ul>\n<li><strong>Cuenta atr\u00e1s<\/strong>: establece el n\u00famero de minutos entre cada lanzamiento autom\u00e1tico de la rueda.<\/li>\n<li><strong>Aleatorio<\/strong>: crea sorpresa dejando que la rueda se lance aleatoriamente entre dos intervalos de tiempo.<\/li>\n<li><strong>Manual<\/strong>: lanza la rueda manualmente.<\/li>\n<\/ul>\n[\/vc_column_text]<a href=\"https:\/\/game.boomboomshot.com\/signup\" class=\"vcex-button theme-button inline m-t-\u2021 flex-inline-container\"><span class=\"theme-button-inner\">Empezar (gratis)<span class=\"vcex-icon-wrap theme-button-icon-right\"><span class=\"ticon ticon-long-arrow-right\" aria-hidden=\"true\"><\/span><\/span><\/span><\/a> [\/vc_column][\/vc_row][vc_row full_width=\u00bbstretch_row\u00bb content_placement=\u00bbmiddle\u00bb css=\u00bb.vc_custom_1670106019409{margin-top: 1rem !important;margin-bottom: 1rem !important;background-color: #24272b !important;}\u00bb][vc_column width=\u00bb2\/3&#8243;][vc_single_image image=\u00bb4632&#8243;][\/vc_column][vc_column width=\u00bb1\/3&#8243;][vc_column_text]\n<h2>Notificaci\u00f3n a los ganadores<\/h2>\n<p>Activando esta opci\u00f3n, Boom Boom Shot env\u00eda un email al ganador de cada sorteo. As\u00ed, los participantes de tu sorteo no necesitan permanecer en el lugar en todo momento: pueden simplemente inscribirse y luego ir a donde quieran. Si son seleccionados, Boom Boom Shot se encargar\u00e1 de enviarles un email. Entonces tendr\u00e1n que volver al administrador (t\u00fa) para recoger su premio. Esta opci\u00f3n es opcional en caso de que prefieras que tu p\u00fablico permanezca cerca.[\/vc_column_text]<a href=\"https:\/\/game.boomboomshot.com\/signup\" class=\"vcex-button theme-button inline m-t-\u2021 flex-inline-container\"><span class=\"theme-button-inner\">Empezar (gratis)<span class=\"vcex-icon-wrap theme-button-icon-right\"><span class=\"ticon ticon-long-arrow-right\" aria-hidden=\"true\"><\/span><\/span><\/span><\/a> [\/vc_column][\/vc_row][vc_row full_width=\u00bbstretch_row\u00bb content_placement=\u00bbmiddle\u00bb columns_right=\u00bbyes\u00bb css=\u00bb.vc_custom_1670106022907{margin-top: 1rem !important;margin-bottom: 1rem !important;background-color: #24272b !important;}\u00bb][vc_column width=\u00bb2\/3&#8243;][vc_single_image image=\u00bb4625&#8243;][\/vc_column][vc_column width=\u00bb1\/3&#8243;][vc_column_text]\n<h2>Email marketing<\/h2>\n<p>Mientras los participantes recuerdan la emoci\u00f3n de tu sorteo, reciben un email agradeci\u00e9ndoles su participaci\u00f3n. Este email puede ser personalizado para tener un impacto de marketing, promocional, de fidelizaci\u00f3n o cualquier otro enfoque que consideres oportuno.[\/vc_column_text]<a href=\"https:\/\/game.boomboomshot.com\/signup\" class=\"vcex-button theme-button inline m-t-\u2021 flex-inline-container\"><span class=\"theme-button-inner\">Empezar (gratis)<span class=\"vcex-icon-wrap theme-button-icon-right\"><span class=\"ticon ticon-long-arrow-right\" aria-hidden=\"true\"><\/span><\/span><\/span><\/a> [\/vc_column][\/vc_row][vc_row full_width=\u00bbstretch_row\u00bb content_placement=\u00bbmiddle\u00bb css=\u00bb.vc_custom_1696969974473{margin-top: 1rem !important;margin-bottom: 1rem !important;background-color: #24272b !important;}\u00bb][vc_column width=\u00bb2\/3&#8243;][vc_single_image image=\u00bb4634&#8243;][\/vc_column][vc_column width=\u00bb1\/3&#8243;][vc_column_text]\n<h2>Biblioteca de avatares<\/h2>\n<p>Personaliza las im\u00e1genes de perfil de los participantes de tus sorteos para dar a tu marca una presencia a\u00fan m\u00e1s visible.[\/vc_column_text]<a href=\"https:\/\/game.boomboomshot.com\/signup\" class=\"vcex-button theme-button inline m-t-\u2021 flex-inline-container\"><span class=\"theme-button-inner\">Empezar (gratis)<span class=\"vcex-icon-wrap theme-button-icon-right\"><span class=\"ticon ticon-long-arrow-right\" aria-hidden=\"true\"><\/span><\/span><\/span><\/a> [\/vc_column][\/vc_row][vc_row full_width=\u00bbstretch_row\u00bb content_placement=\u00bbmiddle\u00bb columns_right=\u00bbyes\u00bb css=\u00bb.vc_custom_1696969979541{margin-top: 1rem !important;margin-bottom: 1rem !important;background-color: #24272b !important;}\u00bb][vc_column width=\u00bb2\/3&#8243;][vc_single_image image=\u00bb4629&#8243;][\/vc_column][vc_column width=\u00bb1\/3&#8243;][vc_column_text]\n<h2>Enlaces a redes sociales<\/h2>\n<p>Proporciona a los jugadores acceso directo a tus redes sociales desde la rueda y aumenta tu n\u00famero de seguidores y likes. Tambi\u00e9n tienes la posibilidad de poner un enlace r\u00e1pido a tu carta de bebidas y un enlace a tu sitio web. Por el momento, Boom Boom Shot permite vincular los siguientes elementos:<\/p>\n<ul>\n<li>Google Maps<\/li>\n<li>Facebook<\/li>\n<li>Instagram<\/li>\n<li>Sitio Web<\/li>\n<li>Carta de bebidas<\/li>\n<\/ul>\n[\/vc_column_text]<a href=\"https:\/\/game.boomboomshot.com\/signup\" class=\"vcex-button theme-button inline m-t-\u2021 flex-inline-container\"><span class=\"theme-button-inner\">Empezar (gratis)<span class=\"vcex-icon-wrap theme-button-icon-right\"><span class=\"ticon ticon-long-arrow-right\" aria-hidden=\"true\"><\/span><\/span><\/span><\/a> [\/vc_column][\/vc_row][vc_row full_width=\u00bbstretch_row\u00bb content_placement=\u00bbmiddle\u00bb css=\u00bb.vc_custom_1670250518425{margin-top: 1rem !important;margin-bottom: 1rem !important;background-color: #24272b !important;}\u00bb][vc_column width=\u00bb2\/3&#8243;][vc_single_image image=\u00bb4627&#8243;][\/vc_column][vc_column width=\u00bb1\/3&#8243;][vc_column_text]\n<h2>Reproductor multimedia<\/h2>\n<p>Para que tu ambiente musical y los sonidos de Boom Boom Shot est\u00e9n en armon\u00eda, tienes la posibilidad de integrar videos y listas de reproducci\u00f3n de audio directamente en el juego con YouTube, Spotify o Deezer. Cabe destacar que la app pone en pausa la reproducci\u00f3n al lanzar la rueda para atraer la atenci\u00f3n de toda la audiencia (solo en YouTube).[\/vc_column_text]<a href=\"https:\/\/game.boomboomshot.com\/signup\" class=\"vcex-button theme-button inline m-t-\u2021 flex-inline-container\"><span class=\"theme-button-inner\">Empezar (gratis)<span class=\"vcex-icon-wrap theme-button-icon-right\"><span class=\"ticon ticon-long-arrow-right\" aria-hidden=\"true\"><\/span><\/span><\/span><\/a> [\/vc_column][\/vc_row][vc_row css=\u00bb.vc_custom_1670441423277{margin-top: 4rem !important;}\u00bb el_class=\u00bbvc_column-inner-m-b-0&#8243;][vc_column]<div class=\"templatera_shortcode\"><div data-vc-full-width=\"true\" data-vc-full-width-init=\"false\" class=\"vc_row wpb_row vc_row-fluid border-t vc_custom_1670178810630 wpex-vc_row-has-fill wpex-vc-row-stretched\" style=\"background-position:center center !important;\"><div class=\"wpb_column vc_column_container vc_col-sm-12\"><div class=\"vc_column-inner\"><div class=\"wpb_wrapper\"><div class=\"vc_row wpb_row vc_inner vc_row-fluid\"><div class=\"wpb_column maxw-400px object-center vc_column_container vc_col-sm-12\"><div class=\"vc_column-inner\"><div class=\"wpb_wrapper\">\n\t<div class=\"wpb_text_column wpb_content_element \" >\n\t\t<div class=\"wpb_wrapper\">\n\t\t\t<h2 style=\"text-align: center;\">El software de sorteo f\u00e1cil<\/h2>\n\n\t\t<\/div>\n\t<\/div>\n<div class=\"vc_custom_1736545215668 wpex-clr\"><a href=\"https:\/\/game.boomboomshot.com\/signup\" class=\"vcex-button theme-button inline button-primary w-100 maxw-430px m-x-auto\"><span class=\"theme-button-inner\">Empezar (gratis)<span class=\"vcex-icon-wrap theme-button-icon-right\"><span class=\"ticon ticon-long-arrow-right\" aria-hidden=\"true\"><\/span><\/span><\/span><\/a><\/div> <\/div><\/div><\/div><\/div><\/div><\/div><\/div><\/div><div class=\"vc_row-full-width vc_clearfix\"><\/div><\/div>[\/vc_column][\/vc_row]\n","protected":false},"excerpt":{"rendered":"La aplicaci\u00f3n de sorteos m\u00e1s completa del mercado Algoritmo de selecci\u00f3n, pantallas m\u00faltiples en tiempo real, autoinscripci\u00f3n de jugadores, la aplicaci\u00f3n de sorteos para fiestas y bares Boom Boom Shot es una concentraci\u00f3n de tecnolog\u00eda. Pantallas m\u00faltiples simult\u00e1neas Ya sea&hellip;","protected":false},"author":1,"featured_media":0,"parent":0,"menu_order":0,"comment_status":"closed","ping_status":"closed","template":"templates\/no-sidebar.php","meta":{"footnotes":""},"class_list":["post-4622","page","type-page","status-publish","hentry","entry","no-media"],"_links":{"self":[{"href":"https:\/\/boomboomshot.com\/es\/wp-json\/wp\/v2\/pages\/4622","targetHints":{"allow":["GET"]}}],"collection":[{"href":"https:\/\/boomboomshot.com\/es\/wp-json\/wp\/v2\/pages"}],"about":[{"href":"https:\/\/boomboomshot.com\/es\/wp-json\/wp\/v2\/types\/page"}],"author":[{"embeddable":true,"href":"https:\/\/boomboomshot.com\/es\/wp-json\/wp\/v2\/users\/1"}],"replies":[{"embeddable":true,"href":"https:\/\/boomboomshot.com\/es\/wp-json\/wp\/v2\/comments?post=4622"}],"version-history":[{"count":12,"href":"https:\/\/boomboomshot.com\/es\/wp-json\/wp\/v2\/pages\/4622\/revisions"}],"predecessor-version":[{"id":5884,"href":"https:\/\/boomboomshot.com\/es\/wp-json\/wp\/v2\/pages\/4622\/revisions\/5884"}],"wp:attachment":[{"href":"https:\/\/boomboomshot.com\/es\/wp-json\/wp\/v2\/media?parent=4622"}],"curies":[{"name":"wp","href":"https:\/\/api.w.org\/{rel}","templated":true}]}}