{"id":4679,"date":"2023-12-05T22:51:57","date_gmt":"2023-12-05T21:51:57","guid":{"rendered":"https:\/\/boomboomshot.com\/contacto\/"},"modified":"2023-12-05T22:51:57","modified_gmt":"2023-12-05T21:51:57","slug":"contacto","status":"publish","type":"page","link":"https:\/\/boomboomshot.com\/es\/contacto\/","title":{"rendered":"Contacto"},"content":{"rendered":"[vc_row full_width=\u00bbstretch_row\u00bb parallax=\u00bbcontent-moving\u00bb parallax_image=\u00bb158&#8243; parallax_speed_bg=\u00bb1.1&#8243; wpex_bg_overlay=\u00bbcustom\u00bb css=\u00bb.vc_custom_1624995763606{padding-top: 6rem !important;padding-bottom: 4rem !important;}\u00bb][vc_column][vc_row_inner][vc_column_inner][vc_column_text css=\u00bb.vc_custom_1701813036340{padding-bottom: 2rem !important;}\u00bb]\n<h1 style=\"text-align: center;\">Contacto<\/h1>\n[\/vc_column_text][\/vc_column_inner][\/vc_row_inner][vc_row_inner el_class=\u00bbbox border-radius-lg maxw-400px object-center\u00bb][vc_column_inner][vc_column_text css=\u00bb.vc_custom_1672678781580{padding-top: 2rem !important;padding-bottom: 2rem !important;}\u00bb]\n<p style=\"text-align: center;\">\u00bfTienes alguna pregunta o comentario? Nos encantar\u00eda hablar contigo. Cont\u00e1ctanos en la direcci\u00f3n de correo electr\u00f3nico a continuaci\u00f3n o a trav\u00e9s de las redes sociales.<\/p>\n[\/vc_column_text][vc_raw_html el_class=\u00bbmaxw-300px object-center\u00bb]PHNjcmlwdCB0eXBlPSJ0ZXh0L2phdmFzY3JpcHQiPjwhLS0vKiBHZW5lcmF0ZWQgYnkgd3d3LmVtYWlsLWVuY29kZXIuY29tICovDQpmb3IodmFyIHR0cnJpZz1bIllnIiwiY2ciLCJMUSIsImJ3IiwiSUEiLCJhUSIsIkxnIiwiYlEiLCJZdyIsImRRIiwiUGciLCJiQSIsImJ3IiwiWXciLCJZdyIsIkx3IiwiYnciLCJRQSIsImJRIiwiSWciLCJjZyIsIlpRIiwiYnciLCJjdyIsImJnIiwiUEEiLCJidyIsIllRIiwiWWciLCJQQSIsImRBIiwiTFEiLCJZZyIsImFRIiwiUUEiLCJiZyIsIklBIiwiYlEiLCJiUSIsIllnIiwiSWciLCJZUSIsImJRIiwiY0EiLCJkQSIsImRBIiwiYnciLCJkQSIsImVRIiwiYUEiLCJiZyIsImJnIiwiZEEiLCJhUSIsIllRIiwiWXciLCJiZyIsIllRIiwiYnciLCJkQSIsIklBIiwiWVEiLCJZUSIsIllnIiwiT2ciLCJZZyIsIllRIiwiZFEiLCJJZyIsImJBIiwiYnciLCJaUSIsIlBRIiwiUFEiLCJiUSIsImJnIiwiYnciLCJhUSIsImJ3IiwiSUEiLCJiUSIsImN3IiwiYUEiLCJkQSIsImRBIiwiWmciLCJidyIsIlpRIiwiYnciLCJZdyIsImNnIiwiWXciLCJidyIsImN3IiwiYnciLCJiUSIsImRBIiwiSWciLCJhQSIsImJ3IiwiY3ciLCJiUSIsImFBIiwiTGciLCJkQSIsIll3IiwiYnciLCJidyIsImJBIiwiWlEiLCJkQSIsImRBIiwiUGciXSxhaXBwZnE9WzI0LDQsNTQsMTA3LDYxLDc4LDM2LDEwMCwxMDYsNzAsODQsMTIsMjYsODUsOTAsMTEwLDI1LDIzLDUyLDgzLDgxLDUxLDczLDQ2LDYwLDEwOSw5OCw4MCw1NSwwLDM1LDc1LDkzLDYyLDkyLDE4LDY4LDMxLDI3LDI4LDgsMTExLDM5LDc2LDkxLDg4LDM0LDcyLDgyLDMsNjYsNjMsMjIsNjUsMTAsMjEsNzQsODksMzgsMTksMiw0NCwxLDY5LDE1LDk3LDIwLDU2LDQ4LDY0LDE0LDY3LDcsNDcsMTA4LDg3LDU5LDExLDk1LDQxLDc5LDQ1LDEwMiw1OCw3MSw2LDI5LDUzLDEwMywxNiw3Nyw0Miw5NCwzMiwxNyw5NiwxMyw0MCwzMyw5OSwxMDEsOSw1MCwxMDUsNTcsMzcsMzAsODYsNDMsNSwxMDQsNDksMTEyXSxtZG9qdGI9bmV3IEFycmF5LGk9MDtpPGFpcHBmcS5sZW5ndGg7aSsrKW1kb2p0YlthaXBwZnFbaV1dPXR0cnJpZ1tpXTtmb3IodmFyIGk9MDtpPG1kb2p0Yi5sZW5ndGg7aSsrKWRvY3VtZW50LndyaXRlKGF0b2IobWRvanRiW2ldKyI9PSIpKTsNCi8vIC0tPjwvc2NyaXB0Pjxub3NjcmlwdD5QbGVhc2UgZW5hYmxlIEphdmFTY3JpcHQgdG8gc2VlIHRoZSBlbWFpbCBhZGRyZXNzICg8YSBocmVmPSJodHRwczovL3d3dy5lbWFpbC1lbmNvZGVyLmNvbS9lbmFibGVqcy8iIHRhcmdldD0iX2JsYW5rIiByZWw9Im5vb3BlbmVyIG5vcmVmZXJyZXIiPkhvdy10bzwvYT4pLjwvbm9zY3JpcHQ+[\/vc_raw_html][\/vc_column_inner][\/vc_row_inner][\/vc_column][\/vc_row]\n","protected":false},"excerpt":{"rendered":"<p>[vc_row full_width=\u00bbstretch_row\u00bb parallax=\u00bbcontent-moving\u00bb parallax_image=\u00bb158&#8243; parallax_speed_bg=\u00bb1.1&#8243; wpex_bg_overlay=\u00bbcustom\u00bb css=\u00bb.vc_custom_1624995763606{padding-top: 6rem !important;padding-bottom: 4rem !important;}\u00bb][vc_column][vc_row_inner][vc_column_inner][vc_column_text css=\u00bb.vc_custom_1701813036340{padding-bottom: 2rem !important;}\u00bb] Contacto [\/vc_column_text][\/vc_column_inner][\/vc_row_inner][vc_row_inner el_class=\u00bbbox border-radius-lg maxw-400px object-center\u00bb][vc_column_inner][vc_column_text css=\u00bb.vc_custom_1672678781580{padding-top: 2rem !important;padding-bottom: 2rem !important;}\u00bb] \u00bfTienes alguna pregunta o comentario? Nos encantar\u00eda hablar contigo. Cont\u00e1ctanos en la direcci\u00f3n de correo&hellip;<\/p>\n","protected":false},"author":1,"featured_media":0,"parent":0,"menu_order":0,"comment_status":"closed","ping_status":"closed","template":"templates\/no-sidebar.php","meta":{"footnotes":""},"class_list":["post-4679","page","type-page","status-publish","hentry","entry","no-media"],"_links":{"self":[{"href":"https:\/\/boomboomshot.com\/es\/wp-json\/wp\/v2\/pages\/4679","targetHints":{"allow":["GET"]}}],"collection":[{"href":"https:\/\/boomboomshot.com\/es\/wp-json\/wp\/v2\/pages"}],"about":[{"href":"https:\/\/boomboomshot.com\/es\/wp-json\/wp\/v2\/types\/page"}],"author":[{"embeddable":true,"href":"https:\/\/boomboomshot.com\/es\/wp-json\/wp\/v2\/users\/1"}],"replies":[{"embeddable":true,"href":"https:\/\/boomboomshot.com\/es\/wp-json\/wp\/v2\/comments?post=4679"}],"version-history":[{"count":2,"href":"https:\/\/boomboomshot.com\/es\/wp-json\/wp\/v2\/pages\/4679\/revisions"}],"predecessor-version":[{"id":4681,"href":"https:\/\/boomboomshot.com\/es\/wp-json\/wp\/v2\/pages\/4679\/revisions\/4681"}],"wp:attachment":[{"href":"https:\/\/boomboomshot.com\/es\/wp-json\/wp\/v2\/media?parent=4679"}],"curies":[{"name":"wp","href":"https:\/\/api.w.org\/{rel}","templated":true}]}}