{"id":4696,"date":"2023-12-05T23:04:22","date_gmt":"2023-12-05T22:04:22","guid":{"rendered":"https:\/\/boomboomshot.com\/blog\/"},"modified":"2023-12-05T23:04:22","modified_gmt":"2023-12-05T22:04:22","slug":"blog","status":"publish","type":"page","link":"https:\/\/boomboomshot.com\/es\/blog\/","title":{"rendered":"Blog"},"content":{"rendered":"[vc_row full_width=\u00bbstretch_row\u00bb parallax=\u00bbcontent-moving\u00bb parallax_speed_bg=\u00bb1.1&#8243; css=\u00bb.vc_custom_1636390333891{padding-top: 4rem !important;padding-bottom: 4rem !important;background-image: url(https:\/\/boomboomshot.com\/wp-content\/uploads\/2021\/10\/arena_bg_4-scaled.jpg?id=1880) !important;}\u00bb][vc_column][vc_row_inner][vc_column_inner][vc_column_text css=\u00bb.vc_custom_1701813760845{margin-bottom: 2rem !important;}\u00bb]\n<h1 style=\"text-align: center;\">Blog<\/h1>\n[\/vc_column_text][\/vc_column_inner][\/vc_row_inner]<div class=\"vcex-module vcex-blog-grid-wrap wpex-clr\"><div class=\"wpex-row vcex-blog-grid wpex-clr entries\"><div class=\"vcex-blog-entry vcex-grid-item entry-has-details span_1_of_2 col-1 col post-6145 entry type-post has-media cat-49 translation_priority-50\"><div class=\"vcex-blog-entry-inner entry-inner wpex-first-mt-0 wpex-last-mb-0 wpex-clr\"><div class=\"vcex-blog-entry-media entry-media wpex-rounded-0 wpex-mb-20\"><a href=\"https:\/\/boomboomshot.com\/es\/actualizacion-de-vuelta-al-cole-2025-sorteos-mas-inteligentes-seguros-y-atractivos\/\" title=\"Actualizaci\u00f3n de vuelta al cole 2025: sorteos m\u00e1s inteligentes, seguros y atractivos\"><img decoding=\"async\" loading=\"lazy\" class=\"vcex-blog-entry-img wpex-align-middle wpex-rounded-0\" src=\"https:\/\/boomboomshot.com\/wp-content\/uploads\/2025\/10\/blog_image-updates-2025-09-es-1024x341.webp\" alt=\"\" width=\"1024\" height=\"341\" \/><i class=\"wpex-thumbnail-format-icon wpex-block wpex-right-0 wpex-bottom-0 wpex-mr-15 wpex-mb-15 wpex-absolute wpex-text-white wpex-text-center wpex-leading-none wpex-opacity-0 wpex-onload-opacity-100\" aria-hidden=\"true\"><span class=\"ticon ticon-file-text-o\"><\/span><\/i><\/a><\/div><div class=\"vcex-blog-entry-details entry-details wpex-first-mt-0 wpex-last-mb-0 wpex-clr\"><h2 class=\"vcex-blog-entry-title entry-title wpex-mb-5\" style=\"font-size:1.75rem;line-height:1;\"><a href=\"https:\/\/boomboomshot.com\/es\/actualizacion-de-vuelta-al-cole-2025-sorteos-mas-inteligentes-seguros-y-atractivos\/\">Actualizaci\u00f3n de vuelta al cole 2025: sorteos m\u00e1s inteligentes, seguros y atractivos<\/a><\/h2><div class=\"vcex-blog-entry-date entry-date wpex-text-sm wpex-text-gray-600 wpex-mb-5\">5 de octubre de 2025<\/div><div class=\"vcex-blog-entry-excerpt entry-excerpt wpex-my-15 wpex-last-mb-0 wpex-clr\">Con nuestra nueva actualizaci\u00f3n de vuelta al cole, lanzamos funciones que te ofrecen m\u00e1s control, m\u00e1s flexibilidad y nuevas formas de involucrar a tus participantes \u2014 tanto si organizas un peque\u00f1o sorteo interno como un gran concurso en vivo.<\/div><div class=\"vcex-blog-entry-readmore-wrap entry-readmore-wrap wpex-my-15 wpex-clr\"><a href=\"https:\/\/boomboomshot.com\/es\/actualizacion-de-vuelta-al-cole-2025-sorteos-mas-inteligentes-seguros-y-atractivos\/\" class=\"theme-button\">Leer m\u00e1s<\/a><\/div><\/div><\/div><\/div><div class=\"vcex-blog-entry vcex-grid-item entry-has-details span_1_of_2 col-2 col post-6071 entry type-post has-media cat-49 translation_priority-50\"><div class=\"vcex-blog-entry-inner entry-inner wpex-first-mt-0 wpex-last-mb-0 wpex-clr\"><div class=\"vcex-blog-entry-media entry-media wpex-rounded-0 wpex-mb-20\"><a href=\"https:\/\/boomboomshot.com\/es\/sorteos-y-rifas-de-san-valentin-10-ideas-de-premios-irresistibles-para-tu-negocio\/\" title=\"Sorteos y rifas de San Valent\u00edn: 10 ideas de premios irresistibles para tu negocio\"><img decoding=\"async\" loading=\"lazy\" class=\"vcex-blog-entry-img wpex-align-middle wpex-rounded-0\" src=\"https:\/\/boomboomshot.com\/wp-content\/uploads\/2025\/02\/blog_image-Tirage-au-sort-10-ide\u0301es-de-cadeaux-pour-la-Saint-Valentin-2025-1024x341.webp\" alt=\"Application Tirage Au Sort En Ligne Saint Valentin\" width=\"1024\" height=\"341\" \/><i class=\"wpex-thumbnail-format-icon wpex-block wpex-right-0 wpex-bottom-0 wpex-mr-15 wpex-mb-15 wpex-absolute wpex-text-white wpex-text-center wpex-leading-none wpex-opacity-0 wpex-onload-opacity-100\" aria-hidden=\"true\"><span class=\"ticon ticon-file-text-o\"><\/span><\/i><\/a><\/div><div class=\"vcex-blog-entry-details entry-details wpex-first-mt-0 wpex-last-mb-0 wpex-clr\"><h2 class=\"vcex-blog-entry-title entry-title wpex-mb-5\" style=\"font-size:1.75rem;line-height:1;\"><a href=\"https:\/\/boomboomshot.com\/es\/sorteos-y-rifas-de-san-valentin-10-ideas-de-premios-irresistibles-para-tu-negocio\/\">Sorteos y rifas de San Valent\u00edn: 10 ideas de premios irresistibles para tu negocio<\/a><\/h2><div class=\"vcex-blog-entry-date entry-date wpex-text-sm wpex-text-gray-600 wpex-mb-5\">6 de febrero de 2025<\/div><div class=\"vcex-blog-entry-excerpt entry-excerpt wpex-my-15 wpex-last-mb-0 wpex-clr\"><p>El D\u00eda de San Valent\u00edn representa una oportunidad de oro para negocios de todos los&hellip;<\/p><\/div><div class=\"vcex-blog-entry-readmore-wrap entry-readmore-wrap wpex-my-15 wpex-clr\"><a href=\"https:\/\/boomboomshot.com\/es\/sorteos-y-rifas-de-san-valentin-10-ideas-de-premios-irresistibles-para-tu-negocio\/\" class=\"theme-button\">Leer m\u00e1s<\/a><\/div><\/div><\/div><\/div><div class=\"vcex-blog-entry vcex-grid-item entry-has-details span_1_of_2 col-1 col post-6000 entry type-post has-media cat-49 translation_priority-50\"><div class=\"vcex-blog-entry-inner entry-inner wpex-first-mt-0 wpex-last-mb-0 wpex-clr\"><div class=\"vcex-blog-entry-media entry-media wpex-rounded-0 wpex-mb-20\"><a href=\"https:\/\/boomboomshot.com\/es\/sorteos-para-empresas-como-organizar-promociones-exitosas\/\" title=\"Sorteos para empresas: c\u00f3mo organizar promociones exitosas\"><img decoding=\"async\" loading=\"lazy\" class=\"vcex-blog-entry-img wpex-align-middle wpex-rounded-0\" src=\"https:\/\/boomboomshot.com\/wp-content\/uploads\/2025\/01\/blog_image-Organiser-un-jeu-concours-par-tirage-au-sort-mode-demploi-1024x341.webp\" alt=\"Jeux Concours Par Tirage Au Sort Avec Boom Boom Shot\" width=\"1024\" height=\"341\" \/><i class=\"wpex-thumbnail-format-icon wpex-block wpex-right-0 wpex-bottom-0 wpex-mr-15 wpex-mb-15 wpex-absolute wpex-text-white wpex-text-center wpex-leading-none wpex-opacity-0 wpex-onload-opacity-100\" aria-hidden=\"true\"><span class=\"ticon ticon-file-text-o\"><\/span><\/i><\/a><\/div><div class=\"vcex-blog-entry-details entry-details wpex-first-mt-0 wpex-last-mb-0 wpex-clr\"><h2 class=\"vcex-blog-entry-title entry-title wpex-mb-5\" style=\"font-size:1.75rem;line-height:1;\"><a href=\"https:\/\/boomboomshot.com\/es\/sorteos-para-empresas-como-organizar-promociones-exitosas\/\">Sorteos para empresas: c\u00f3mo organizar promociones exitosas<\/a><\/h2><div class=\"vcex-blog-entry-date entry-date wpex-text-sm wpex-text-gray-600 wpex-mb-5\">25 de enero de 2025<\/div><div class=\"vcex-blog-entry-excerpt entry-excerpt wpex-my-15 wpex-last-mb-0 wpex-clr\"><p>Introducci\u00f3n Los sorteos y concursos son una herramienta extraordinaria para impulsar su actividad comercial, involucrar&hellip;<\/p><\/div><div class=\"vcex-blog-entry-readmore-wrap entry-readmore-wrap wpex-my-15 wpex-clr\"><a href=\"https:\/\/boomboomshot.com\/es\/sorteos-para-empresas-como-organizar-promociones-exitosas\/\" class=\"theme-button\">Leer m\u00e1s<\/a><\/div><\/div><\/div><\/div><div class=\"vcex-blog-entry vcex-grid-item entry-has-details span_1_of_2 col-2 col post-5932 entry type-post has-media cat-49 translation_priority-50\"><div class=\"vcex-blog-entry-inner entry-inner wpex-first-mt-0 wpex-last-mb-0 wpex-clr\"><div class=\"vcex-blog-entry-media entry-media wpex-rounded-0 wpex-mb-20\"><a href=\"https:\/\/boomboomshot.com\/es\/las-8-mejores-caracteristicas-de-un-software-de-sorteos-en-2025\/\" title=\"Las 8 mejores caracter\u00edsticas de un software de sorteos en 2025\"><img decoding=\"async\" loading=\"lazy\" class=\"vcex-blog-entry-img wpex-align-middle wpex-rounded-0\" src=\"https:\/\/boomboomshot.com\/wp-content\/uploads\/2025\/01\/blog_image-best-sweepstakes-solutions-in-2025-features-1024x341.webp\" alt=\"Boom Boom Shot Software Features\" width=\"1024\" height=\"341\" \/><i class=\"wpex-thumbnail-format-icon wpex-block wpex-right-0 wpex-bottom-0 wpex-mr-15 wpex-mb-15 wpex-absolute wpex-text-white wpex-text-center wpex-leading-none wpex-opacity-0 wpex-onload-opacity-100\" aria-hidden=\"true\"><span class=\"ticon ticon-file-text-o\"><\/span><\/i><\/a><\/div><div class=\"vcex-blog-entry-details entry-details wpex-first-mt-0 wpex-last-mb-0 wpex-clr\"><h2 class=\"vcex-blog-entry-title entry-title wpex-mb-5\" style=\"font-size:1.75rem;line-height:1;\"><a href=\"https:\/\/boomboomshot.com\/es\/las-8-mejores-caracteristicas-de-un-software-de-sorteos-en-2025\/\">Las 8 mejores caracter\u00edsticas de un software de sorteos en 2025<\/a><\/h2><div class=\"vcex-blog-entry-date entry-date wpex-text-sm wpex-text-gray-600 wpex-mb-5\">11 de enero de 2025<\/div><div class=\"vcex-blog-entry-excerpt entry-excerpt wpex-my-15 wpex-last-mb-0 wpex-clr\"><p>El a\u00f1o 2025 marca un punto de inflexi\u00f3n en la evoluci\u00f3n del software de sorteos.&hellip;<\/p><\/div><div class=\"vcex-blog-entry-readmore-wrap entry-readmore-wrap wpex-my-15 wpex-clr\"><a href=\"https:\/\/boomboomshot.com\/es\/las-8-mejores-caracteristicas-de-un-software-de-sorteos-en-2025\/\" class=\"theme-button\">Leer m\u00e1s<\/a><\/div><\/div><\/div><\/div><div class=\"vcex-blog-entry vcex-grid-item entry-has-details span_1_of_2 col-1 col post-5866 entry type-post has-media cat-49 translation_priority-50\"><div class=\"vcex-blog-entry-inner entry-inner wpex-first-mt-0 wpex-last-mb-0 wpex-clr\"><div class=\"vcex-blog-entry-media entry-media wpex-rounded-0 wpex-mb-20\"><a href=\"https:\/\/boomboomshot.com\/es\/actualizacion-de-invierno-2025-revolucionamos-los-sorteos-con-soluciones-flexibles\/\" title=\"Actualizaci\u00f3n de invierno 2025: revolucionamos los sorteos con soluciones flexibles\"><img decoding=\"async\" loading=\"lazy\" class=\"vcex-blog-entry-img wpex-align-middle wpex-rounded-0\" src=\"https:\/\/boomboomshot.com\/wp-content\/uploads\/2025\/01\/blog_image-updates-2025-01-es-1024x341.webp\" alt=\"Boom Boom Shot Invierno 2025 Update\" width=\"1024\" height=\"341\" \/><i class=\"wpex-thumbnail-format-icon wpex-block wpex-right-0 wpex-bottom-0 wpex-mr-15 wpex-mb-15 wpex-absolute wpex-text-white wpex-text-center wpex-leading-none wpex-opacity-0 wpex-onload-opacity-100\" aria-hidden=\"true\"><span class=\"ticon ticon-file-text-o\"><\/span><\/i><\/a><\/div><div class=\"vcex-blog-entry-details entry-details wpex-first-mt-0 wpex-last-mb-0 wpex-clr\"><h2 class=\"vcex-blog-entry-title entry-title wpex-mb-5\" style=\"font-size:1.75rem;line-height:1;\"><a href=\"https:\/\/boomboomshot.com\/es\/actualizacion-de-invierno-2025-revolucionamos-los-sorteos-con-soluciones-flexibles\/\">Actualizaci\u00f3n de invierno 2025: revolucionamos los sorteos con soluciones flexibles<\/a><\/h2><div class=\"vcex-blog-entry-date entry-date wpex-text-sm wpex-text-gray-600 wpex-mb-5\">6 de enero de 2025<\/div><div class=\"vcex-blog-entry-excerpt entry-excerpt wpex-my-15 wpex-last-mb-0 wpex-clr\"><p>\u00a1Arrancamos el 2025 con grandes novedades! Nos complace presentar una actualizaci\u00f3n revolucionaria de Boom Boom&hellip;<\/p><\/div><div class=\"vcex-blog-entry-readmore-wrap entry-readmore-wrap wpex-my-15 wpex-clr\"><a href=\"https:\/\/boomboomshot.com\/es\/actualizacion-de-invierno-2025-revolucionamos-los-sorteos-con-soluciones-flexibles\/\" class=\"theme-button\">Leer m\u00e1s<\/a><\/div><\/div><\/div><\/div><div class=\"vcex-blog-entry vcex-grid-item entry-has-details span_1_of_2 col-2 col post-5771 entry type-post has-media cat-49 translation_priority-50\"><div class=\"vcex-blog-entry-inner entry-inner wpex-first-mt-0 wpex-last-mb-0 wpex-clr\"><div class=\"vcex-blog-entry-media entry-media wpex-rounded-0 wpex-mb-20\"><a href=\"https:\/\/boomboomshot.com\/es\/calendario-de-adviento-digital-24-sorteos-para-hacer-brillar-tu-negocio-esta-navidad\/\" title=\"Calendario de adviento digital: \u00a124 sorteos para hacer brillar tu negocio esta Navidad!\"><img decoding=\"async\" loading=\"lazy\" class=\"vcex-blog-entry-img wpex-align-middle wpex-rounded-0\" src=\"https:\/\/boomboomshot.com\/wp-content\/uploads\/2024\/11\/blog_image-Calendrier-de-lAvent-digital-24-tirages-au-sort-pour-enchanter-vos-clients-pendant-les-fe\u0302tes--1024x341.webp\" alt=\"Xmas Sweepstakes\" width=\"1024\" height=\"341\" \/><i class=\"wpex-thumbnail-format-icon wpex-block wpex-right-0 wpex-bottom-0 wpex-mr-15 wpex-mb-15 wpex-absolute wpex-text-white wpex-text-center wpex-leading-none wpex-opacity-0 wpex-onload-opacity-100\" aria-hidden=\"true\"><span class=\"ticon ticon-file-text-o\"><\/span><\/i><\/a><\/div><div class=\"vcex-blog-entry-details entry-details wpex-first-mt-0 wpex-last-mb-0 wpex-clr\"><h2 class=\"vcex-blog-entry-title entry-title wpex-mb-5\" style=\"font-size:1.75rem;line-height:1;\"><a href=\"https:\/\/boomboomshot.com\/es\/calendario-de-adviento-digital-24-sorteos-para-hacer-brillar-tu-negocio-esta-navidad\/\">Calendario de adviento digital: \u00a124 sorteos para hacer brillar tu negocio esta Navidad!<\/a><\/h2><div class=\"vcex-blog-entry-date entry-date wpex-text-sm wpex-text-gray-600 wpex-mb-5\">20 de noviembre de 2024<\/div><div class=\"vcex-blog-entry-excerpt entry-excerpt wpex-my-15 wpex-last-mb-0 wpex-clr\"><p>\ud83c\udf84 El regalo perfecto para tu negocio esta Navidad \u00bfY si pudieras convertir diciembre en&hellip;<\/p><\/div><div class=\"vcex-blog-entry-readmore-wrap entry-readmore-wrap wpex-my-15 wpex-clr\"><a href=\"https:\/\/boomboomshot.com\/es\/calendario-de-adviento-digital-24-sorteos-para-hacer-brillar-tu-negocio-esta-navidad\/\" class=\"theme-button\">Leer m\u00e1s<\/a><\/div><\/div><\/div><\/div><div class=\"vcex-blog-entry vcex-grid-item entry-has-details span_1_of_2 col-1 col post-5710 entry type-post has-media cat-49 translation_priority-50\"><div class=\"vcex-blog-entry-inner entry-inner wpex-first-mt-0 wpex-last-mb-0 wpex-clr\"><div class=\"vcex-blog-entry-media entry-media wpex-rounded-0 wpex-mb-20\"><a href=\"https:\/\/boomboomshot.com\/es\/uso-de-sorteos-en-la-educacion-motivacion-y-aprendizaje-ludico\/\" title=\"Uso de Sorteos en la Educaci\u00f3n: Motivaci\u00f3n y Aprendizaje L\u00fadico\"><img decoding=\"async\" loading=\"lazy\" class=\"vcex-blog-entry-img wpex-align-middle wpex-rounded-0\" src=\"https:\/\/boomboomshot.com\/wp-content\/uploads\/2024\/07\/blog_image-Utiliser-les-tirages-au-sort-dans-le\u0301ducation-1024x341.webp\" alt=\"Utiliser Les Tirages Au Sort Dans L'\u00e9ducation : Motivation Et Apprentissage Ludique\" width=\"1024\" height=\"341\" \/><i class=\"wpex-thumbnail-format-icon wpex-block wpex-right-0 wpex-bottom-0 wpex-mr-15 wpex-mb-15 wpex-absolute wpex-text-white wpex-text-center wpex-leading-none wpex-opacity-0 wpex-onload-opacity-100\" aria-hidden=\"true\"><span class=\"ticon ticon-file-text-o\"><\/span><\/i><\/a><\/div><div class=\"vcex-blog-entry-details entry-details wpex-first-mt-0 wpex-last-mb-0 wpex-clr\"><h2 class=\"vcex-blog-entry-title entry-title wpex-mb-5\" style=\"font-size:1.75rem;line-height:1;\"><a href=\"https:\/\/boomboomshot.com\/es\/uso-de-sorteos-en-la-educacion-motivacion-y-aprendizaje-ludico\/\">Uso de Sorteos en la Educaci\u00f3n: Motivaci\u00f3n y Aprendizaje L\u00fadico<\/a><\/h2><div class=\"vcex-blog-entry-date entry-date wpex-text-sm wpex-text-gray-600 wpex-mb-5\">19 de julio de 2024<\/div><div class=\"vcex-blog-entry-excerpt entry-excerpt wpex-my-15 wpex-last-mb-0 wpex-clr\"><p>En un mundo donde el compromiso de los estudiantes es crucial para el \u00e9xito, los&hellip;<\/p><\/div><div class=\"vcex-blog-entry-readmore-wrap entry-readmore-wrap wpex-my-15 wpex-clr\"><a href=\"https:\/\/boomboomshot.com\/es\/uso-de-sorteos-en-la-educacion-motivacion-y-aprendizaje-ludico\/\" class=\"theme-button\">Leer m\u00e1s<\/a><\/div><\/div><\/div><\/div><div class=\"vcex-blog-entry vcex-grid-item entry-has-details span_1_of_2 col-2 col post-5699 entry type-post has-media cat-49 translation_priority-50\"><div class=\"vcex-blog-entry-inner entry-inner wpex-first-mt-0 wpex-last-mb-0 wpex-clr\"><div class=\"vcex-blog-entry-media entry-media wpex-rounded-0 wpex-mb-20\"><a href=\"https:\/\/boomboomshot.com\/es\/30-mejores-ideas-de-premios-para-tus-sorteos-por-industria-aumenta-el-engagement-ahora\/\" title=\"30 Mejores Ideas de Premios para tus Sorteos por Industria: \u00a1Aumenta el Engagement Ahora!\"><img decoding=\"async\" loading=\"lazy\" class=\"vcex-blog-entry-img wpex-align-middle wpex-rounded-0\" src=\"https:\/\/boomboomshot.com\/wp-content\/uploads\/2024\/07\/blog_image-Les-30-meilleures-ide\u0301es-de-lots-pour-vos-tirages-au-sort-par-secteur-dactivite\u0301-3-1024x341.webp\" alt=\"Raffle Sweepstakes Lots, Prix Id\u00e9es Cadeaux Tirage Au Sort\" width=\"1024\" height=\"341\" \/><i class=\"wpex-thumbnail-format-icon wpex-block wpex-right-0 wpex-bottom-0 wpex-mr-15 wpex-mb-15 wpex-absolute wpex-text-white wpex-text-center wpex-leading-none wpex-opacity-0 wpex-onload-opacity-100\" aria-hidden=\"true\"><span class=\"ticon ticon-file-text-o\"><\/span><\/i><\/a><\/div><div class=\"vcex-blog-entry-details entry-details wpex-first-mt-0 wpex-last-mb-0 wpex-clr\"><h2 class=\"vcex-blog-entry-title entry-title wpex-mb-5\" style=\"font-size:1.75rem;line-height:1;\"><a href=\"https:\/\/boomboomshot.com\/es\/30-mejores-ideas-de-premios-para-tus-sorteos-por-industria-aumenta-el-engagement-ahora\/\">30 Mejores Ideas de Premios para tus Sorteos por Industria: \u00a1Aumenta el Engagement Ahora!<\/a><\/h2><div class=\"vcex-blog-entry-date entry-date wpex-text-sm wpex-text-gray-600 wpex-mb-5\">18 de julio de 2024<\/div><div class=\"vcex-blog-entry-excerpt entry-excerpt wpex-my-15 wpex-last-mb-0 wpex-clr\"><p>Los sorteos son una forma fant\u00e1stica de involucrar a tu audiencia y atraer nuevos clientes.&hellip;<\/p><\/div><div class=\"vcex-blog-entry-readmore-wrap entry-readmore-wrap wpex-my-15 wpex-clr\"><a href=\"https:\/\/boomboomshot.com\/es\/30-mejores-ideas-de-premios-para-tus-sorteos-por-industria-aumenta-el-engagement-ahora\/\" class=\"theme-button\">Leer m\u00e1s<\/a><\/div><\/div><\/div><\/div><\/div><div class=\"wpex-pagination wpex-clear wpex-mt-30 wpex-clr\"><ul class='page-numbers'>\n\t<li><span aria-current=\"page\" class=\"page-numbers current\"><span class=\"screen-reader-text\">Page <\/span>1<\/span><\/li>\n\t<li><a class=\"page-numbers\" href=\"https:\/\/boomboomshot.com\/es\/wp-json\/wp\/v2\/pages\/4696\/page\/2\/\"><span class=\"screen-reader-text\">Page <\/span>2<\/a><\/li>\n\t<li><a class=\"page-numbers\" href=\"https:\/\/boomboomshot.com\/es\/wp-json\/wp\/v2\/pages\/4696\/page\/3\/\"><span class=\"screen-reader-text\">Page <\/span>3<\/a><\/li>\n\t<li><a class=\"next page-numbers\" href=\"https:\/\/boomboomshot.com\/es\/wp-json\/wp\/v2\/pages\/4696\/page\/2\/\"><span class=\"ticon ticon-angle-right\" aria-hidden=\"true\"><\/span><span class=\"screen-reader-text\">Siguiente<\/span><\/a><\/li>\n<\/ul>\n<\/div><\/div>[\/vc_column][\/vc_row][vc_row el_class=\u00bbvc_column-inner-m-b-0&#8243;][vc_column]<div class=\"templatera_shortcode\"><div data-vc-full-width=\"true\" data-vc-full-width-init=\"false\" class=\"vc_row wpb_row vc_row-fluid border-t vc_custom_1670178810630 wpex-vc_row-has-fill wpex-vc-row-stretched\" style=\"background-position:center center !important;\"><div class=\"wpb_column vc_column_container vc_col-sm-12\"><div class=\"vc_column-inner\"><div class=\"wpb_wrapper\"><div class=\"vc_row wpb_row vc_inner vc_row-fluid\"><div class=\"wpb_column maxw-400px object-center vc_column_container vc_col-sm-12\"><div class=\"vc_column-inner\"><div class=\"wpb_wrapper\">\n\t<div class=\"wpb_text_column wpb_content_element \" >\n\t\t<div class=\"wpb_wrapper\">\n\t\t\t<h2 style=\"text-align: center;\">El software de sorteo f\u00e1cil<\/h2>\n\n\t\t<\/div>\n\t<\/div>\n<div class=\"vc_custom_1736545215668 wpex-clr\"><a href=\"https:\/\/game.boomboomshot.com\/signup\" class=\"vcex-button theme-button inline button-primary w-100 maxw-430px m-x-auto\"><span class=\"theme-button-inner\">Empezar (gratis)<span class=\"vcex-icon-wrap theme-button-icon-right\"><span class=\"ticon ticon-long-arrow-right\" aria-hidden=\"true\"><\/span><\/span><\/span><\/a><\/div> <\/div><\/div><\/div><\/div><\/div><\/div><\/div><\/div><div class=\"vc_row-full-width vc_clearfix\"><\/div><\/div>[\/vc_column][\/vc_row]\n","protected":false},"excerpt":{"rendered":"Los sorteos son una forma fant\u00e1stica de involucrar a tu audiencia y atraer nuevos clientes. Sin embargo, el \u00e9xito de tu sorteo depende en gran medida del atractivo de los premios que ofreces. En este art\u00edculo, exploraremos las mejores ideas&hellip;","protected":false},"author":1,"featured_media":0,"parent":0,"menu_order":0,"comment_status":"closed","ping_status":"closed","template":"templates\/no-sidebar.php","meta":{"footnotes":""},"class_list":["post-4696","page","type-page","status-publish","hentry","entry","has-media"],"_links":{"self":[{"href":"https:\/\/boomboomshot.com\/es\/wp-json\/wp\/v2\/pages\/4696","targetHints":{"allow":["GET"]}}],"collection":[{"href":"https:\/\/boomboomshot.com\/es\/wp-json\/wp\/v2\/pages"}],"about":[{"href":"https:\/\/boomboomshot.com\/es\/wp-json\/wp\/v2\/types\/page"}],"author":[{"embeddable":true,"href":"https:\/\/boomboomshot.com\/es\/wp-json\/wp\/v2\/users\/1"}],"replies":[{"embeddable":true,"href":"https:\/\/boomboomshot.com\/es\/wp-json\/wp\/v2\/comments?post=4696"}],"version-history":[{"count":2,"href":"https:\/\/boomboomshot.com\/es\/wp-json\/wp\/v2\/pages\/4696\/revisions"}],"predecessor-version":[{"id":4700,"href":"https:\/\/boomboomshot.com\/es\/wp-json\/wp\/v2\/pages\/4696\/revisions\/4700"}],"wp:attachment":[{"href":"https:\/\/boomboomshot.com\/es\/wp-json\/wp\/v2\/media?parent=4696"}],"curies":[{"name":"wp","href":"https:\/\/api.w.org\/{rel}","templated":true}]}}