{"id":4786,"date":"2023-12-13T22:12:19","date_gmt":"2023-12-13T21:12:19","guid":{"rendered":"https:\/\/boomboomshot.com\/politica-de-reembolso\/"},"modified":"2023-12-13T22:12:19","modified_gmt":"2023-12-13T21:12:19","slug":"politica-de-reembolso","status":"publish","type":"page","link":"https:\/\/boomboomshot.com\/es\/politica-de-reembolso\/","title":{"rendered":"Pol\u00edtica de Reembolso"},"content":{"rendered":"[vc_row full_width=\u00bbstretch_row\u00bb wpex_bg_overlay=\u00bbcolor\u00bb css=\u00bb.vc_custom_1625000628046{padding-top: 6rem !important;padding-bottom: 4rem !important;}\u00bb wpex_bg_overlay_color=\u00bb#1a1c1f\u00bb][vc_column][vc_row_inner][vc_column_inner][vc_column_text css=\u00bb.vc_custom_1672316194996{padding-bottom: 2rem !important;}\u00bb]\n<h1 style=\"text-align: center;\">Pol\u00edtica de Reembolso<\/h1>\n[\/vc_column_text][\/vc_column_inner][\/vc_row_inner][vc_row_inner el_class=\u00bbbox border-radius-lg maxw-lg object-center\u00bb][vc_column_inner css=\u00bb.vc_custom_1625000696265{padding-top: 2rem !important;padding-right: 2rem !important;padding-bottom: 2rem !important;padding-left: 2rem !important;}\u00bb][vc_column_text css=\u00bb.vc_custom_1685027033246{padding-top: 2rem !important;padding-bottom: 2rem !important;}\u00bb]\n<p class=\"font-serif opacity-75\">\u00daltima actualizaci\u00f3n: Mayo, 2023<\/p>\n<p>BOOM BOOM SHOT es desarrollado por <strong>GIMIWI SAS<\/strong>.<\/p>\n<p>GIMIWI, una sociedad por acciones simplificada registrada en el RCS de ESTRASBURGO bajo el n\u00famero SIREN 901 472 282, puede ser contactada:<\/p>\n<ul>\n<li>Email: <a href=\"mailto:contact@boomboomshot.com\">contacto@boomboomshot.com<\/a><\/li>\n<li>Direcci\u00f3n postal: 12 rue du Gloeckelsberg 67200 Estrasburgo, FRANCIA<\/li>\n<\/ul>\n<h2>INTRODUCCI\u00d3N<\/h2>\n<p>BOOM BOOM SHOT est\u00e1 comprometido con su satisfacci\u00f3n. Si ha comprado bienes digitales\/suscripciones de BOOM BOOM SHOT y no est\u00e1 satisfecho con el producto recibido, puede ser elegible para un reembolso\/reembolso parcial si se solicita dentro de las 24 horas de la fecha original de compra.<\/p>\n<h2>REEMBOLSOS DE BIENES DIGITALES \/ BASADOS EN SUSCRIPCI\u00d3N<\/h2>\n<p>Para ser elegible para un reembolso de cualquier bien digital\/basado en suscripci\u00f3n, se deben tomar los siguientes pasos:<\/p>\n<ul>\n<li>El reembolso debe solicitarse por escrito contactando a contacto@boomboomshot.com<\/li>\n<li>La solicitud de reembolso debe incluir una copia del Recibo (en formato PDF).<\/li>\n<li>La solicitud de reembolso debe realizarse dentro de las 24 horas de la fecha original de compra.<\/li>\n<\/ul>\n<p>BOOM BOOM SHOT est\u00e1 comprometido con sus consumidores, y aunque nos mantenemos firmes en nuestra pol\u00edtica como se ha escrito anteriormente, tambi\u00e9n queremos entender c\u00f3mo podemos resolver la insatisfacci\u00f3n y comprender mejor c\u00f3mo podemos servirle. Por favor cont\u00e1ctenos en contacto@boomboomshot.com para cualquier pregunta relacionada con nuestra pol\u00edtica, o simplemente para hacernos saber c\u00f3mo podemos ayudar.[\/vc_column_text][\/vc_column_inner][\/vc_row_inner][\/vc_column][\/vc_row]\n","protected":false},"excerpt":{"rendered":"<p>[vc_row full_width=\u00bbstretch_row\u00bb wpex_bg_overlay=\u00bbcolor\u00bb css=\u00bb.vc_custom_1625000628046{padding-top: 6rem !important;padding-bottom: 4rem !important;}\u00bb wpex_bg_overlay_color=\u00bb#1a1c1f\u00bb][vc_column][vc_row_inner][vc_column_inner][vc_column_text css=\u00bb.vc_custom_1672316194996{padding-bottom: 2rem !important;}\u00bb] Pol\u00edtica de Reembolso [\/vc_column_text][\/vc_column_inner][\/vc_row_inner][vc_row_inner el_class=\u00bbbox border-radius-lg maxw-lg object-center\u00bb][vc_column_inner css=\u00bb.vc_custom_1625000696265{padding-top: 2rem !important;padding-right: 2rem !important;padding-bottom: 2rem !important;padding-left: 2rem !important;}\u00bb][vc_column_text css=\u00bb.vc_custom_1685027033246{padding-top: 2rem !important;padding-bottom: 2rem !important;}\u00bb] \u00daltima actualizaci\u00f3n: Mayo, 2023 BOOM BOOM&hellip;<\/p>\n","protected":false},"author":1,"featured_media":0,"parent":0,"menu_order":0,"comment_status":"closed","ping_status":"closed","template":"templates\/no-sidebar.php","meta":{"footnotes":""},"class_list":["post-4786","page","type-page","status-publish","hentry","entry","no-media"],"_links":{"self":[{"href":"https:\/\/boomboomshot.com\/es\/wp-json\/wp\/v2\/pages\/4786","targetHints":{"allow":["GET"]}}],"collection":[{"href":"https:\/\/boomboomshot.com\/es\/wp-json\/wp\/v2\/pages"}],"about":[{"href":"https:\/\/boomboomshot.com\/es\/wp-json\/wp\/v2\/types\/page"}],"author":[{"embeddable":true,"href":"https:\/\/boomboomshot.com\/es\/wp-json\/wp\/v2\/users\/1"}],"replies":[{"embeddable":true,"href":"https:\/\/boomboomshot.com\/es\/wp-json\/wp\/v2\/comments?post=4786"}],"version-history":[{"count":2,"href":"https:\/\/boomboomshot.com\/es\/wp-json\/wp\/v2\/pages\/4786\/revisions"}],"predecessor-version":[{"id":4788,"href":"https:\/\/boomboomshot.com\/es\/wp-json\/wp\/v2\/pages\/4786\/revisions\/4788"}],"wp:attachment":[{"href":"https:\/\/boomboomshot.com\/es\/wp-json\/wp\/v2\/media?parent=4786"}],"curies":[{"name":"wp","href":"https:\/\/api.w.org\/{rel}","templated":true}]}}