{"id":5212,"date":"2024-02-20T09:56:02","date_gmt":"2024-02-20T08:56:02","guid":{"rendered":"https:\/\/boomboomshot.com\/preguntas-frecuentes-faqs\/"},"modified":"2024-02-20T09:56:03","modified_gmt":"2024-02-20T08:56:03","slug":"preguntas-frecuentes-faqs","status":"publish","type":"page","link":"https:\/\/boomboomshot.com\/es\/preguntas-frecuentes-faqs\/","title":{"rendered":"Preguntas Frecuentes (FAQs)"},"content":{"rendered":"[vc_row full_width=\u00bbstretch_row_content\u00bb content_placement=\u00bbmiddle\u00bb parallax=\u00bbcontent-moving\u00bb tablet_fullwidth_cols=\u00bbyes\u00bb css=\u00bb.vc_custom_1670105788053{padding-top: 2rem !important;padding-bottom: 4rem !important;background: #24272b url(https:\/\/boomboomshot.com\/wp-content\/uploads\/2022\/12\/cta-bg-cover.webp?id=2783);background-position: center;background-repeat: no-repeat !important;background-size: cover !important;}\u00bb el_class=\u00bbz-index-1 border-b is-justify-center\u00bb][vc_column el_class=\u00bbmaxw-800px m-t-\u221e md:m-t-\u2021\u00bb][vc_column_text css=\u00bb.vc_custom_1679135131316{margin-bottom: 2rem !important;}\u00bb]\n<h1 style=\"text-align: center;\">Preguntas Frecuentes (FAQs)<\/h1>\n<p>&nbsp;[\/vc_column_text][vc_column_text font_size=\u00bb1.1rem\u00bb]\n<p style=\"text-align: center;\">\u00bfTienes preguntas sobre c\u00f3mo organizar un sorteo con Boom Boom Shot?<br \/>\nConsulta nuestras Preguntas Frecuentes.<\/p>\n[\/vc_column_text][\/vc_column][\/vc_row][vc_row full_width=\u00bbstretch_row\u00bb content_placement=\u00bbmiddle\u00bb css=\u00bb.vc_custom_1700846328864{margin-top: 3rem !important;background-color: #24272b !important;}\u00bb][vc_column][vc_single_image image=\u00bb5131&#8243; el_class=\u00bbmaxw-250px object-center dropshadow-sm\u00bb css=\u00bb.vc_custom_1679137160111{margin-bottom: 2rem !important;}\u00bb][\/vc_column][\/vc_row][vc_row][vc_column]<div class=\"templatera_shortcode\"><div data-vc-full-width=\"true\" data-vc-full-width-init=\"false\" class=\"vc_row wpb_row vc_row-fluid vc_custom_1700846451878 vc_row-o-content-middle vc_row-flex wpex-vc_row-has-fill wpex-vc-row-stretched\"><div class=\"wpb_column vc_column_container vc_col-sm-12\"><div class=\"vc_column-inner\"><div class=\"wpb_wrapper\"><div class=\"vc_tta-container\" data-vc-action=\"collapseAll\"><div class=\"vc_general vc_tta vc_tta-accordion vc_tta-color-black vc_tta-style-flat vc_tta-shape-rounded vc_tta-o-shape-group vc_tta-controls-align-left vc_tta-o-all-clickable\"><div class=\"vc_tta-panels-container\"><div class=\"vc_tta-panels\"><div class=\"vc_tta-panel vc_active\" id=\"boom-boom-shot\" data-vc-content=\".vc_tta-panel-body\"><div class=\"vc_tta-panel-heading\"><h4 class=\"vc_tta-panel-title vc_tta-controls-icon-position-left\"><a href=\"#boom-boom-shot\" data-vc-accordion data-vc-container=\".vc_tta-container\"><span class=\"vc_tta-title-text\">\u00bfQu\u00e9 es Boom Boom Shot?<\/span><i class=\"vc_tta-controls-icon vc_tta-controls-icon-chevron\"><\/i><\/a><\/h4><\/div><div class=\"vc_tta-panel-body\">\n\t<div class=\"wpb_text_column wpb_content_element \" >\n\t\t<div class=\"wpb_wrapper\">\n\t\t\t<p>Boom Boom Shot es una herramienta digital basada en la nube que te permite crear, gestionar y rastrear tus sorteos en l\u00ednea f\u00e1cilmente. Con Boom Boom Shot, puedes automatizar muchas tareas manuales asociadas con la gesti\u00f3n de un sorteo, como recopilar entradas, seleccionar ganadores y notificarlos.<\/p>\n<p>A diferencia de otras herramientas similares, Boom Boom Shot destaca por su atenci\u00f3n particular a la experiencia del sorteo en s\u00ed, lo que lo convierte en una herramienta ideal para eventos \"en persona\" como ferias comerciales, bodas, competiciones deportivas o promociones en tiendas.<\/p>\n\n\t\t<\/div>\n\t<\/div>\n<\/div><\/div><div class=\"vc_tta-panel\" id=\"habilidades-tecnicas\" data-vc-content=\".vc_tta-panel-body\"><div class=\"vc_tta-panel-heading\"><h4 class=\"vc_tta-panel-title vc_tta-controls-icon-position-left\"><a href=\"#habilidades-tecnicas\" data-vc-accordion data-vc-container=\".vc_tta-container\"><span class=\"vc_tta-title-text\">\u00bfNecesito habilidades t\u00e9cnicas para usar Boom Boom Shot para organizar sorteos?<\/span><i class=\"vc_tta-controls-icon vc_tta-controls-icon-chevron\"><\/i><\/a><\/h4><\/div><div class=\"vc_tta-panel-body\">\n\t<div class=\"wpb_text_column wpb_content_element \" >\n\t\t<div class=\"wpb_wrapper\">\n\t\t\t<p>No.<\/p>\n<p>Boom Boom Shot est\u00e1 dise\u00f1ado para ser f\u00e1cil de usar y no requiere habilidades t\u00e9cnicas. Deber\u00edas poder crear y gestionar tus regalos con solo unos pocos clics.<\/p>\n\n\t\t<\/div>\n\t<\/div>\n<\/div><\/div><div class=\"vc_tta-panel\" id=\"seguro-ejecutar-regalos\" data-vc-content=\".vc_tta-panel-body\"><div class=\"vc_tta-panel-heading\"><h4 class=\"vc_tta-panel-title vc_tta-controls-icon-position-left\"><a href=\"#seguro-ejecutar-regalos\" data-vc-accordion data-vc-container=\".vc_tta-container\"><span class=\"vc_tta-title-text\">\u00bfEs seguro ejecutar regalos con Boom Boom Shot?<\/span><i class=\"vc_tta-controls-icon vc_tta-controls-icon-chevron\"><\/i><\/a><\/h4><\/div><div class=\"vc_tta-panel-body\">\n\t<div class=\"wpb_text_column wpb_content_element \" >\n\t\t<div class=\"wpb_wrapper\">\n\t\t\t<p>S\u00ed, Boom Boom Shot es una herramienta segura y confiable para organizar regalos.<\/p>\n<p>Boom Boom Shot fuerza el uso de HTTPS para todos los servicios utilizando TLS (SSL), incluyendo nuestro sitio web p\u00fablico y la aplicaci\u00f3n para asegurar conexiones seguras. Usamos cifrado para proteger los datos de los usuarios mientras que nuestros pagos son manejados a trav\u00e9s de Stripe, que es un Proveedor de Servicios PCI certificado Nivel 1.<\/p>\n\n\t\t<\/div>\n\t<\/div>\n<\/div><\/div><div class=\"vc_tta-panel\" id=\"legal-ejecutar-un-sorteo\" data-vc-content=\".vc_tta-panel-body\"><div class=\"vc_tta-panel-heading\"><h4 class=\"vc_tta-panel-title vc_tta-controls-icon-position-left\"><a href=\"#legal-ejecutar-un-sorteo\" data-vc-accordion data-vc-container=\".vc_tta-container\"><span class=\"vc_tta-title-text\">\u00bfEs legal ejecutar un sorteo usando Boom Boom Shot?<\/span><i class=\"vc_tta-controls-icon vc_tta-controls-icon-chevron\"><\/i><\/a><\/h4><\/div><div class=\"vc_tta-panel-body\">\n\t<div class=\"wpb_text_column wpb_content_element \" >\n\t\t<div class=\"wpb_wrapper\">\n\t\t\t<p>S\u00ed, siempre y cuando cumplas con los requisitos legales y reglamentarios para ejecutar un sorteo. Estos pueden incluir proporcionar reglas oficiales, ofrecer una opci\u00f3n sin necesidad de compra y adherirse a requisitos espec\u00edficos de divulgaci\u00f3n y reporte. Es importante consultar con un profesional legal o un experto en marketing para asegurar que tu campa\u00f1a cumpla con la normativa.<\/p>\n<p>Como se indica en nuestros <a href=\"https:\/\/boomboomshot.com\/es\/terminos-y-condiciones\/\">T\u00e9rminos y Condiciones<\/a>, al usar Boom Boom Shot, eres el \u00fanico responsable de las condiciones para entrar en el sorteo, as\u00ed como del premio a ganar. Boom Boom Shot no impone de ninguna manera las condiciones para entrar en el sorteo ni la naturaleza de los premios a ganar y, por lo tanto, no puede ser considerado responsable en estos aspectos.<\/p>\n\n\t\t<\/div>\n\t<\/div>\n<\/div><\/div><div class=\"vc_tta-panel\" id=\"oferta-premium\" data-vc-content=\".vc_tta-panel-body\"><div class=\"vc_tta-panel-heading\"><h4 class=\"vc_tta-panel-title vc_tta-controls-icon-position-left\"><a href=\"#oferta-premium\" data-vc-accordion data-vc-container=\".vc_tta-container\"><span class=\"vc_tta-title-text\">\u00bfQu\u00e9 incluye la oferta Premium?<\/span><i class=\"vc_tta-controls-icon vc_tta-controls-icon-chevron\"><\/i><\/a><\/h4><\/div><div class=\"vc_tta-panel-body\">\n\t<div class=\"wpb_text_column wpb_content_element \" >\n\t\t<div class=\"wpb_wrapper\">\n\t\t\t<p>La oferta Premium de Boom Boom Shot desbloquea el acceso a un paquete Premium elegido durante 7 d\u00edas despu\u00e9s de la compra. Durante este per\u00edodo, los usuarios pueden realizar un n\u00famero ilimitado de sorteos. Sin embargo, cada sorteo debe mantenerse dentro del l\u00edmite m\u00e1ximo de participantes del paquete seleccionado, que puede ser de 100, 300 o 600 participantes, dependiendo del paquete espec\u00edfico elegido.<\/p>\n\n\t\t<\/div>\n\t<\/div>\n<\/div><\/div><div class=\"vc_tta-panel\" id=\"descargar-una-factura\" data-vc-content=\".vc_tta-panel-body\"><div class=\"vc_tta-panel-heading\"><h4 class=\"vc_tta-panel-title vc_tta-controls-icon-position-left\"><a href=\"#descargar-una-factura\" data-vc-accordion data-vc-container=\".vc_tta-container\"><span class=\"vc_tta-title-text\">\u00bfPuedo descargar una factura adecuada despu\u00e9s de la compra?<\/span><i class=\"vc_tta-controls-icon vc_tta-controls-icon-chevron\"><\/i><\/a><\/h4><\/div><div class=\"vc_tta-panel-body\">\n\t<div class=\"wpb_text_column wpb_content_element \" >\n\t\t<div class=\"wpb_wrapper\">\n\t\t\t<p>S\u00ed.<\/p>\n<p>Despu\u00e9s de realizar una compra con Boom Boom Shot, tienes la capacidad de descargar una factura adecuada para tus registros. Esta caracter\u00edstica asegura que puedas llevar un registro f\u00e1cil de tus gastos y mantener documentaci\u00f3n financiera para tu evento o necesidades comerciales. La factura se puede acceder desde tu panel de control de cuenta e incluye todos los detalles necesarios, como la fecha de compra, el monto pagado y un desglose de los servicios adquiridos. Esto facilita que las empresas gestionen sus cuentas y que los individuos tengan prueba de compra para cualquier consulta o prop\u00f3sito de mantenimiento de registros.<\/p>\n\n\t\t<\/div>\n\t<\/div>\n<\/div><\/div><div class=\"vc_tta-panel\" id=\"leyes-de-proteccion-de-datos\" data-vc-content=\".vc_tta-panel-body\"><div class=\"vc_tta-panel-heading\"><h4 class=\"vc_tta-panel-title vc_tta-controls-icon-position-left\"><a href=\"#leyes-de-proteccion-de-datos\" data-vc-accordion data-vc-container=\".vc_tta-container\"><span class=\"vc_tta-title-text\">\u00bfC\u00f3mo me aseguro de que mi sorteo cumpla con las leyes de protecci\u00f3n de datos?<\/span><i class=\"vc_tta-controls-icon vc_tta-controls-icon-chevron\"><\/i><\/a><\/h4><\/div><div class=\"vc_tta-panel-body\">\n\t<div class=\"wpb_text_column wpb_content_element \" >\n\t\t<div class=\"wpb_wrapper\">\n\t\t\t<p>Boom Boom Shot est\u00e1 dise\u00f1ado teniendo en cuenta la protecci\u00f3n de datos, cumpliendo con las principales regulaciones de protecci\u00f3n de datos como el GDPR. Para asegurar a\u00fan m\u00e1s el cumplimiento, debes comunicar claramente c\u00f3mo se utilizar\u00e1n los datos de los participantes y obtener el consentimiento donde sea necesario. Para asesoramiento legal espec\u00edfico, se recomienda consultar con un experto en protecci\u00f3n de datos.<\/p>\n\n\t\t<\/div>\n\t<\/div>\n<\/div><\/div><\/div><\/div><\/div><\/div><\/div><\/div><\/div><\/div><div class=\"vc_row-full-width vc_clearfix\"><\/div><\/div>[\/vc_column][\/vc_row][vc_row css=\u00bb.vc_custom_1670441423277{margin-top: 4rem !important;}\u00bb el_class=\u00bbvc_column-inner-m-b-0&#8243;][vc_column]<div class=\"templatera_shortcode\"><div data-vc-full-width=\"true\" data-vc-full-width-init=\"false\" class=\"vc_row wpb_row vc_row-fluid border-t vc_custom_1670178810630 wpex-vc_row-has-fill wpex-vc-row-stretched\" style=\"background-position:center center !important;\"><div class=\"wpb_column vc_column_container vc_col-sm-12\"><div class=\"vc_column-inner\"><div class=\"wpb_wrapper\"><div class=\"vc_row wpb_row vc_inner vc_row-fluid\"><div class=\"wpb_column maxw-400px object-center vc_column_container vc_col-sm-12\"><div class=\"vc_column-inner\"><div class=\"wpb_wrapper\">\n\t<div class=\"wpb_text_column wpb_content_element \" >\n\t\t<div class=\"wpb_wrapper\">\n\t\t\t<h2 style=\"text-align: center;\">El software de sorteo f\u00e1cil<\/h2>\n\n\t\t<\/div>\n\t<\/div>\n<div class=\"vc_custom_1736545215668 wpex-clr\"><a href=\"https:\/\/game.boomboomshot.com\/signup\" class=\"vcex-button theme-button inline button-primary w-100 maxw-430px m-x-auto\"><span class=\"theme-button-inner\">Empezar (gratis)<span class=\"vcex-icon-wrap theme-button-icon-right\"><span class=\"ticon ticon-long-arrow-right\" aria-hidden=\"true\"><\/span><\/span><\/span><\/a><\/div> <\/div><\/div><\/div><\/div><\/div><\/div><\/div><\/div><div class=\"vc_row-full-width vc_clearfix\"><\/div><\/div>[\/vc_column][\/vc_row][vc_row][vc_column]<div class=\"templatera_shortcode\"><div data-vc-full-width=\"true\" data-vc-full-width-init=\"false\" class=\"vc_row wpb_row vc_row-fluid border-t vc_column-inner-m-b-0 vc_custom_1670441026941 wpex-vc_row-has-fill wpex-vc-row-stretched\"><div class=\"wpb_column vc_column_container vc_col-sm-12\"><div class=\"vc_column-inner vc_custom_1670411527673\"><div class=\"wpb_wrapper\"><div class=\"vc_row wpb_row vc_inner vc_row-fluid\"><div class=\"wpb_column vc_column_container vc_col-sm-12\"><div class=\"vc_column-inner vc_custom_1670441142622\"><div class=\"wpb_wrapper\">\n\t<div  class=\"wpb_single_image wpb_content_element vc_align_  vc_custom_1670409070347  maxw-200px m-x-auto\">\n\t\t\n\t\t<figure class=\"wpb_wrapper vc_figure\">\n\t\t\t<div class=\"vc_single_image-wrapper   vc_box_border_grey\"><img loading=\"lazy\" decoding=\"async\" width=\"624\" height=\"296\" src=\"https:\/\/boomboomshot.com\/wp-content\/uploads\/2022\/12\/truspilot.png\" class=\"vc_single_image-img attachment-full\" alt=\"Boom Boom Shot on Truspilot\" srcset=\"https:\/\/boomboomshot.com\/wp-content\/uploads\/2022\/12\/truspilot.png 624w, https:\/\/boomboomshot.com\/wp-content\/uploads\/2022\/12\/truspilot-300x142.png 300w\" sizes=\"auto, (max-width: 624px) 100vw, 624px\" \/><\/div>\n\t\t<\/figure>\n\t<\/div>\n\n\t<div class=\"wpb_text_column wpb_content_element  vc_custom_1701808425723 maxw-430px m-x-auto\" >\n\t\t<div class=\"wpb_wrapper\">\n\t\t\t<h2 style=\"text-align: center;\">Danos tu opini\u00f3n<\/h2>\n\n\t\t<\/div>\n\t<\/div>\n\n\t<div class=\"wpb_text_column wpb_content_element  vc_custom_1701808443606 maxw-430px m-x-auto\" >\n\t\t<div class=\"wpb_wrapper\">\n\t\t\t<p style=\"text-align: center;\">\u00bfTe est\u00e1 gustando la aplicaci\u00f3n de sorteos y regalos Boom Boom Shot? Deja tu comentario en <a href=\"https:\/\/es.trustpilot.com\/review\/boomboomshot.com\" target=\"_blank\" rel=\"noopener\">Trustpilot<\/a>.<\/p>\n\n\t\t<\/div>\n\t<\/div>\n\n\t<div class=\"wpb_text_column wpb_content_element  maxw-430px m-x-auto\" >\n\t\t<div class=\"wpb_wrapper\">\n\t\t\t\n\t\t<\/div>\n\t<\/div>\n<\/div><\/div><\/div><\/div><\/div><\/div><\/div><\/div><div class=\"vc_row-full-width vc_clearfix\"><\/div><\/div>[\/vc_column][\/vc_row]&nbsp;<\/p>\n","protected":false},"excerpt":{"rendered":"<p>&nbsp;<\/p>\n","protected":false},"author":1,"featured_media":0,"parent":0,"menu_order":0,"comment_status":"closed","ping_status":"closed","template":"templates\/no-sidebar.php","meta":{"footnotes":""},"class_list":["post-5212","page","type-page","status-publish","hentry","entry","no-media"],"_links":{"self":[{"href":"https:\/\/boomboomshot.com\/es\/wp-json\/wp\/v2\/pages\/5212","targetHints":{"allow":["GET"]}}],"collection":[{"href":"https:\/\/boomboomshot.com\/es\/wp-json\/wp\/v2\/pages"}],"about":[{"href":"https:\/\/boomboomshot.com\/es\/wp-json\/wp\/v2\/types\/page"}],"author":[{"embeddable":true,"href":"https:\/\/boomboomshot.com\/es\/wp-json\/wp\/v2\/users\/1"}],"replies":[{"embeddable":true,"href":"https:\/\/boomboomshot.com\/es\/wp-json\/wp\/v2\/comments?post=5212"}],"version-history":[{"count":3,"href":"https:\/\/boomboomshot.com\/es\/wp-json\/wp\/v2\/pages\/5212\/revisions"}],"predecessor-version":[{"id":5215,"href":"https:\/\/boomboomshot.com\/es\/wp-json\/wp\/v2\/pages\/5212\/revisions\/5215"}],"wp:attachment":[{"href":"https:\/\/boomboomshot.com\/es\/wp-json\/wp\/v2\/media?parent=5212"}],"curies":[{"name":"wp","href":"https:\/\/api.w.org\/{rel}","templated":true}]}}