{"id":5492,"date":"2024-05-03T13:04:53","date_gmt":"2024-05-03T12:04:53","guid":{"rendered":"https:\/\/boomboomshot.com\/condiciones-generales-de-venta\/"},"modified":"2024-05-03T13:15:29","modified_gmt":"2024-05-03T12:15:29","slug":"condiciones-generales-de-venta","status":"publish","type":"page","link":"https:\/\/boomboomshot.com\/es\/condiciones-generales-de-venta\/","title":{"rendered":"Condiciones Generales de Venta"},"content":{"rendered":"[vc_row full_width=\u00bbstretch_row\u00bb wpex_bg_overlay=\u00bbcolor\u00bb css=\u00bb.vc_custom_1625000628046{padding-top: 6rem !important;padding-bottom: 4rem !important;}\u00bb wpex_bg_overlay_color=\u00bb#1a1c1f\u00bb][vc_column][vc_row_inner][vc_column_inner][vc_column_text css=\u00bb.vc_custom_1672317301857{padding-bottom: 2rem !important;}\u00bb]\n<h1 style=\"text-align: center;\">Condiciones Generales de Venta<\/h1>\n[\/vc_column_text][\/vc_column_inner][\/vc_row_inner][vc_row_inner el_class=\u00bbbox border-radius-lg maxw-lg object-center\u00bb][vc_column_inner css=\u00bb.vc_custom_1625000696265{padding-top: 2rem !important;padding-right: 2rem !important;padding-bottom: 2rem !important;padding-left: 2rem !important;}\u00bb][vc_column_text css=\u00bb.vc_custom_1672318960478{padding-top: 2rem !important;padding-bottom: 2rem !important;}\u00bb]\n<p class=\"font-serif opacity-75\">\u00daltima actualizaci\u00f3n: Diciembre de 2022<\/p>\n<p>BOOM BOOM SHOT est\u00e1 desarrollado por <strong>SAS GIMIWI<\/strong>.<\/p>\n<p>GIMIWI, una sociedad por acciones simplificada registrada en el RCS de ESTRASBURGO con el n\u00famero SIREN 901 472 282, puede ser contactada:<\/p>\n<ul>\n<li>Email: \u00a0 <a href=\"mailto:contact@boomboomshot.com\">contacto@boomboomshot.com<\/a><\/li>\n<li>Direcci\u00f3n postal:\u00a0 12 rue du Gloeckelsberg 67200 Estrasburgo, FRANCIA<\/li>\n<\/ul>\n<p><strong>Al hacer clic en la casilla \u00abHe le\u00eddo y acepto los T\u00e9rminos y Condiciones de Uso\u00bb, los Usuarios declaran haber le\u00eddo, entendido y aceptado incondicionalmente estos T\u00e9rminos y Condiciones de Uso.<\/strong><\/p>\n<p><strong>Si los Usuarios no aceptan estos T\u00e9rminos y Condiciones de Uso, no podr\u00e1n acceder a las Funcionalidades de BOOM BOOM SHOT.\u00a0<\/strong><\/p>\n<h2>DESCRIPCI\u00d3N GENERAL<\/h2>\n<p>Este sitio web es operado por Gimiwi SAS. En todo el sitio, los t\u00e9rminos \u00abnosotros\u00bb, \u00abnos\u00bb y \u00abnuestro\u00bb se refieren a Gimiwi SAS. Gimiwi SAS ofrece este sitio web, incluida toda la informaci\u00f3n, herramientas y servicios disponibles desde este sitio para usted, el usuario, condicionado a su aceptaci\u00f3n de todos los t\u00e9rminos, condiciones, pol\u00edticas y avisos aqu\u00ed establecidos.<\/p>\n<p>Al visitar nuestro sitio y\/o comprar algo de nosotros, participa en nuestro \u00abServicio\u00bb y acepta quedar vinculado por los siguientes t\u00e9rminos y condiciones (\u00abT\u00e9rminos de Venta\u00bb, \u00abT\u00e9rminos\u00bb), incluidos aquellos t\u00e9rminos y condiciones adicionales y pol\u00edticas referenciados aqu\u00ed y\/o disponibles mediante hiperv\u00ednculo. Estos T\u00e9rminos de Venta se aplican a todos los usuarios del sitio, incluidos, entre otros, los usuarios que sean navegadores, proveedores, clientes, comerciantes y\/o contribuidores de contenido.<br \/>\nLea estos T\u00e9rminos de Venta detenidamente antes de acceder o utilizar nuestro sitio web. Al acceder o utilizar cualquier parte del sitio, acepta quedar vinculado por estos T\u00e9rminos de Venta. Si no est\u00e1 de acuerdo con todos los t\u00e9rminos y condiciones de este acuerdo, entonces no podr\u00e1 acceder al sitio web ni utilizar ning\u00fan servicio. Si estos T\u00e9rminos de Venta se consideran una oferta, la aceptaci\u00f3n est\u00e1 expresamente limitada a estos T\u00e9rminos de Servicio.<\/p>\n<p>Cualquier nueva funci\u00f3n o herramienta que se a\u00f1ada a la tienda actual tambi\u00e9n estar\u00e1 sujeta a los T\u00e9rminos de Venta. Puede revisar la versi\u00f3n m\u00e1s actualizada de los T\u00e9rminos de Venta en cualquier momento en esta p\u00e1gina. Nos reservamos el derecho de actualizar, cambiar o reemplazar cualquier parte de estos T\u00e9rminos de Venta publicando actualizaciones y\/o cambios en nuestro sitio web. Es su responsabilidad revisar esta p\u00e1gina peri\u00f3dicamente para ver si hay cambios. El uso continuado de o el acceso al sitio web despu\u00e9s de la publicaci\u00f3n de cualquier cambio constituye la aceptaci\u00f3n de dichos cambios.<\/p>\n<h2>ART\u00cdCULO 1 &#8211; T\u00c9RMINOS DE LA TIENDA EN L\u00cdNEA<\/h2>\n<p>Al aceptar estos T\u00e9rminos de Venta, usted declara que tiene al menos la mayor\u00eda de edad en su estado o provincia de residencia, o que tiene la mayor\u00eda de edad en su estado o provincia de residencia y nos ha dado su consentimiento para permitir que cualquiera de sus dependientes menores de edad utilice este sitio.<\/p>\n<p>No podr\u00e1 utilizar nuestros productos para ning\u00fan fin ilegal o no autorizado ni podr\u00e1, en el uso del Servicio, infringir ninguna ley en su jurisdicci\u00f3n (incluidas, entre otras, las leyes de derechos de autor).<\/p>\n<p>No deber\u00e1 transmitir gusanos o virus ni ning\u00fan c\u00f3digo de naturaleza destructiva.<\/p>\n<p>El incumplimiento o violaci\u00f3n de cualquiera de los T\u00e9rminos resultar\u00e1 en la terminaci\u00f3n inmediata de sus Servicios.<\/p>\n<h2>ART\u00cdCULO 2 &#8211; CONDICIONES GENERALES<\/h2>\n<p>Nos reservamos el derecho de rechazar el servicio a cualquier persona por cualquier motivo y en cualquier momento.<\/p>\n<p>Usted comprende que su contenido (excepto la informaci\u00f3n de la tarjeta de cr\u00e9dito), puede ser transferido sin cifrar e implicar (a) transmisiones a trav\u00e9s de diversas redes; y (b) cambios para cumplir y adaptarse a los requisitos t\u00e9cnicos de las redes o dispositivos de conexi\u00f3n. La informaci\u00f3n de la tarjeta de cr\u00e9dito siempre se cifra durante la transferencia a trav\u00e9s de las redes.<\/p>\n<p>Usted acepta no reproducir, duplicar, copiar, vender, revender o explotar ninguna parte del Servicio, el uso del Servicio o el acceso al Servicio o cualquier contacto en el sitio web a trav\u00e9s del cual se presta el servicio, sin el permiso expreso por escrito de nuestra parte.<\/p>\n<p>Los encabezados utilizados en este acuerdo se incluyen solo por conveniencia y no afectar\u00e1n ni limitar\u00e1n de otra manera estos T\u00e9rminos.<\/p>\n<h2>ART\u00cdCULO 3 &#8211; EXACTITUD, INTEGRIDAD Y ACTUALIDAD DE LA INFORMACI\u00d3N<\/h2>\n<p>No somos responsables si la informaci\u00f3n disponible en este sitio no es precisa, completa o actual. El material en este sitio se proporciona solo con fines de informaci\u00f3n general y no debe confiarse en \u00e9l ni utilizarse como \u00fanico fundamento para tomar decisiones sin consultar fuentes de informaci\u00f3n primaria, m\u00e1s precisas, completas o oportunas. Cualquier confianza en el material de este sitio es bajo su propio riesgo.<\/p>\n<p>Este sitio puede contener cierta informaci\u00f3n hist\u00f3rica. La informaci\u00f3n hist\u00f3rica, necesariamente, no es actual y se proporciona \u00fanicamente para su referencia. Nos reservamos el derecho de modificar el contenido de este sitio en cualquier momento, pero no tenemos la obligaci\u00f3n de actualizar ninguna informaci\u00f3n en nuestro sitio. Usted acepta que es su responsabilidad monitorear los cambios en nuestro sitio.<\/p>\n<h2>ART\u00cdCULO 4 &#8211; MODIFICACIONES AL SERVICIO Y PRECIOS<\/h2>\n<p>Los precios de nuestros productos est\u00e1n sujetos a cambios sin previo aviso.<\/p>\n<p>Nos reservamos el derecho en cualquier momento de modificar o descontinuar el Servicio (o cualquier parte o contenido del mismo) sin previo aviso en cualquier momento.<\/p>\n<p>No seremos responsables ante usted o ante cualquier tercero por cualquier modificaci\u00f3n, cambio de precio, suspensi\u00f3n o interrupci\u00f3n del Servicio.<\/p>\n<h2>ART\u00cdCULO 5 &#8211; PRODUCTOS<\/h2>\n<p>Ciertos productos pueden estar disponibles exclusivamente en l\u00ednea a trav\u00e9s del sitio web. Estos productos se reembolsan solo de acuerdo con nuestra <a href=\"https:\/\/boomboomshot.com\/es\/politica-de-reembolso\/\">Pol\u00edtica de Reembolso<\/a>.<\/p>\n<p>Nos reservamos el derecho, pero no estamos obligados, a limitar las ventas de nuestros productos a cualquier persona, regi\u00f3n geogr\u00e1fica o jurisdicci\u00f3n. Podemos ejercer este derecho caso por caso. Nos reservamos el derecho de limitar las cantidades de cualquier producto que ofrecemos. Todas las descripciones de productos o precios de productos est\u00e1n sujetas a cambios en cualquier momento sin previo aviso, a nuestra sola discreci\u00f3n. Nos reservamos el derecho de discontinuar cualquier producto en cualquier momento. Cualquier oferta de cualquier producto o servicio hecha en este sitio es nula donde est\u00e9 prohibida.<\/p>\n<p>No garantizamos que la calidad de los productos, la informaci\u00f3n u otro material comprado u obtenido por usted cumpla con sus expectativas, ni que cualquier error en el Servicio sea corregido.<\/p>\n<h2>ART\u00cdCULO 6 &#8211; EXACTITUD DE FACTURACI\u00d3N E INFORMACI\u00d3N DE LA CUENTA<\/h2>\n<p>Nos reservamos el derecho de rechazar cualquier pedido que realice con nosotros. Podemos, a nuestra discreci\u00f3n, limitar o cancelar las cantidades compradas por persona, por hogar o por pedido. Estas restricciones pueden incluir pedidos realizados por o bajo la misma cuenta de cliente, la misma tarjeta de cr\u00e9dito y\/o pedidos que utilicen la misma direcci\u00f3n de facturaci\u00f3n y\/o env\u00edo. En el caso de que hagamos un cambio o cancelemos un pedido, podemos intentar notificarle contact\u00e1ndolo por correo electr\u00f3nico y\/o direcci\u00f3n de facturaci\u00f3n\/n\u00famero de tel\u00e9fono proporcionado en el momento que se hizo el pedido. Nos reservamos el derecho de limitar o prohibir los pedidos que, a nuestro exclusivo criterio, parezcan ser realizados por distribuidores, revendedores o distribuidores.<br \/>\nUsted acepta proporcionar informaci\u00f3n actual, completa y precisa de compra y cuenta para todas las compras realizadas en nuestra tienda. Usted acepta actualizar prontamente su cuenta y otra informaci\u00f3n, incluida su direcci\u00f3n de correo electr\u00f3nico y n\u00fameros de tarjetas de cr\u00e9dito y fechas de vencimiento, para que podamos completar sus transacciones y contactarlo seg\u00fan sea necesario.<\/p>\n<p>Para m\u00e1s detalles, por favor revise nuestra Pol\u00edtica de Devoluciones.<\/p>\n<h2>ART\u00cdCULO 7 &#8211; HERRAMIENTAS OPCIONALES<\/h2>\n<p>Podemos proporcionarle acceso a herramientas de terceros sobre las que ni monitoreamos ni tenemos control ni entrada.<\/p>\n<p>Usted reconoce y acepta que proporcionamos acceso a tales herramientas \u00abtal como est\u00e1n\u00bb y \u00abseg\u00fan est\u00e9n disponibles\u00bb sin garant\u00edas, representaciones o condiciones de ning\u00fan tipo y sin ning\u00fan respaldo. No tendremos ninguna responsabilidad derivada de o relacionada con su uso de herramientas opcionales de terceros.<\/p>\n<p>Cualquier uso que usted haga de las herramientas opcionales ofrecidas a trav\u00e9s del sitio es bajo su propio riesgo y discreci\u00f3n y usted debe asegurarse de estar familiarizado y aprobar los t\u00e9rminos en que se proporcionan las herramientas por el proveedor relevante de terceros.<\/p>\n<p>Tambi\u00e9n podemos, en el futuro, ofrecer nuevos servicios y\/o caracter\u00edsticas a trav\u00e9s del sitio web (incluyendo, el lanzamiento de nuevas herramientas y recursos). Tales nuevas caracter\u00edsticas y\/o servicios tambi\u00e9n estar\u00e1n sujetos a estos T\u00e9rminos de Servicio.<\/p>\n<h2>ART\u00cdCULO 8 &#8211; ENLACES DE TERCEROS<\/h2>\n<p>Ciertos contenidos, productos y servicios disponibles a trav\u00e9s de nuestro Servicio pueden incluir materiales de terceros.<\/p>\n<p>Los enlaces de terceros en este sitio pueden dirigirlo a sitios web de terceros que no est\u00e1n afiliados a nosotros. No somos responsables de examinar o evaluar el contenido o la exactitud y no garantizamos ni tendremos ninguna responsabilidad o responsabilidad por cualquier material de terceros o sitios web, o por cualquier otro material, producto o servicio de terceros.<\/p>\n<p>No nos hacemos responsables de ning\u00fan da\u00f1o o perjuicio relacionado con la compra o el uso de bienes, servicios, recursos, contenidos u otras transacciones realizadas en conexi\u00f3n con sitios web de terceros. Revise cuidadosamente las pol\u00edticas y pr\u00e1cticas de terceros y aseg\u00farese de entenderlas antes de participar en cualquier transacci\u00f3n. Quejas, reclamos, preocupaciones o preguntas sobre productos de terceros deben dirigirse al tercero.<\/p>\n<h2>ART\u00cdCULO 9 &#8211; COMENTARIOS DE LOS USUARIOS, COMENTARIOS Y OTRAS PRESENTACIONES<\/h2>\n<p>Si, a nuestra solicitud, env\u00eda ciertas presentaciones espec\u00edficas (por ejemplo, entradas a concursos) o sin una solicitud de nuestra parte env\u00eda ideas creativas, sugerencias, propuestas, planes u otros materiales, ya sea en l\u00ednea, por correo electr\u00f3nico, por correo postal o de otro modo (colectivamente, &#8216;comentarios&#8217;), usted acepta que podemos, en cualquier momento, sin restricci\u00f3n, editar, copiar, publicar, distribuir, traducir y usar de otra manera en cualquier medio cualquier comentario que nos env\u00ede. No estamos ni estaremos bajo ninguna obligaci\u00f3n (1) de mantener ning\u00fan comentario en confidencialidad; (2) de pagar compensaci\u00f3n por cualquier comentario; o (3) de responder a cualquier comentario.<br \/>\nPodemos, pero no tenemos la obligaci\u00f3n de, monitorear, editar o eliminar contenido que determinemos, a nuestra entera discreci\u00f3n, que es ilegal, ofensivo, amenazante, difamatorio, pornogr\u00e1fico, obsceno u objetable o que viole la propiedad intelectual de cualquier parte o estos T\u00e9rminos de Servicio.<br \/>\nUsted acepta que sus comentarios no violar\u00e1n ning\u00fan derecho de terceros, incluidos los derechos de autor, marca registrada, privacidad, personalidad u otro derecho personal o de propiedad. Adem\u00e1s, acepta que sus comentarios no contendr\u00e1n material difamatorio o ilegal, abusivo u obsceno, ni contendr\u00e1n ning\u00fan virus inform\u00e1tico u otro malware que pueda afectar de alguna manera el funcionamiento del Servicio o de cualquier sitio web relacionado. No puede usar una direcci\u00f3n de correo electr\u00f3nico falsa, pretender ser otra persona que no sea usted mismo, o de otro modo enga\u00f1arnos a nosotros o a terceros en cuanto al origen de cualquier comentario. Usted es el \u00fanico responsable de cualquier comentario que haga y de su precisi\u00f3n. No asumimos ninguna responsabilidad y no aceptamos ninguna responsabilidad por cualquier comentario publicado por usted o por cualquier tercero.<\/p>\n<h2>ART\u00cdCULO 10 &#8211; INFORMACI\u00d3N PERSONAL<\/h2>\n<p>Su presentaci\u00f3n de informaci\u00f3n personal a trav\u00e9s de la tienda est\u00e1 gobernada por nuestra Pol\u00edtica de Privacidad. Para ver nuestra Pol\u00edtica de Privacidad, consulte [https:\/\/boomboomshot.com\/privacy-policy\/](https:\/\/boomboomshot.com\/privacy-policy\/)<\/p>\n<h2>ART\u00cdCULO 11 &#8211; ERRORES, INEXACTITUDES Y OMISIONES<\/h2>\n<p>Ocasionalmente puede haber informaci\u00f3n en nuestro sitio o en el Servicio que contenga errores tipogr\u00e1ficos, inexactitudes u omisiones que puedan estar relacionadas con descripciones de productos, precios, promociones, ofertas, gastos de env\u00edo de productos, tiempos de tr\u00e1nsito y disponibilidad. Nos reservamos el derecho de corregir cualquier error, inexactitud u omisi\u00f3n, y de cambiar o actualizar la informaci\u00f3n o cancelar pedidos si alguna informaci\u00f3n en el Servicio o en cualquier sitio web relacionado es inexacta en cualquier momento sin previo aviso (incluso despu\u00e9s de que haya enviado su pedido).<\/p>\n<p>No asumimos ninguna obligaci\u00f3n de actualizar, enmendar o aclarar la informaci\u00f3n en el Servicio o en cualquier sitio web relacionado, incluida, entre otras, la informaci\u00f3n de precios, excepto seg\u00fan lo requiera la ley. Ninguna fecha espec\u00edfica de actualizaci\u00f3n o actualizaci\u00f3n aplicada en el Servicio o en cualquier sitio web relacionado, deber\u00e1 interpretarse como que toda la informaci\u00f3n en el Servicio o en cualquier sitio web relacionado ha sido modificada o actualizada.<\/p>\n<h2>ART\u00cdCULO 12 &#8211; USOS PROHIBIDOS<\/h2>\n<p>Adem\u00e1s de otras prohibiciones establecidas en los T\u00e9rminos de Servicio, se le proh\u00edbe utilizar el sitio o su contenido:<br \/>\n(a) para cualquier prop\u00f3sito ilegal; (b) para solicitar a otros que realicen o participen en actos il\u00edcitos; (c) para violar cualquier regulaci\u00f3n, norma, ley o ordenanza internacional, federal, provincial o estatal; (d) para infringir o violar nuestros derechos de propiedad intelectual o los derechos de propiedad intelectual de otros; (e) para acosar, abusar, insultar, da\u00f1ar, difamar, calumniar, denigrar, intimidar o discriminar por g\u00e9nero, orientaci\u00f3n sexual, religi\u00f3n, etnia, raza, edad, origen nacional o discapacidad; (f) para enviar informaci\u00f3n falsa o enga\u00f1osa;<br \/>\n(g) para cargar o transmitir virus u cualquier otro tipo de c\u00f3digo malicioso que sea o pueda ser utilizado de cualquier manera que afecte la funcionalidad o el funcionamiento del Servicio o de cualquier sitio web relacionado, otros sitios web o Internet; (h) para recopilar o rastrear la informaci\u00f3n personal de otros; (i) para enviar spam, pescar, farmear, pretextar, ara\u00f1a, rastrear o raspar; (j) para cualquier prop\u00f3sito obsceno o inmoral; o (k) para interferir o eludir las caracter\u00edsticas de seguridad del Servicio o de cualquier sitio web relacionado, otros sitios web o Internet. Nos reservamos el derecho de terminar su uso del Servicio o de cualquier sitio web relacionado por violar cualquiera de los usos prohibidos.<\/p>\n<h2>ART\u00cdCULO 13 &#8211; RENUNCIA DE GARANT\u00cdAS; LIMITACI\u00d3N DE RESPONSABILIDAD<\/h2>\n<p>No garantizamos, representamos ni garantizamos que el uso de nuestro servicio ser\u00e1 ininterrumpido, oportuno, seguro o sin errores.<\/p>\n<p>No garantizamos que los resultados que se puedan obtener del uso del servicio sean precisos o confiables.<\/p>\n<p>Usted acepta que de vez en cuando podemos quitar el servicio por per\u00edodos de tiempo indefinidos o cancelar el servicio en cualquier momento, sin previo aviso.<br \/>\nUsted acepta expresamente que el uso de, o la incapacidad para usar, el servicio es bajo su propio riesgo. El servicio y todos los productos y servicios entregados a trav\u00e9s del servicio se proporcionan (excepto como se indica expresamente por nosotros) \u00abtal como est\u00e1n\u00bb y \u00abseg\u00fan est\u00e9n disponibles\u00bb para su uso, sin ninguna representaci\u00f3n, garant\u00edas o condiciones de ning\u00fan tipo, ya sea expresa o impl\u00edcita, incluidas todas las garant\u00edas o condiciones impl\u00edcitas de comerciabilidad, calidad comercial, aptitud para un prop\u00f3sito particular, durabilidad, t\u00edtulo y no infracci\u00f3n.<br \/>\nEn ning\u00fan caso Gimiwi SAS, nuestros directores, funcionarios, empleados, afiliados, agentes, contratistas, pasantes, proveedores de servicios o licenciantes ser\u00e1n responsables por cualquier lesi\u00f3n, p\u00e9rdida, reclamo, o cualquier da\u00f1o directo, indirecto, incidental, punitivo, especial o consecuente de cualquier tipo, incluidos, entre otros, los beneficios perdidos, la p\u00e9rdida de ingresos, el ahorro perdido, la p\u00e9rdida de datos, los costos de reemplazo, o cualquier da\u00f1o similar, ya sea basado en contrato, agravio (incluida la negligencia), responsabilidad estricta o de otro tipo, que surja de su uso de cualquiera de los servicios o cualquier producto adquirido usando el servicio, o para cualquier otra reclamaci\u00f3n relacionada de alguna manera con su uso del servicio o cualquier producto, incluyendo, pero no limitado a, cualquier error u omisi\u00f3n en cualquier contenido, o cualquier p\u00e9rdida o da\u00f1o de cualquier tipo incurrido como resultado del uso del servicio o cualquier contenido (o producto) publicado, transmitido o puesto a disposici\u00f3n a trav\u00e9s del servicio, incluso si se avisa de su posibilidad. Como algunos estados o jurisdicciones no permiten la exclusi\u00f3n o la limitaci\u00f3n de responsabilidad por da\u00f1os consecuenciales o incidentales, en tales estados o jurisdicciones, nuestra responsabilidad se limitar\u00e1 en la medida m\u00e1xima permitida por la ley.<\/p>\n<h2>ART\u00cdCULO 14 &#8211; INDEMNIZACI\u00d3N<\/h2>\n<p>Usted acepta indemnizar, defender y mantener indemne a Gimiwi SAS y a nuestras matrices, subsidiarias, afiliadas, socios, funcionarios, directores, agentes, contratistas, concesionarios, proveedores de servicios, subcontratistas, proveedores, internos y empleados, de cualquier reclamo o demanda, incluidos honorarios razonables de abogados, realizados por cualquier tercero debido a o como resultado de su incumplimiento de estos T\u00e9rminos de Servicio o de los documentos que incorporan por referencia, o su violaci\u00f3n de cualquier ley o de los derechos de un tercero.<\/p>\n<h2>ART\u00cdCULO 15 &#8211; DIVISIBILIDAD<\/h2>\n<p>En el caso de que se determine que alguna disposici\u00f3n de estos T\u00e9rminos de Servicio es ilegal, nula o inaplicable, dicha disposici\u00f3n ser\u00e1, no obstante, aplicable en la medida m\u00e1xima permitida por la ley aplicable, y la parte no aplicable se considerar\u00e1 separada de estos T\u00e9rminos de Servicio, dicha determinaci\u00f3n no afectar\u00e1 la validez de aplicabilidad de ninguna otra disposici\u00f3n restante.<\/p>\n<h2>ART\u00cdCULO 16 &#8211; TERMINACI\u00d3N<\/h2>\n<p>Las obligaciones y responsabilidades de las partes incurridas antes de la fecha de terminaci\u00f3n sobrevivir\u00e1n a la terminaci\u00f3n de este acuerdo a todos los efectos.<\/p>\n<p>Estos T\u00e9rminos de Servicio son efectivos a menos que y hasta que sean terminados por usted o nosotros. Usted puede terminar estos T\u00e9rminos de Servicio en cualquier momento notific\u00e1ndonos que ya no desea utilizar nuestros Servicios, o cuando deje de usar nuestro sitio.<\/p>\n<p>Si a nuestro juicio, usted falla, o sospechamos que ha fallado, en el cumplimiento de cualquier t\u00e9rmino o disposici\u00f3n de estos T\u00e9rminos de Servicio, tambi\u00e9n podemos terminar este acuerdo en cualquier momento sin previo aviso y usted seguir\u00e1 siendo responsable de todas las cantidades adeudadas hasta la fecha de terminaci\u00f3n; y\/o en consecuencia, puede neg\u00e1rsele el acceso a nuestros Servicios (o cualquier parte de ellos).<\/p>\n<h2>ART\u00cdCULO 17 &#8211; ACUERDO COMPLETO<\/h2>\n<p>El incumplimiento de nosotros de ejercer o hacer valer cualquier derecho o disposici\u00f3n de estos T\u00e9rminos de Servicio no constituir\u00e1 una renuncia a dicho derecho o disposici\u00f3n.<\/p>\n<p>Estos T\u00e9rminos de Servicio y cualquier pol\u00edtica o regla de operaci\u00f3n publicada por nosotros en este sitio o con respecto al Servicio constituyen el acuerdo completo y el entendimiento entre usted y nosotros y rigen su uso del Servicio, reemplazando cualquier acuerdo, comunicaciones y propuestas anteriores o contempor\u00e1neos, ya sean verbales o escritos, entre usted y nosotros (incluidas, entre otras, versiones anteriores de los T\u00e9rminos de Servicio).<\/p>\n<p>Cualquier ambig\u00fcedad en la interpretaci\u00f3n de estos T\u00e9rminos de Servicio no se interpretar\u00e1 en contra del partido redactor.<\/p>\n<h2>ART\u00cdCULO 18 &#8211; LEY APLICABLE<\/h2>\n<p>Estos T\u00e9rminos de Servicio y cualquier acuerdo separado por el cual le proporcionemos Servicios se regir\u00e1n e interpretar\u00e1n de acuerdo con las leyes de [inserte el pa\u00eds].<\/p>\n<h2>ART\u00cdCULO 19 &#8211; CAMBIOS EN LOS T\u00c9RMINOS DE SERVICIO<\/h2>\n<p>Puede revisar la versi\u00f3n m\u00e1s reciente de los T\u00e9rminos de Servicio en cualquier momento en esta p\u00e1gina.<\/p>\n<p>Nos reservamos el derecho, a nuestra sola discreci\u00f3n, de actualizar, cambiar o reemplazar cualquier parte de estos T\u00e9rminos de Servicio mediante la publicaci\u00f3n de actualizaciones y cambios en nuestro sitio web. Es su responsabilidad revisar nuestro sitio web peri\u00f3dicamente para ver si hay cambios. El uso continuado de o el acceso a nuestro sitio web o al Servicio despu\u00e9s de la publicaci\u00f3n de cualquier cambio en estos T\u00e9rminos de Servicio constituye la aceptaci\u00f3n de dichos cambios.<\/p>\n<h2>ART\u00cdCULO 20 &#8211; INFORMACI\u00d3N DE CONTACTO<\/h2>\n<p>Preguntas sobre los T\u00e9rminos de Servicio deben ser enviadas a nosotros en [insertar correo electr\u00f3nico de contacto].\n<\/p>\n[\/vc_column_text][\/vc_column_inner][\/vc_row_inner][\/vc_column][\/vc_row]\n","protected":false},"excerpt":{"rendered":"<p>[vc_row full_width=\u00bbstretch_row\u00bb wpex_bg_overlay=\u00bbcolor\u00bb css=\u00bb.vc_custom_1625000628046{padding-top: 6rem !important;padding-bottom: 4rem !important;}\u00bb wpex_bg_overlay_color=\u00bb#1a1c1f\u00bb][vc_column][vc_row_inner][vc_column_inner][vc_column_text css=\u00bb.vc_custom_1672317301857{padding-bottom: 2rem !important;}\u00bb] Condiciones Generales de Venta [\/vc_column_text][\/vc_column_inner][\/vc_row_inner][vc_row_inner el_class=\u00bbbox border-radius-lg maxw-lg object-center\u00bb][vc_column_inner css=\u00bb.vc_custom_1625000696265{padding-top: 2rem !important;padding-right: 2rem !important;padding-bottom: 2rem !important;padding-left: 2rem !important;}\u00bb][vc_column_text css=\u00bb.vc_custom_1672318960478{padding-top: 2rem !important;padding-bottom: 2rem !important;}\u00bb] \u00daltima actualizaci\u00f3n: Diciembre de 2022&hellip;<\/p>\n","protected":false},"author":1,"featured_media":0,"parent":0,"menu_order":0,"comment_status":"closed","ping_status":"closed","template":"templates\/no-sidebar.php","meta":{"footnotes":""},"class_list":["post-5492","page","type-page","status-publish","hentry","entry","no-media"],"_links":{"self":[{"href":"https:\/\/boomboomshot.com\/es\/wp-json\/wp\/v2\/pages\/5492","targetHints":{"allow":["GET"]}}],"collection":[{"href":"https:\/\/boomboomshot.com\/es\/wp-json\/wp\/v2\/pages"}],"about":[{"href":"https:\/\/boomboomshot.com\/es\/wp-json\/wp\/v2\/types\/page"}],"author":[{"embeddable":true,"href":"https:\/\/boomboomshot.com\/es\/wp-json\/wp\/v2\/users\/1"}],"replies":[{"embeddable":true,"href":"https:\/\/boomboomshot.com\/es\/wp-json\/wp\/v2\/comments?post=5492"}],"version-history":[{"count":5,"href":"https:\/\/boomboomshot.com\/es\/wp-json\/wp\/v2\/pages\/5492\/revisions"}],"predecessor-version":[{"id":5497,"href":"https:\/\/boomboomshot.com\/es\/wp-json\/wp\/v2\/pages\/5492\/revisions\/5497"}],"wp:attachment":[{"href":"https:\/\/boomboomshot.com\/es\/wp-json\/wp\/v2\/media?parent=5492"}],"curies":[{"name":"wp","href":"https:\/\/api.w.org\/{rel}","templated":true}]}}