{"id":1270,"date":"2021-08-17T15:33:39","date_gmt":"2021-08-17T15:33:39","guid":{"rendered":"https:\/\/boomboomshot.com\/?page_id=1270"},"modified":"2024-04-23T21:49:54","modified_gmt":"2024-04-23T20:49:54","slug":"fonctionnalites","status":"publish","type":"page","link":"https:\/\/boomboomshot.com\/fr\/fonctionnalites\/","title":{"rendered":"Fonctionnalit\u00e9s"},"content":{"rendered":"[vc_row full_width=\u00a0\u00bbstretch_row_content\u00a0\u00bb content_placement=\u00a0\u00bbmiddle\u00a0\u00bb parallax=\u00a0\u00bbcontent-moving\u00a0\u00bb tablet_fullwidth_cols=\u00a0\u00bbyes\u00a0\u00bb css=\u00a0\u00bb.vc_custom_1670105788053{padding-top: 2rem !important;padding-bottom: 4rem !important;background: #24272b url(https:\/\/boomboomshot.com\/wp-content\/uploads\/2022\/12\/cta-bg-cover.webp?id=2783);background-position: center;background-repeat: no-repeat !important;background-size: cover !important;}\u00a0\u00bb el_class=\u00a0\u00bbz-index-1 border-b is-justify-center\u00a0\u00bb][vc_column el_class=\u00a0\u00bbmaxw-800px m-t-\u221e md:m-t-\u2021\u00a0\u00bb][vc_column_text css=\u00a0\u00bb.vc_custom_1670766051012{margin-bottom: 2rem !important;}\u00a0\u00bb]\n<h1 style=\"text-align: center;\">L\u2019app de tirage au sort la plus compl\u00e8te du march\u00e9<\/h1>\n[\/vc_column_text][vc_column_text font_size=\u00a0\u00bb1.1rem\u00a0\u00bb]\n<p style=\"text-align: center;\">Algorithme de s\u00e9lection, multi-\u00e9crans en temps r\u00e9el, auto-inscription des joueurs, le logiciel de tirage au sort pour soir\u00e9es et bars Boom Boom Shot est un concentr\u00e9 de technologie.<\/p>\n[\/vc_column_text][\/vc_column][\/vc_row][vc_row full_width=\u00a0\u00bbstretch_row\u00a0\u00bb content_placement=\u00a0\u00bbmiddle\u00a0\u00bb css=\u00a0\u00bb.vc_custom_1670153566245{margin-top: 4rem !important;margin-bottom: 1rem !important;background-color: #24272b !important;}\u00a0\u00bb][vc_column width=\u00a0\u00bb2\/3&Prime;][vc_single_image image=\u00a0\u00bb2940&Prime;][\/vc_column][vc_column width=\u00a0\u00bb1\/3&Prime;][vc_column_text]\n<h2>Multi-\u00e9crans simultan\u00e9s<\/h2>\n<p>Qu\u2019ils soient sur tablette, smartphone ou ordinateur, les participants peuvent suivre en temps r\u00e9el le d\u00e9roulement du tirage au sort. La s\u00e9lection des gagnants peut \u00eatre v\u00e9cue n\u2019importe o\u00f9, jusqu\u2019aux toilettes ![\/vc_column_text]<a href=\"https:\/\/game.boomboomshot.com\/signup\" class=\"vcex-button theme-button inline m-t-\u2021 flex-inline-container\"><span class=\"theme-button-inner\">Commencer (gratuit)<span class=\"vcex-icon-wrap theme-button-icon-right\"><span class=\"ticon ticon-long-arrow-right\" aria-hidden=\"true\"><\/span><\/span><\/span><\/a> [\/vc_column][\/vc_row][vc_row full_width=\u00a0\u00bbstretch_row\u00a0\u00bb content_placement=\u00a0\u00bbmiddle\u00a0\u00bb columns_right=\u00a0\u00bbyes\u00a0\u00bb css=\u00a0\u00bb.vc_custom_1670106000325{margin-top: 1rem !important;margin-bottom: 1rem !important;background-color: #24272b !important;}\u00a0\u00bb][vc_column width=\u00a0\u00bb2\/3&Prime;][vc_single_image image=\u00a0\u00bb2930&Prime;][\/vc_column][vc_column width=\u00a0\u00bb1\/3&Prime;][vc_column_text]\n<h2>Personnalisation du tirage<\/h2>\n<p>Mettez le jeu aux couleurs de votre \u00e9tablissement et laissez aux joueurs une impression durable de votre \u00e9v\u00e9nement en personnalisant le logo et le fond de la roue.[\/vc_column_text]<a href=\"https:\/\/game.boomboomshot.com\/signup\" class=\"vcex-button theme-button inline m-t-\u2021 flex-inline-container\"><span class=\"theme-button-inner\">Commencer (gratuit)<span class=\"vcex-icon-wrap theme-button-icon-right\"><span class=\"ticon ticon-long-arrow-right\" aria-hidden=\"true\"><\/span><\/span><\/span><\/a> [\/vc_column][\/vc_row][vc_row full_width=\u00a0\u00bbstretch_row\u00a0\u00bb content_placement=\u00a0\u00bbmiddle\u00a0\u00bb css=\u00a0\u00bb.vc_custom_1713904932435{margin-top: 1rem !important;margin-bottom: 1rem !important;background-color: #24272b !important;}\u00a0\u00bb][vc_column width=\u00a0\u00bb2\/3&Prime;][vc_single_image image=\u00a0\u00bb5370&Prime;][\/vc_column][vc_column width=\u00a0\u00bb1\/3&Prime;][vc_column_text]\n<h2>Formulaires d&rsquo;inscription personnalisables<\/h2>\n<p>Transformez chaque \u00e9v\u00e9nement, des salons professionnels aux festivals, en une occasion d&rsquo;enrichir votre base de donn\u00e9es clients avec Boom Boom Shot. Personnalisez et capturez facilement les informations essentielles via nos formulaires d&rsquo;inscription. Exportez ces donn\u00e9es en format CSV, compatible avec Google Sheets, Microsoft Excel et d&rsquo;autres outils de tableur, pour dynamiser vos campagnes marketing efficacement.[\/vc_column_text]<a href=\"https:\/\/game.boomboomshot.com\/signup\" class=\"vcex-button theme-button inline m-t-\u2021 flex-inline-container\"><span class=\"theme-button-inner\">Commencer (gratuit)<span class=\"vcex-icon-wrap theme-button-icon-right\"><span class=\"ticon ticon-long-arrow-right\" aria-hidden=\"true\"><\/span><\/span><\/span><\/a> [\/vc_column][\/vc_row][vc_row full_width=\u00a0\u00bbstretch_row\u00a0\u00bb content_placement=\u00a0\u00bbmiddle\u00a0\u00bb columns_right=\u00a0\u00bbyes\u00a0\u00bb css=\u00a0\u00bb.vc_custom_1713904949524{margin-top: 1rem !important;margin-bottom: 1rem !important;background-color: #24272b !important;}\u00a0\u00bb][vc_column width=\u00a0\u00bb2\/3&Prime;][vc_single_image image=\u00a0\u00bb4147&Prime;][\/vc_column][vc_column width=\u00a0\u00bb1\/3&Prime;][vc_column_text]\n<h2>Ajoutez vos propres lots<\/h2>\n<p>Ajoutez vos propres lots aux tirages au sort pour rendre l\u2019\u00e9v\u00e9nement encore plus excitant pour vos participant.[\/vc_column_text]<a href=\"https:\/\/game.boomboomshot.com\/signup\" class=\"vcex-button theme-button inline m-t-\u2021 flex-inline-container\"><span class=\"theme-button-inner\">Commencer (gratuit)<span class=\"vcex-icon-wrap theme-button-icon-right\"><span class=\"ticon ticon-long-arrow-right\" aria-hidden=\"true\"><\/span><\/span><\/span><\/a> [\/vc_column][\/vc_row][vc_row full_width=\u00a0\u00bbstretch_row\u00a0\u00bb content_placement=\u00a0\u00bbmiddle\u00a0\u00bb css=\u00a0\u00bb.vc_custom_1713904979916{margin-top: 1rem !important;margin-bottom: 1rem !important;background-color: #24272b !important;}\u00a0\u00bb][vc_column width=\u00a0\u00bb2\/3&Prime;][vc_single_image image=\u00a0\u00bb2936&Prime;][\/vc_column][vc_column width=\u00a0\u00bb1\/3&Prime;][vc_column_text]\n<h2>Algorithme de s\u00e9lection<\/h2>\n<p>Si Boom Boom Shot s\u00e9lectionne les gagnants de mani\u00e8re totalement al\u00e9atoire, un algorithme intelligent a \u00e9t\u00e9 cr\u00e9\u00e9e pour que la d\u00e9signation des gagnants soit faite \u00e0 un maximum de participants afin d\u2019\u00eatre v\u00e9cue comme une exp\u00e9rience positive par le plus grand nombre.[\/vc_column_text]<a href=\"https:\/\/game.boomboomshot.com\/signup\" class=\"vcex-button theme-button inline m-t-\u2021 flex-inline-container\"><span class=\"theme-button-inner\">Commencer (gratuit)<span class=\"vcex-icon-wrap theme-button-icon-right\"><span class=\"ticon ticon-long-arrow-right\" aria-hidden=\"true\"><\/span><\/span><\/span><\/a> [\/vc_column][\/vc_row][vc_row full_width=\u00a0\u00bbstretch_row\u00a0\u00bb content_placement=\u00a0\u00bbmiddle\u00a0\u00bb columns_right=\u00a0\u00bbyes\u00a0\u00bb css=\u00a0\u00bb.vc_custom_1713905005358{margin-top: 1rem !important;margin-bottom: 1rem !important;background-color: #24272b !important;}\u00a0\u00bb][vc_column width=\u00a0\u00bb2\/3&Prime;][vc_single_image image=\u00a0\u00bb2932&Prime;][\/vc_column][vc_column width=\u00a0\u00bb1\/3&Prime;][vc_column_text]\n<h2>Auto-inscription des participants<\/h2>\n<p>Avec Boom Boom Shot les participants de votre tirage au sort s\u2019inscrivent d\u2019eux-m\u00eame au moyen de leur t\u00e9l\u00e9phone portable.[\/vc_column_text]<a href=\"https:\/\/game.boomboomshot.com\/signup\" class=\"vcex-button theme-button inline m-t-\u2021 flex-inline-container\"><span class=\"theme-button-inner\">Commencer (gratuit)<span class=\"vcex-icon-wrap theme-button-icon-right\"><span class=\"ticon ticon-long-arrow-right\" aria-hidden=\"true\"><\/span><\/span><\/span><\/a> [\/vc_column][\/vc_row][vc_row full_width=\u00a0\u00bbstretch_row\u00a0\u00bb content_placement=\u00a0\u00bbmiddle\u00a0\u00bb css=\u00a0\u00bb.vc_custom_1713905088627{margin-top: 1rem !important;margin-bottom: 1rem !important;background-color: #24272b !important;}\u00a0\u00bb][vc_column width=\u00a0\u00bb2\/3&Prime;][vc_single_image image=\u00a0\u00bb2946&Prime;][\/vc_column][vc_column width=\u00a0\u00bb1\/3&Prime;][vc_column_text]\n<h2>Un ou plusieurs gagnants<\/h2>\n<p>La roue du tirage au sort Boom Boom Shot choisit g\u00e9n\u00e9ralement un unique gagnant mais elle peut parfois se montrer plus g\u00e9n\u00e9reuse et d\u00e9signer jusqu\u2019\u00e0 10 \u00e9lus. Vous avez la possibilit\u00e9 d\u2019ajuster facilement le nombre maximum de joueurs s\u00e9lectionn\u00e9s gr\u00e2ce \u00e0 un simple slider.[\/vc_column_text]<a href=\"https:\/\/game.boomboomshot.com\/signup\" class=\"vcex-button theme-button inline m-t-\u2021 flex-inline-container\"><span class=\"theme-button-inner\">Commencer (gratuit)<span class=\"vcex-icon-wrap theme-button-icon-right\"><span class=\"ticon ticon-long-arrow-right\" aria-hidden=\"true\"><\/span><\/span><\/span><\/a> [\/vc_column][\/vc_row][vc_row full_width=\u00a0\u00bbstretch_row\u00a0\u00bb content_placement=\u00a0\u00bbmiddle\u00a0\u00bb columns_right=\u00a0\u00bbyes\u00a0\u00bb css=\u00a0\u00bb.vc_custom_1713905101108{margin-top: 1rem !important;margin-bottom: 1rem !important;background-color: #24272b !important;}\u00a0\u00bb][vc_column width=\u00a0\u00bb2\/3&Prime;][vc_single_image image=\u00a0\u00bb2944&Prime;][\/vc_column][vc_column width=\u00a0\u00bb1\/3&Prime;][vc_column_text]\n<h2>Param\u00e8tres de lancement de la roue<\/h2>\n<p>Ajustez le rythme du tirage au sort \u00e0 l\u2019ambiance du lieu en choisissant parmi 3 types de lancement de la roue :<\/p>\n<ul>\n<li><strong>Compte \u00e0 rebours<\/strong> : d\u00e9finissez le nombre de minutes entre chaque lancement automatique de roue.<\/li>\n<li><strong>Lancement al\u00e9atoire<\/strong> : cr\u00e9ez la surprise en laissant la roue de lancer al\u00e9atoirement entre deux plages de temps.<\/li>\n<li><strong>Lancement manuel<\/strong> : lancez la roue manuellement<\/li>\n<\/ul>\n[\/vc_column_text]<a href=\"https:\/\/game.boomboomshot.com\/signup\" class=\"vcex-button theme-button inline m-t-\u2021 flex-inline-container\"><span class=\"theme-button-inner\">Commencer (gratuit)<span class=\"vcex-icon-wrap theme-button-icon-right\"><span class=\"ticon ticon-long-arrow-right\" aria-hidden=\"true\"><\/span><\/span><\/span><\/a> [\/vc_column][\/vc_row][vc_row full_width=\u00a0\u00bbstretch_row\u00a0\u00bb content_placement=\u00a0\u00bbmiddle\u00a0\u00bb css=\u00a0\u00bb.vc_custom_1670106019409{margin-top: 1rem !important;margin-bottom: 1rem !important;background-color: #24272b !important;}\u00a0\u00bb][vc_column width=\u00a0\u00bb2\/3&Prime;][vc_single_image image=\u00a0\u00bb3226&Prime;][\/vc_column][vc_column width=\u00a0\u00bb1\/3&Prime;][vc_column_text]\n<h2>Notification des gagnants<\/h2>\n<p>En activant cette option, Boom Boom Shot envoie un email au gagnant de chaque tirage au sort. Ainsi les participants de votre tirage au sort n\u2019ont pas besoin de rester sur place \u00e0 chaque tirage : ils peuvent simplement s\u2019inscrire puis aller o\u00f9 bon leur semble. S\u2019ils sont s\u00e9lectionn\u00e9s, Boom Boom Shot se chargera de leur envoyer un email. Ils devront alors retourner vers l\u2019administrateur (vous) pour r\u00e9cup\u00e9rer leur prix. Cette option est optionnelle dans le cas o\u00f9 vous pr\u00e9f\u00e8reriez que votre public reste dans les parages.[\/vc_column_text]<a href=\"https:\/\/game.boomboomshot.com\/signup\" class=\"vcex-button theme-button inline m-t-\u2021 flex-inline-container\"><span class=\"theme-button-inner\">Commencer (gratuit)<span class=\"vcex-icon-wrap theme-button-icon-right\"><span class=\"ticon ticon-long-arrow-right\" aria-hidden=\"true\"><\/span><\/span><\/span><\/a> [\/vc_column][\/vc_row][vc_row full_width=\u00a0\u00bbstretch_row\u00a0\u00bb content_placement=\u00a0\u00bbmiddle\u00a0\u00bb columns_right=\u00a0\u00bbyes\u00a0\u00bb css=\u00a0\u00bb.vc_custom_1670106022907{margin-top: 1rem !important;margin-bottom: 1rem !important;background-color: #24272b !important;}\u00a0\u00bb][vc_column width=\u00a0\u00bb2\/3&Prime;][vc_single_image image=\u00a0\u00bb2934&Prime;][\/vc_column][vc_column width=\u00a0\u00bb1\/3&Prime;][vc_column_text]\n<h2>Email marketing<\/h2>\n<p>Tandis que les participants se rem\u00e9morent l\u2019excellent l\u2019excitation de votre tirage au sort, voil\u00e0 qu\u2019ils re\u00e7oivent un email qui les remercie pour leur participation. Cet email peut \u00eatre personnalis\u00e9 pour avoir une port\u00e9e marketing, promotionnelle, de fid\u00e9lisation, ou tout autre levier que vous jugerez opportun.[\/vc_column_text]<a href=\"https:\/\/game.boomboomshot.com\/signup\" class=\"vcex-button theme-button inline m-t-\u2021 flex-inline-container\"><span class=\"theme-button-inner\">Commencer (gratuit)<span class=\"vcex-icon-wrap theme-button-icon-right\"><span class=\"ticon ticon-long-arrow-right\" aria-hidden=\"true\"><\/span><\/span><\/span><\/a> [\/vc_column][\/vc_row][vc_row full_width=\u00a0\u00bbstretch_row\u00a0\u00bb content_placement=\u00a0\u00bbmiddle\u00a0\u00bb css=\u00a0\u00bb.vc_custom_1696969974473{margin-top: 1rem !important;margin-bottom: 1rem !important;background-color: #24272b !important;}\u00a0\u00bb][vc_column width=\u00a0\u00bb2\/3&Prime;][vc_single_image image=\u00a0\u00bb4145&Prime;][\/vc_column][vc_column width=\u00a0\u00bb1\/3&Prime;][vc_column_text]\n<h2>Librairie d\u2019avatars<\/h2>\n<p>Personnalisez les images de profil des participants de vos tirages au sort pour donner \u00e0 votre marque une place encore plus visible.[\/vc_column_text]<a href=\"https:\/\/game.boomboomshot.com\/signup\" class=\"vcex-button theme-button inline m-t-\u2021 flex-inline-container\"><span class=\"theme-button-inner\">Commencer (gratuit)<span class=\"vcex-icon-wrap theme-button-icon-right\"><span class=\"ticon ticon-long-arrow-right\" aria-hidden=\"true\"><\/span><\/span><\/span><\/a> [\/vc_column][\/vc_row][vc_row full_width=\u00a0\u00bbstretch_row\u00a0\u00bb content_placement=\u00a0\u00bbmiddle\u00a0\u00bb columns_right=\u00a0\u00bbyes\u00a0\u00bb css=\u00a0\u00bb.vc_custom_1696969979541{margin-top: 1rem !important;margin-bottom: 1rem !important;background-color: #24272b !important;}\u00a0\u00bb][vc_column width=\u00a0\u00bb2\/3&Prime;][vc_single_image image=\u00a0\u00bb2942&Prime;][\/vc_column][vc_column width=\u00a0\u00bb1\/3&Prime;][vc_column_text]\n<h2>Liens r\u00e9seaux sociaux<\/h2>\n<p>Donnez aux joueurs un acc\u00e8s direct \u00e0 vos r\u00e9seaux sociaux depuis la roue et boostez votre nombre de followers et de likes ! Vous avez \u00e9galement la possibilit\u00e9 de mettre un lien rapide vers la carte de vos consommations ainsi qu\u2019un lien vers votre site internet. Pour le moment, Boom Boom Shot permet de lier les \u00e9l\u00e9ments suivants :<\/p>\n<ul>\n<li>Google Maps<\/li>\n<li>Facebook<\/li>\n<li>Instagram<\/li>\n<li>Carte des consommations<\/li>\n<li>Site internet<\/li>\n<\/ul>\n[\/vc_column_text]<a href=\"https:\/\/game.boomboomshot.com\/signup\" class=\"vcex-button theme-button inline m-t-\u2021 flex-inline-container\"><span class=\"theme-button-inner\">Commencer (gratuit)<span class=\"vcex-icon-wrap theme-button-icon-right\"><span class=\"ticon ticon-long-arrow-right\" aria-hidden=\"true\"><\/span><\/span><\/span><\/a> [\/vc_column][\/vc_row][vc_row full_width=\u00a0\u00bbstretch_row\u00a0\u00bb content_placement=\u00a0\u00bbmiddle\u00a0\u00bb css=\u00a0\u00bb.vc_custom_1670250518425{margin-top: 1rem !important;margin-bottom: 1rem !important;background-color: #24272b !important;}\u00a0\u00bb][vc_column width=\u00a0\u00bb2\/3&Prime;][vc_single_image image=\u00a0\u00bb2938&Prime;][\/vc_column][vc_column width=\u00a0\u00bb1\/3&Prime;][vc_column_text]\n<h2>Lecteur multim\u00e9dia<\/h2>\n<p>Pour que votre ambiance musicale et les sons de Boom Boom Shot soient en harmonie, vous avez la possibilit\u00e9 d\u2019int\u00e9grer vid\u00e9os et playlists audio directement dans le jeu avec YouTube, Spotify ou Deezer. A noter que l\u2019app met la lecture en pause au lancement de la roue pour attirer l\u2019attention de toute l\u2019assistance (Youtube uniquement).[\/vc_column_text]<a href=\"https:\/\/game.boomboomshot.com\/signup\" class=\"vcex-button theme-button inline m-t-\u2021 flex-inline-container\"><span class=\"theme-button-inner\">Commencer (gratuit)<span class=\"vcex-icon-wrap theme-button-icon-right\"><span class=\"ticon ticon-long-arrow-right\" aria-hidden=\"true\"><\/span><\/span><\/span><\/a> [\/vc_column][\/vc_row][vc_row css=\u00a0\u00bb.vc_custom_1670441423277{margin-top: 4rem !important;}\u00a0\u00bb el_class=\u00a0\u00bbvc_column-inner-m-b-0&Prime;][vc_column]<div class=\"templatera_shortcode\"><div data-vc-full-width=\"true\" data-vc-full-width-init=\"false\" class=\"vc_row wpb_row vc_row-fluid border-t vc_custom_1670178810630 wpex-vc_row-has-fill wpex-vc-row-stretched\" style=\"background-position:center center !important;\"><div class=\"wpb_column vc_column_container vc_col-sm-12\"><div class=\"vc_column-inner\"><div class=\"wpb_wrapper\"><div class=\"vc_row wpb_row vc_inner vc_row-fluid\"><div class=\"wpb_column maxw-400px object-center vc_column_container vc_col-sm-12\"><div class=\"vc_column-inner\"><div class=\"wpb_wrapper\">\n\t<div class=\"wpb_text_column wpb_content_element \" >\n\t\t<div class=\"wpb_wrapper\">\n\t\t\t<h2 style=\"text-align: center;\">L\u2019app de tirage au sort moderne<\/h2>\n\n\t\t<\/div>\n\t<\/div>\n<div class=\"vc_custom_1703760396448 wpex-clr\"><a href=\"https:\/\/game.boomboomshot.com\/signup\" class=\"vcex-button theme-button inline button-primary w-100 maxw-430px m-x-auto\"><span class=\"theme-button-inner\">Commencer (gratuit)<span class=\"vcex-icon-wrap theme-button-icon-right\"><span class=\"ticon ticon-long-arrow-right\" aria-hidden=\"true\"><\/span><\/span><\/span><\/a><\/div> <\/div><\/div><\/div><\/div><\/div><\/div><\/div><\/div><div class=\"vc_row-full-width vc_clearfix\"><\/div><\/div>[\/vc_column][\/vc_row]\n","protected":false},"excerpt":{"rendered":"L\u2019app de tirage au sort la plus compl\u00e8te du march\u00e9 Algorithme de s\u00e9lection, multi-\u00e9crans en temps r\u00e9el, auto-inscription des joueurs, le logiciel de tirage au sort pour soir\u00e9es et bars Boom Boom Shot est un concentr\u00e9 de technologie. Multi-\u00e9crans simultan\u00e9s&hellip;","protected":false},"author":1,"featured_media":0,"parent":0,"menu_order":0,"comment_status":"closed","ping_status":"closed","template":"templates\/no-sidebar.php","meta":{"footnotes":""},"class_list":["post-1270","page","type-page","status-publish","hentry","entry","no-media"],"_links":{"self":[{"href":"https:\/\/boomboomshot.com\/fr\/wp-json\/wp\/v2\/pages\/1270","targetHints":{"allow":["GET"]}}],"collection":[{"href":"https:\/\/boomboomshot.com\/fr\/wp-json\/wp\/v2\/pages"}],"about":[{"href":"https:\/\/boomboomshot.com\/fr\/wp-json\/wp\/v2\/types\/page"}],"author":[{"embeddable":true,"href":"https:\/\/boomboomshot.com\/fr\/wp-json\/wp\/v2\/users\/1"}],"replies":[{"embeddable":true,"href":"https:\/\/boomboomshot.com\/fr\/wp-json\/wp\/v2\/comments?post=1270"}],"version-history":[{"count":130,"href":"https:\/\/boomboomshot.com\/fr\/wp-json\/wp\/v2\/pages\/1270\/revisions"}],"predecessor-version":[{"id":5386,"href":"https:\/\/boomboomshot.com\/fr\/wp-json\/wp\/v2\/pages\/1270\/revisions\/5386"}],"wp:attachment":[{"href":"https:\/\/boomboomshot.com\/fr\/wp-json\/wp\/v2\/media?parent=1270"}],"curies":[{"name":"wp","href":"https:\/\/api.w.org\/{rel}","templated":true}]}}