{"id":1276,"date":"2021-08-17T15:47:02","date_gmt":"2021-08-17T15:47:02","guid":{"rendered":"https:\/\/boomboomshot.com\/?page_id=1276"},"modified":"2023-03-20T18:29:17","modified_gmt":"2023-03-20T17:29:17","slug":"jeu-tirage-sort-shot-soirees-privees","status":"publish","type":"page","link":"https:\/\/boomboomshot.com\/fr\/jeu-tirage-sort-shot-soirees-privees\/","title":{"rendered":"Pour f\u00eates priv\u00e9es"},"content":{"rendered":"[vc_row full_width=\u00a0\u00bbstretch_row\u00a0\u00bb content_placement=\u00a0\u00bbmiddle\u00a0\u00bb parallax=\u00a0\u00bbcontent-moving\u00a0\u00bb tablet_fullwidth_cols=\u00a0\u00bbyes\u00a0\u00bb css=\u00a0\u00bb.vc_custom_1636390107901{padding-top: 2rem !important;padding-bottom: 2rem !important;background: #24272b url(https:\/\/boomboomshot.com\/wp-content\/uploads\/2021\/08\/privateparties-bg-cover-1.jpg?id=1109);background-position: center;background-repeat: no-repeat !important;background-size: cover !important;}\u00a0\u00bb el_class=\u00a0\u00bbz-index-1 border-b is-justify-center\u00a0\u00bb][vc_column width=\u00a0\u00bb1\/2&Prime; el_class=\u00a0\u00bbm-t-\u221e md:m-t-\u2021\u00a0\u00bb][vc_column_text]\n<h1>Le tirage au sort en ligne pour vos f\u00eates<\/h1>\n<p>Soir\u00e9es en appartement, soir\u00e9es \u00e9tudiantes, enterrement de vie de gar\u00e7on EVG, enterrement de vie de jeune fille EVJF et cr\u00e9maill\u00e8res sont autant d&rsquo;\u00e9v\u00e9nements durant lesquels le jeu de tirage au sort Boom Boom Shot fait mouche.[\/vc_column_text][vc_row_inner css=\u00a0\u00bb.vc_custom_1679333313644{margin-top: 0.5rem !important;}\u00a0\u00bb][vc_column_inner]<div class=\"vcex-shortcode wpex-clr\"><div class=\"templatera_shortcode\"><div class=\"vc_row wpb_row vc_row-fluid vc_row_flex vc_custom_1679332620281\"><div class=\"wpb_column vc_column_container vc_col-sm-12\"><div class=\"vc_column-inner\"><div class=\"wpb_wrapper\"><a href=\"https:\/\/game.boomboomshot.com\/signup\" class=\"vcex-button theme-button inline button-primary\"><span class=\"theme-button-inner\">Commencer (gratuit)<span class=\"vcex-icon-wrap theme-button-icon-right\"><span class=\"ticon ticon-long-arrow-right\" aria-hidden=\"true\"><\/span><\/span><\/span><\/a> <a href=\"https:\/\/game.boomboomshot.com\/login\" class=\"vcex-button theme-button inline button-secondary\"><span class=\"theme-button-inner\">Se connecter<\/span><\/a> <\/div><\/div><\/div><\/div><\/div><\/div>[\/vc_column_inner][\/vc_row_inner][\/vc_column][vc_column width=\u00a0\u00bb1\/2&Prime;][vc_single_image image=\u00a0\u00bb1105&Prime;][\/vc_column][\/vc_row][vc_row full_width=\u00a0\u00bbstretch_row\u00a0\u00bb content_placement=\u00a0\u00bbmiddle\u00a0\u00bb css=\u00a0\u00bb.vc_custom_1627995057123{background-color: #24272b !important;}\u00a0\u00bb][vc_column width=\u00a0\u00bb2\/3&Prime;][vc_single_image image=\u00a0\u00bb1492&Prime;][\/vc_column][vc_column width=\u00a0\u00bb1\/3&Prime;][vc_column_text]\n<h2 class=\"m-b-\u2021\">Jusqu\u2019au bout de la nuit<\/h2>\n<p>En tirant r\u00e9guli\u00e8rement vos invit\u00e9s au sort \u00e0 la mani\u00e8re d\u2019un jeu t\u00e9l\u00e9vis\u00e9 dans une ambiance qui rappelle Las Vegas et en r\u00e9compensant les heureux \u00e9lus du cadeau de votre choix (une boisson, un gage, un cadeau, etc.) Boom Boom Shot apporte une touche d\u2019impr\u00e9vu et d\u2019euphorie qui entra\u00eenera la f\u00eate dans un tourbillon de folie, jusqu\u2019au bout de la nuit.[\/vc_column_text][\/vc_column][\/vc_row][vc_row full_width=\u00a0\u00bbstretch_row\u00a0\u00bb content_placement=\u00a0\u00bbmiddle\u00a0\u00bb columns_right=\u00a0\u00bbyes\u00a0\u00bb css=\u00a0\u00bb.vc_custom_1629662576485{background-color: #24272b !important;}\u00a0\u00bb][vc_column width=\u00a0\u00bb2\/3&Prime;][vc_single_image image=\u00a0\u00bb1488&Prime;][\/vc_column][vc_column width=\u00a0\u00bb1\/3&Prime;][vc_column_text]\n<h2 class=\"m-b-\u2021\">Vos invit\u00e9s interagissent plus<\/h2>\n<p>Si pour certains de vos invit\u00e9s le contact est facile, pour d&rsquo;autres aller \u00e0 la rencontre de gens qu&rsquo;ils ne connaissent pas peut se r\u00e9v\u00e9ler compliqu\u00e9. Boom Boom Shot est l\u00e0 pour les aider : en les mettant al\u00e9atoirement sur le devant de la sc\u00e8ne durant la f\u00eate, les invit\u00e9s interagissent plus et les affinit\u00e9s se cr\u00e9ent.[\/vc_column_text][\/vc_column][\/vc_row][vc_row full_width=\u00a0\u00bbstretch_row\u00a0\u00bb content_placement=\u00a0\u00bbmiddle\u00a0\u00bb][vc_column width=\u00a0\u00bb1\/2&Prime;][vc_column_text]\n<h2 style=\"font-size: 2rem; text-align: center;\">\u00a0<span class=\"wpex-accent-color\" style=\"font-size: 4rem;\">4<\/span><br \/>\n\u00e9tapes<\/h2>\n[\/vc_column_text][vc_raw_html]PHZpZGVvIGNsYXNzPSJtLXkt4oieIG1kOm0teS3igKEgYm9yZGVyLXJhZGl1cy1sZyBkcm9wc2hhZG93IiBzdHlsZT0iZGlzcGxheTogYmxvY2s7IG1hcmdpbi1yaWdodDogYXV0bzsgbWFyZ2luLWxlZnQ6IGF1dG87IiBwb3N0ZXI9IiIgYXV0b3BsYXk9ImF1dG9wbGF5IiBsb29wPSJsb29wIiBtdXRlZD0iIiB3aWR0aD0iMTAwJSIgaGVpZ2h0PSJhdXRvIj4NCjxzb3VyY2Ugc3JjPSJodHRwczovL2Jvb21ib29tc2hvdC5jb20vd3AtY29udGVudC91cGxvYWRzLzIwMjEvMDcvM3N0ZXBzLm1wNCIgdHlwZT0idmlkZW8vbXA0IiAvPiZuYnNwOw0KDQo8L3ZpZGVvPg==[\/vc_raw_html][\/vc_column][vc_column width=\u00a0\u00bb1\/2&Prime;][vc_column_text]\n<h3 class=\"m-t-\u03c0\"><span class=\"wpex-accent-color\">1.<\/span> Inscrivez-vous gratuitement<\/h3>\n<p>Cr\u00e9ez votre compte Boom Boom Shot en quelques minutes.<\/p>\n<hr class=\"m-y-0\" \/>\n<h3 class=\"m-t-\u03c0\"><span class=\"wpex-accent-color\">2.<\/span> Cr\u00e9ez une partie<\/h3>\n<p>Le jour J lancez une partie et diffusez-la sur votre TV.<\/p>\n<hr class=\"m-y-0\" \/>\n<h3 class=\"m-t-\u03c0\"><span class=\"wpex-accent-color\">3.<\/span> Ajoutez vos invit\u00e9s<\/h3>\n<p>Vous avez la possibilit\u00e9 d&rsquo;ajouter vos amis manuellement ou de les laisser s&rsquo;inscrire eux-m\u00eames \u00e0 leur arriv\u00e9e via simple QR code.<\/p>\n<hr class=\"m-y-0\" \/>\n<h3 class=\"m-t-\u03c0\"><span class=\"wpex-accent-color\">4.<\/span> Lancez la partie<\/h3>\n<p>Badaboom![\/vc_column_text][\/vc_column][\/vc_row][vc_row][vc_column][vc_row_inner][vc_column_inner el_class=\u00a0\u00bbobject-center\u00a0\u00bb width=\u00a0\u00bb1\/3&Prime; offset=\u00a0\u00bbvc_col-lg-4 vc_col-md-6 vc_col-xs-12&Prime;]<a href=\"https:\/\/game.boomboomshot.com\/\" class=\"vcex-button theme-button inline button-primary m-t-\u2021 flex-container p-x-\u2021\"><span class=\"theme-button-inner\">Je m&rsquo;inscris (gratuit)<\/span><\/a> [\/vc_column_inner][\/vc_row_inner][\/vc_column][\/vc_row][vc_row][vc_column][vc_column_text]\n<h2 class=\"m-b-\u2021\" style=\"text-align: center;\">Ce qu&rsquo;en pensent nos <span class=\"wpex-accent-color\">utilisateurs<\/span><\/h2>\n[\/vc_column_text][vc_row_inner equal_height=\u00a0\u00bbyes\u00a0\u00bb content_placement=\u00a0\u00bbtop\u00a0\u00bb gap=\u00a0\u00bb10&Prime; el_class=\u00a0\u00bbm-b-\u03c0\u00a0\u00bb][vc_column_inner el_class=\u00a0\u00bbflex-1 m-x-\u00b5\u00a0\u00bb width=\u00a0\u00bb1\/3&Prime; css=\u00a0\u00bb.vc_custom_1634310784123{padding-top: 1rem !important;padding-bottom: 1rem !important;}\u00a0\u00bb][vc_single_image image=\u00a0\u00bb1124&Prime; style=\u00a0\u00bbvc_box_circle_2&Prime; el_class=\u00a0\u00bbmaxw-100px object-center dropshadow m-b-\u03c0\u00a0\u00bb][vc_column_text]\n<p style=\"text-align: center;\">\u00ab\u00a0J&rsquo;en avais marre de ces soir\u00e9es Beer Pongs, Boom Boom Shot c&rsquo;est mieux.\u00a0\u00bb<\/p>\n<p style=\"text-align: center;\"><em><strong>Fred<\/strong><\/em><\/p>\n[\/vc_column_text][\/vc_column_inner][vc_column_inner el_class=\u00a0\u00bbflex-1 m-x-\u00b5\u00a0\u00bb width=\u00a0\u00bb1\/3&Prime; css=\u00a0\u00bb.vc_custom_1634310786619{padding-top: 1rem !important;padding-bottom: 1rem !important;}\u00a0\u00bb][vc_single_image image=\u00a0\u00bb1126&Prime; style=\u00a0\u00bbvc_box_circle_2&Prime; el_class=\u00a0\u00bbmaxw-100px object-center dropshadow m-b-\u03c0\u00a0\u00bb][vc_column_text]\n<p style=\"text-align: center;\">\u00ab\u00a0Mon enterrement de vie de jeune fille n&rsquo;aurait pas \u00e9t\u00e9 le m\u00eame sans Boom Boom Shot.\u00a0\u00bb<\/p>\n<p style=\"text-align: center;\"><em><strong>Jaja<\/strong><\/em><\/p>\n[\/vc_column_text][\/vc_column_inner][vc_column_inner el_class=\u00a0\u00bbflex-1 m-x-\u00b5\u00a0\u00bb width=\u00a0\u00bb1\/3&Prime; css=\u00a0\u00bb.vc_custom_1634310789140{padding-top: 1rem !important;padding-bottom: 1rem !important;}\u00a0\u00bb][vc_single_image image=\u00a0\u00bb1128&Prime; style=\u00a0\u00bbvc_box_circle_2&Prime; el_class=\u00a0\u00bbmaxw-100px object-center dropshadow m-b-\u03c0\u00a0\u00bb][vc_column_text]\n<p style=\"text-align: center;\">\u00ab\u00a0Mon anniversaire s&rsquo;est fini bien trop tard \u00e0 cause de Boom Boom Shot \ud83d\ude06.\u00a0\u00bb<\/p>\n<p style=\"text-align: center;\"><em><strong>Matt&rsquo;<\/strong><\/em><\/p>\n[\/vc_column_text][\/vc_column_inner][\/vc_row_inner][\/vc_column][\/vc_row][vc_row full_width=\u00a0\u00bbstretch_row\u00a0\u00bb][vc_column][vc_column_text text_align=\u00a0\u00bbcenter\u00a0\u00bb css=\u00a0\u00bb.vc_custom_1626353961332{margin-bottom: 2rem !important;}\u00a0\u00bb]\n<h2 style=\"text-align: center;\"><span class=\"wpex-accent-color\">Blog<\/span><\/h2>\n[\/vc_column_text]<div class=\"vcex-module wpex-carousel wpex-carousel-blog wpex-clr owl-carousel arrwstyle-default box p-\u03c0\" data-wpex-carousel=\"{&quot;nav&quot;:true,&quot;dots&quot;:false,&quot;autoplay&quot;:false,&quot;loop&quot;:true,&quot;center&quot;:false,&quot;smartSpeed&quot;:250,&quot;items&quot;:4,&quot;slideBy&quot;:1,&quot;autoplayTimeout&quot;:5000,&quot;margin&quot;:15,&quot;itemsTablet&quot;:3,&quot;itemsMobileLandscape&quot;:2,&quot;itemsMobilePortrait&quot;:1,&quot;autoWidth&quot;:false,&quot;autoHeight&quot;:false}\"><div class=\"wpex-carousel-slide wpex-clr has-media\"><div class=\"wpex-carousel-entry-media entry-media wpex-rounded-0 wpex-mb-20\"><a href=\"https:\/\/boomboomshot.com\/fr\/mise-a-jour-de-la-rentree-2025-des-tirages-au-sort-plus-intelligents-plus-surs-et-encore-plus-engageants\/\" title=\"Mise \u00e0 jour de la rentr\u00e9e 2025 : des tirages au sort plus intelligents, plus s\u00fbrs et encore plus engageants\" class=\"wpex-carousel-entry-img\"><img loading=\"lazy\" decoding=\"async\" data-no-lazy=\"1\" class=\"wpex-align-middle wpex-rounded-0 skip-lazy\" src=\"https:\/\/boomboomshot.com\/wp-content\/uploads\/2025\/10\/blog_image-updates-2025-09-fr-1024x341.webp\" alt=\"\" width=\"1024\" height=\"341\" \/><i class=\"wpex-thumbnail-format-icon wpex-block wpex-right-0 wpex-bottom-0 wpex-mr-15 wpex-mb-15 wpex-absolute wpex-text-white wpex-text-center wpex-leading-none wpex-opacity-0 wpex-onload-opacity-100\" aria-hidden=\"true\"><span class=\"ticon ticon-file-text-o\"><\/span><\/i><\/a><\/div><div class=\"wpex-carousel-entry-details entry-details wpex-first-mt-0 wpex-last-mb-0 wpex-clr\"><div class=\"wpex-carousel-entry-title entry-title wpex-mb-5\" style=\"font-size:1rem;\"><a href=\"https:\/\/boomboomshot.com\/fr\/mise-a-jour-de-la-rentree-2025-des-tirages-au-sort-plus-intelligents-plus-surs-et-encore-plus-engageants\/\">Mise \u00e0 jour de la rentr\u00e9e 2025 : des tirages au sort plus intelligents, plus s\u00fbrs et encore plus engageants<\/a><\/div><\/div><\/div><div class=\"wpex-carousel-slide wpex-clr has-media\"><div class=\"wpex-carousel-entry-media entry-media wpex-rounded-0 wpex-mb-20\"><a href=\"https:\/\/boomboomshot.com\/fr\/tirage-au-sort-10-idees-de-cadeaux-pour-la-saint-valentin-2025\/\" title=\"Tirage au sort : 10 id\u00e9es de cadeaux pour la Saint Valentin 2025\" class=\"wpex-carousel-entry-img\"><img loading=\"lazy\" decoding=\"async\" data-no-lazy=\"1\" class=\"wpex-align-middle wpex-rounded-0 skip-lazy\" src=\"https:\/\/boomboomshot.com\/wp-content\/uploads\/2025\/02\/blog_image-Tirage-au-sort-10-ide\u0301es-de-cadeaux-pour-la-Saint-Valentin-2025-1024x341.webp\" alt=\"Application Tirage Au Sort En Ligne Saint Valentin\" width=\"1024\" height=\"341\" \/><i class=\"wpex-thumbnail-format-icon wpex-block wpex-right-0 wpex-bottom-0 wpex-mr-15 wpex-mb-15 wpex-absolute wpex-text-white wpex-text-center wpex-leading-none wpex-opacity-0 wpex-onload-opacity-100\" aria-hidden=\"true\"><span class=\"ticon ticon-file-text-o\"><\/span><\/i><\/a><\/div><div class=\"wpex-carousel-entry-details entry-details wpex-first-mt-0 wpex-last-mb-0 wpex-clr\"><div class=\"wpex-carousel-entry-title entry-title wpex-mb-5\" style=\"font-size:1rem;\"><a href=\"https:\/\/boomboomshot.com\/fr\/tirage-au-sort-10-idees-de-cadeaux-pour-la-saint-valentin-2025\/\">Tirage au sort : 10 id\u00e9es de cadeaux pour la Saint Valentin 2025<\/a><\/div><\/div><\/div><div class=\"wpex-carousel-slide wpex-clr has-media\"><div class=\"wpex-carousel-entry-media entry-media wpex-rounded-0 wpex-mb-20\"><a href=\"https:\/\/boomboomshot.com\/fr\/jeu-concours-par-tirage-au-sort-mode-demploi\/\" title=\"Jeu concours par tirage au sort : mode d&#8217;emploi\" class=\"wpex-carousel-entry-img\"><img loading=\"lazy\" decoding=\"async\" data-no-lazy=\"1\" class=\"wpex-align-middle wpex-rounded-0 skip-lazy\" src=\"https:\/\/boomboomshot.com\/wp-content\/uploads\/2025\/01\/blog_image-Organiser-un-jeu-concours-par-tirage-au-sort-mode-demploi-1024x341.webp\" alt=\"Jeux Concours Par Tirage Au Sort Avec Boom Boom Shot\" width=\"1024\" height=\"341\" \/><i class=\"wpex-thumbnail-format-icon wpex-block wpex-right-0 wpex-bottom-0 wpex-mr-15 wpex-mb-15 wpex-absolute wpex-text-white wpex-text-center wpex-leading-none wpex-opacity-0 wpex-onload-opacity-100\" aria-hidden=\"true\"><span class=\"ticon ticon-file-text-o\"><\/span><\/i><\/a><\/div><div class=\"wpex-carousel-entry-details entry-details wpex-first-mt-0 wpex-last-mb-0 wpex-clr\"><div class=\"wpex-carousel-entry-title entry-title wpex-mb-5\" style=\"font-size:1rem;\"><a href=\"https:\/\/boomboomshot.com\/fr\/jeu-concours-par-tirage-au-sort-mode-demploi\/\">Jeu concours par tirage au sort : mode d&#8217;emploi<\/a><\/div><\/div><\/div><div class=\"wpex-carousel-slide wpex-clr has-media\"><div class=\"wpex-carousel-entry-media entry-media wpex-rounded-0 wpex-mb-20\"><a href=\"https:\/\/boomboomshot.com\/fr\/les-8-meilleures-fonctionnalites-dun-logiciel-de-tirage-au-sort-en-2025\/\" title=\"Les 8 meilleures fonctionnalit\u00e9s d&rsquo;un logiciel de tirage au sort en 2025\" class=\"wpex-carousel-entry-img\"><img loading=\"lazy\" decoding=\"async\" data-no-lazy=\"1\" class=\"wpex-align-middle wpex-rounded-0 skip-lazy\" src=\"https:\/\/boomboomshot.com\/wp-content\/uploads\/2025\/01\/blog_image-best-sweepstakes-solutions-in-2025-features-1024x341.webp\" alt=\"Boom Boom Shot Software Features\" width=\"1024\" height=\"341\" \/><i class=\"wpex-thumbnail-format-icon wpex-block wpex-right-0 wpex-bottom-0 wpex-mr-15 wpex-mb-15 wpex-absolute wpex-text-white wpex-text-center wpex-leading-none wpex-opacity-0 wpex-onload-opacity-100\" aria-hidden=\"true\"><span class=\"ticon ticon-file-text-o\"><\/span><\/i><\/a><\/div><div class=\"wpex-carousel-entry-details entry-details wpex-first-mt-0 wpex-last-mb-0 wpex-clr\"><div class=\"wpex-carousel-entry-title entry-title wpex-mb-5\" style=\"font-size:1rem;\"><a href=\"https:\/\/boomboomshot.com\/fr\/les-8-meilleures-fonctionnalites-dun-logiciel-de-tirage-au-sort-en-2025\/\">Les 8 meilleures fonctionnalit\u00e9s d&rsquo;un logiciel de tirage au sort en 2025<\/a><\/div><\/div><\/div><div class=\"wpex-carousel-slide wpex-clr has-media\"><div class=\"wpex-carousel-entry-media entry-media wpex-rounded-0 wpex-mb-20\"><a href=\"https:\/\/boomboomshot.com\/fr\/mise-a-jour-hiver-2025-une-nouvelle-ere-de-flexibilite-pour-vos-tirages-au-sort\/\" title=\"Mise \u00e0 jour Hiver 2025 : Une nouvelle \u00e8re de flexibilit\u00e9 pour vos tirages au sort !\" class=\"wpex-carousel-entry-img\"><img loading=\"lazy\" decoding=\"async\" data-no-lazy=\"1\" class=\"wpex-align-middle wpex-rounded-0 skip-lazy\" src=\"https:\/\/boomboomshot.com\/wp-content\/uploads\/2025\/01\/blog_image-updates-2025-01-fr-1024x341.webp\" alt=\"Boom Boom Shot Hiver 2025 Mise \u00e0 Jour\" width=\"1024\" height=\"341\" \/><i class=\"wpex-thumbnail-format-icon wpex-block wpex-right-0 wpex-bottom-0 wpex-mr-15 wpex-mb-15 wpex-absolute wpex-text-white wpex-text-center wpex-leading-none wpex-opacity-0 wpex-onload-opacity-100\" aria-hidden=\"true\"><span class=\"ticon ticon-file-text-o\"><\/span><\/i><\/a><\/div><div class=\"wpex-carousel-entry-details entry-details wpex-first-mt-0 wpex-last-mb-0 wpex-clr\"><div class=\"wpex-carousel-entry-title entry-title wpex-mb-5\" style=\"font-size:1rem;\"><a href=\"https:\/\/boomboomshot.com\/fr\/mise-a-jour-hiver-2025-une-nouvelle-ere-de-flexibilite-pour-vos-tirages-au-sort\/\">Mise \u00e0 jour Hiver 2025 : Une nouvelle \u00e8re de flexibilit\u00e9 pour vos tirages au sort !<\/a><\/div><\/div><\/div><div class=\"wpex-carousel-slide wpex-clr has-media\"><div class=\"wpex-carousel-entry-media entry-media wpex-rounded-0 wpex-mb-20\"><a href=\"https:\/\/boomboomshot.com\/fr\/calendrier-de-lavent-digital-tirages-au-sort-pour-enchanter-vos-clients-pendant-les-fetes-de-noel\/\" title=\"Calendrier de l&rsquo;Avent digital : 24 tirages au sort pour enchanter vos clients pendant les f\u00eates !\" class=\"wpex-carousel-entry-img\"><img loading=\"lazy\" decoding=\"async\" data-no-lazy=\"1\" class=\"wpex-align-middle wpex-rounded-0 skip-lazy\" src=\"https:\/\/boomboomshot.com\/wp-content\/uploads\/2024\/11\/blog_image-Calendrier-de-lAvent-digital-24-tirages-au-sort-pour-enchanter-vos-clients-pendant-les-fe\u0302tes--1024x341.webp\" alt=\"Xmas Sweepstakes\" width=\"1024\" height=\"341\" \/><i class=\"wpex-thumbnail-format-icon wpex-block wpex-right-0 wpex-bottom-0 wpex-mr-15 wpex-mb-15 wpex-absolute wpex-text-white wpex-text-center wpex-leading-none wpex-opacity-0 wpex-onload-opacity-100\" aria-hidden=\"true\"><span class=\"ticon ticon-file-text-o\"><\/span><\/i><\/a><\/div><div class=\"wpex-carousel-entry-details entry-details wpex-first-mt-0 wpex-last-mb-0 wpex-clr\"><div class=\"wpex-carousel-entry-title entry-title wpex-mb-5\" style=\"font-size:1rem;\"><a href=\"https:\/\/boomboomshot.com\/fr\/calendrier-de-lavent-digital-tirages-au-sort-pour-enchanter-vos-clients-pendant-les-fetes-de-noel\/\">Calendrier de l&rsquo;Avent digital : 24 tirages au sort pour enchanter vos clients pendant les f\u00eates !<\/a><\/div><\/div><\/div><div class=\"wpex-carousel-slide wpex-clr has-media\"><div class=\"wpex-carousel-entry-media entry-media wpex-rounded-0 wpex-mb-20\"><a href=\"https:\/\/boomboomshot.com\/fr\/utiliser-les-tirages-au-sort-dans-leducation-motivation-et-apprentissage-ludique\/\" title=\"Utiliser les tirages au sort dans l&rsquo;\u00e9ducation : motivation et apprentissage ludique\" class=\"wpex-carousel-entry-img\"><img loading=\"lazy\" decoding=\"async\" data-no-lazy=\"1\" class=\"wpex-align-middle wpex-rounded-0 skip-lazy\" src=\"https:\/\/boomboomshot.com\/wp-content\/uploads\/2024\/07\/blog_image-Utiliser-les-tirages-au-sort-dans-le\u0301ducation-1024x341.webp\" alt=\"Utiliser Les Tirages Au Sort Dans L'\u00e9ducation : Motivation Et Apprentissage Ludique\" width=\"1024\" height=\"341\" \/><i class=\"wpex-thumbnail-format-icon wpex-block wpex-right-0 wpex-bottom-0 wpex-mr-15 wpex-mb-15 wpex-absolute wpex-text-white wpex-text-center wpex-leading-none wpex-opacity-0 wpex-onload-opacity-100\" aria-hidden=\"true\"><span class=\"ticon ticon-file-text-o\"><\/span><\/i><\/a><\/div><div class=\"wpex-carousel-entry-details entry-details wpex-first-mt-0 wpex-last-mb-0 wpex-clr\"><div class=\"wpex-carousel-entry-title entry-title wpex-mb-5\" style=\"font-size:1rem;\"><a href=\"https:\/\/boomboomshot.com\/fr\/utiliser-les-tirages-au-sort-dans-leducation-motivation-et-apprentissage-ludique\/\">Utiliser les tirages au sort dans l&rsquo;\u00e9ducation : motivation et apprentissage ludique<\/a><\/div><\/div><\/div><div class=\"wpex-carousel-slide wpex-clr has-media\"><div class=\"wpex-carousel-entry-media entry-media wpex-rounded-0 wpex-mb-20\"><a href=\"https:\/\/boomboomshot.com\/fr\/les-30-meilleures-idees-de-lots-pour-vos-tirages-au-sort-par-secteur-dactivite\/\" title=\"Les 30 meilleures id\u00e9es de lots pour vos tirages au sort par secteur d&rsquo;activit\u00e9\" class=\"wpex-carousel-entry-img\"><img loading=\"lazy\" decoding=\"async\" data-no-lazy=\"1\" class=\"wpex-align-middle wpex-rounded-0 skip-lazy\" src=\"https:\/\/boomboomshot.com\/wp-content\/uploads\/2024\/07\/blog_image-Les-30-meilleures-ide\u0301es-de-lots-pour-vos-tirages-au-sort-par-secteur-dactivite\u0301-3-1024x341.webp\" alt=\"Raffle Sweepstakes Lots, Prix Id\u00e9es Cadeaux Tirage Au Sort\" width=\"1024\" height=\"341\" \/><i class=\"wpex-thumbnail-format-icon wpex-block wpex-right-0 wpex-bottom-0 wpex-mr-15 wpex-mb-15 wpex-absolute wpex-text-white wpex-text-center wpex-leading-none wpex-opacity-0 wpex-onload-opacity-100\" aria-hidden=\"true\"><span class=\"ticon ticon-file-text-o\"><\/span><\/i><\/a><\/div><div class=\"wpex-carousel-entry-details entry-details wpex-first-mt-0 wpex-last-mb-0 wpex-clr\"><div class=\"wpex-carousel-entry-title entry-title wpex-mb-5\" style=\"font-size:1rem;\"><a href=\"https:\/\/boomboomshot.com\/fr\/les-30-meilleures-idees-de-lots-pour-vos-tirages-au-sort-par-secteur-dactivite\/\">Les 30 meilleures id\u00e9es de lots pour vos tirages au sort par secteur d&rsquo;activit\u00e9<\/a><\/div><\/div><\/div><\/div>[\/vc_column][\/vc_row][vc_row el_class=\u00a0\u00bbvc_column-inner-m-b-0&Prime;][vc_column]<div class=\"templatera_shortcode\"><div data-vc-full-width=\"true\" data-vc-full-width-init=\"false\" class=\"vc_row wpb_row vc_row-fluid border-t vc_custom_1670178810630 wpex-vc_row-has-fill wpex-vc-row-stretched\" style=\"background-position:center center !important;\"><div class=\"wpb_column vc_column_container vc_col-sm-12\"><div class=\"vc_column-inner\"><div class=\"wpb_wrapper\"><div class=\"vc_row wpb_row vc_inner vc_row-fluid\"><div class=\"wpb_column maxw-400px object-center vc_column_container vc_col-sm-12\"><div class=\"vc_column-inner\"><div class=\"wpb_wrapper\">\n\t<div class=\"wpb_text_column wpb_content_element \" >\n\t\t<div class=\"wpb_wrapper\">\n\t\t\t<h2 style=\"text-align: center;\">L\u2019app de tirage au sort moderne<\/h2>\n\n\t\t<\/div>\n\t<\/div>\n<div class=\"vc_custom_1703760396448 wpex-clr\"><a href=\"https:\/\/game.boomboomshot.com\/signup\" class=\"vcex-button theme-button inline button-primary w-100 maxw-430px m-x-auto\"><span class=\"theme-button-inner\">Commencer (gratuit)<span class=\"vcex-icon-wrap theme-button-icon-right\"><span class=\"ticon ticon-long-arrow-right\" aria-hidden=\"true\"><\/span><\/span><\/span><\/a><\/div> <\/div><\/div><\/div><\/div><\/div><\/div><\/div><\/div><div class=\"vc_row-full-width vc_clearfix\"><\/div><\/div>[\/vc_column][\/vc_row][vc_row el_class=\u00a0\u00bbvc_column-inner-m-b-0&Prime;][vc_column]<div class=\"templatera_shortcode\"><div data-vc-full-width=\"true\" data-vc-full-width-init=\"false\" class=\"vc_row wpb_row vc_row-fluid border-t vc_column-inner-m-b-0 vc_custom_1670441026941 wpex-vc_row-has-fill wpex-vc-row-stretched\"><div class=\"wpb_column vc_column_container vc_col-sm-12\"><div class=\"vc_column-inner vc_custom_1670411527673\"><div class=\"wpb_wrapper\"><div class=\"vc_row wpb_row vc_inner vc_row-fluid\"><div class=\"wpb_column vc_column_container vc_col-sm-12\"><div class=\"vc_column-inner vc_custom_1670441142622\"><div class=\"wpb_wrapper\">\n\t<div  class=\"wpb_single_image wpb_content_element vc_align_  vc_custom_1670409070347  maxw-200px m-x-auto\">\n\t\t\n\t\t<figure class=\"wpb_wrapper vc_figure\">\n\t\t\t<div class=\"vc_single_image-wrapper   vc_box_border_grey\"><img loading=\"lazy\" decoding=\"async\" width=\"1160\" height=\"296\" src=\"https:\/\/boomboomshot.com\/wp-content\/uploads\/2022\/12\/truspilot.png\" class=\"vc_single_image-img attachment-full\" alt=\"\" srcset=\"https:\/\/boomboomshot.com\/wp-content\/uploads\/2022\/12\/truspilot.png 1160w, https:\/\/boomboomshot.com\/wp-content\/uploads\/2022\/12\/truspilot-300x77.png 300w, https:\/\/boomboomshot.com\/wp-content\/uploads\/2022\/12\/truspilot-1024x261.png 1024w, https:\/\/boomboomshot.com\/wp-content\/uploads\/2022\/12\/truspilot-768x196.png 768w\" sizes=\"auto, (max-width: 1160px) 100vw, 1160px\" \/><\/div>\n\t\t<\/figure>\n\t<\/div>\n\n\t<div class=\"wpb_text_column wpb_content_element  vc_custom_1670440755289 maxw-430px m-x-auto\" >\n\t\t<div class=\"wpb_wrapper\">\n\t\t\t<h2 style=\"text-align: center;\">Partagez votre exp\u00e9rience<\/h2>\n\n\t\t<\/div>\n\t<\/div>\n\n\t<div class=\"wpb_text_column wpb_content_element  vc_custom_1670440900942 maxw-430px m-x-auto\" >\n\t\t<div class=\"wpb_wrapper\">\n\t\t\t<p style=\"text-align: center;\">Vous avez appr\u00e9ci\u00e9 utiliser de l'app de tirage au sort Boom Boom Shot ? Dites-nous ce que vous en avez pens\u00e9 en laissant votre avis sur <a href=\"https:\/\/fr.trustpilot.com\/review\/boomboomshot.com\" target=\"_blank\" rel=\"noopener\">Trustpilot<\/a>.<\/p>\n\n\t\t<\/div>\n\t<\/div>\n\n\t<div class=\"wpb_text_column wpb_content_element  maxw-430px m-x-auto\" >\n\t\t<div class=\"wpb_wrapper\">\n\t\t\t\n\t\t<\/div>\n\t<\/div>\n<\/div><\/div><\/div><\/div><\/div><\/div><\/div><\/div><div class=\"vc_row-full-width vc_clearfix\"><\/div><\/div>[\/vc_column][\/vc_row]\n","protected":false},"excerpt":{"rendered":"Les tirages au sort sont un excellent moyen d'engager votre audience et d'attirer de nouveaux clients. Cependant, le succ\u00e8s de votre tirage au sort d\u00e9pend en grande partie de l'attrait des lots que vous proposez. Dans cet article, nous allons&hellip;","protected":false},"author":1,"featured_media":0,"parent":0,"menu_order":0,"comment_status":"closed","ping_status":"closed","template":"templates\/no-sidebar.php","meta":{"footnotes":""},"class_list":["post-1276","page","type-page","status-publish","hentry","entry","has-media"],"_links":{"self":[{"href":"https:\/\/boomboomshot.com\/fr\/wp-json\/wp\/v2\/pages\/1276","targetHints":{"allow":["GET"]}}],"collection":[{"href":"https:\/\/boomboomshot.com\/fr\/wp-json\/wp\/v2\/pages"}],"about":[{"href":"https:\/\/boomboomshot.com\/fr\/wp-json\/wp\/v2\/types\/page"}],"author":[{"embeddable":true,"href":"https:\/\/boomboomshot.com\/fr\/wp-json\/wp\/v2\/users\/1"}],"replies":[{"embeddable":true,"href":"https:\/\/boomboomshot.com\/fr\/wp-json\/wp\/v2\/comments?post=1276"}],"version-history":[{"count":56,"href":"https:\/\/boomboomshot.com\/fr\/wp-json\/wp\/v2\/pages\/1276\/revisions"}],"predecessor-version":[{"id":3952,"href":"https:\/\/boomboomshot.com\/fr\/wp-json\/wp\/v2\/pages\/1276\/revisions\/3952"}],"wp:attachment":[{"href":"https:\/\/boomboomshot.com\/fr\/wp-json\/wp\/v2\/media?parent=1276"}],"curies":[{"name":"wp","href":"https:\/\/api.w.org\/{rel}","templated":true}]}}