{"id":1288,"date":"2021-08-17T16:13:54","date_gmt":"2021-08-17T16:13:54","guid":{"rendered":"https:\/\/boomboomshot.com\/?page_id=1288"},"modified":"2022-03-07T17:28:37","modified_gmt":"2022-03-07T17:28:37","slug":"concept","status":"publish","type":"page","link":"https:\/\/boomboomshot.com\/fr\/concept\/","title":{"rendered":"Concept"},"content":{"rendered":"[vc_row full_width=\u00a0\u00bbstretch_row\u00a0\u00bb wpex_bg_overlay=\u00a0\u00bbcustom\u00a0\u00bb css=\u00a0\u00bb.vc_custom_1626170208501{padding-top: 4rem !important;padding-bottom: 4rem !important;background-image: url(https:\/\/boomboomshot.com\/wp-content\/uploads\/2021\/06\/bg_whyboomboomshot-scaled.jpg?id=159) !important;background-position: center !important;background-repeat: no-repeat !important;background-size: cover !important;}\u00a0\u00bb][vc_column][vc_row_inner el_class=\u00a0\u00bbbox border-radius-lg p-x-\u2021 md:p-x-\u03c0\u00a0\u00bb css=\u00a0\u00bb.vc_custom_1626097926486{margin-top: 3rem !important;margin-bottom: 2rem !important;padding-top: 1rem !important;padding-bottom: 2rem !important;}\u00a0\u00bb][vc_column_inner css=\u00a0\u00bb.vc_custom_1623682684575{padding-top: 2rem !important;padding-right: 1rem !important;padding-bottom: 1rem !important;padding-left: 1rem !important;}\u00a0\u00bb][vc_single_image image=\u00a0\u00bb443&Prime; el_class=\u00a0\u00bbmaxw-200px object-center dropshadow\u00a0\u00bb css=\u00a0\u00bb.vc_custom_1623682782747{margin-bottom: 2rem !important;}\u00a0\u00bb][vc_separator color=\u00a0\u00bbcustom\u00a0\u00bb accent_color=\u00a0\u00bb#16191e\u00a0\u00bb][vc_column_text css=\u00a0\u00bb.vc_custom_1642436491111{padding-top: 1rem !important;padding-bottom: 1rem !important;}\u00a0\u00bb]\n<div class=\"flex-container is-justify-between\">\n<div>v1.0<\/div>\n<div>2026<\/div>\n<div>gratuit<\/div>\n<\/div>\n[\/vc_column_text][vc_separator color=\u00a0\u00bbcustom\u00a0\u00bb accent_color=\u00a0\u00bb#16191e\u00a0\u00bb][vc_column_text css=\u00a0\u00bb.vc_custom_1628862784711{padding-top: 0px !important;padding-bottom: 2rem !important;}\u00a0\u00bb]\n<h1 style=\"text-align: center;\">La technologie au service de l\u2019<span class=\"wpex-accent-color\">interaction<\/span> sociale<\/h1>\n[\/vc_column_text][vc_column_text css=\u00a0\u00bb.vc_custom_1629266232345{margin-top: 2rem !important;}\u00a0\u00bb el_class=\u00a0\u00bbmulti-column\u00a0\u00bb]\n<h4 class=\"m-t-0\">Boom Boom Shot.<\/h4>\n<p>Pouvant \u00eatre traduit de l\u2019anglais par \u00ab\u00a0Boum Boum Chance\u00a0\u00bb est le nom de l\u2019application de tirage pour \u00e9v\u00e9nements qui r\u00e9concilie virtuel et r\u00e9el.<\/p>\n<h4 class=\"m-t-0\">Dans ma bulle.<\/h4>\n<p>Boom Boom Shot est n\u00e9e d\u2019un constat effarant : que ce soit en comit\u00e9 priv\u00e9 ou dans les \u00e9v\u00e9nements, les gens interagissent de moins en moins entre eux. Timidit\u00e9, ennui et manque d\u2019int\u00e9r\u00eat nous poussent \u00e0 ne parler en majorit\u00e9 qu\u2019avec ceux que l\u2019on conna\u00eet et \u00e0 bien trop souvent prendre refuge dans nos t\u00e9l\u00e9phones portables.<\/p>\n<h4>Catalyseur d\u2019\u00e9motions.<\/h4>\n<p>Si jeux de soci\u00e9t\u00e9, quiz, baby-foots et billards facilitent les \u00e9changes, nous avions envie d\u2019un outil digital simple et efficace qui puisse \u00e0 la fois \u00eatre vecteur de rencontre et catalyseur d\u2019\u00e9motion sans accaparer l\u2019attention de tous.<\/p>\n<blockquote><p>Transformer n\u2019importe quelle soir\u00e9e en moment inoubliable.<\/p><\/blockquote>\n<p>C\u2019est en constatant l\u2019attrait grandissant pour les jeux de hasard (on d\u00e9nombre 1 million joueurs actifs de jeux de paris sportifs en France en 2020) et le go\u00fbt croissant pour les jeux vid\u00e9os (82% des 25-35 ans joue r\u00e9guli\u00e8rement \u00e0 des jeux vid\u00e9os en France en 2020), qu\u2019a germ\u00e9e l\u2019id\u00e9e d\u2019un jeu de tirage au sort facile \u00e0 mettre en place gr\u00e2ce aux technologies modernes. Distribuer cadeaux, gages et boissons, vous permet de transformer n\u2019importe quel \u00e9v\u00e9nement en moment fort.<\/p>\n<h4>Le shot de dopamine en plus<\/h4>\n<p>Les nouvelles g\u00e9n\u00e9rations trouvent dans Boom Boom Shot la dose de dopamine que leur procurent les technologies modernes tout en vivant un moment social et convivial dans le monde r\u00e9el.<\/p>\n<h4>Un amusement maximal.<\/h4>\n<p>Aujourd\u2019hui utilis\u00e9e \u00e0 des pendaisons de cr\u00e9maill\u00e8re, des enterrements de vie de gar\u00e7on et de jeune fille, \u00e0 des f\u00eates \u00e9tudiantes et dans des bars, l\u2019app de loterie Boom Boom Shot continue d\u2019\u00eatre am\u00e9lior\u00e9 inlassablement pour vous garantir un amusement maximal.[\/vc_column_text][\/vc_column_inner][\/vc_row_inner][vc_row_inner el_class=\u00a0\u00bbbox border-radius-lg\u00a0\u00bb css=\u00a0\u00bb.vc_custom_1628862731992{padding-top: 1rem !important;padding-right: 1rem !important;padding-bottom: 1rem !important;padding-left: 1rem !important;}\u00a0\u00bb][vc_column_inner el_class=\u00a0\u00bbtext-center box overflow-hidden\u00a0\u00bb width=\u00a0\u00bb1\/2&Prime; css=\u00a0\u00bb.vc_custom_1628862718228{margin-top: 0px !important;margin-right: 0px !important;margin-bottom: 0px !important;margin-left: 0px !important;padding-top: 0px !important;padding-right: 0px !important;padding-bottom: 0px !important;padding-left: 0px !important;background-image: url(https:\/\/boomboomshot.com\/wp-content\/uploads\/2021\/08\/concept-bg-privateparties.jpg?id=1006) !important;background-position: center !important;background-repeat: no-repeat !important;background-size: cover !important;}\u00a0\u00bb][vc_column_text]\n<h3 style=\"text-align: center;\">Pour soir\u00e9es priv\u00e9es<\/h3>\n[\/vc_column_text]<div class=\"vc_custom_1629478425956 wpex-clr\"><div class=\"textcenter theme-button-wrap wpex-clr\"><a href=\"https:\/\/boomboomshot.com\/fr\/jeu-tirage-sort-shot-soirees-privees\/\" class=\"vcex-button theme-button align-center inline button-primary m-t-\u2021 flex-inline-container p-x-\u2021\"><span class=\"theme-button-inner\">En savoir plus<\/span><\/a><\/div><\/div> [\/vc_column_inner][vc_column_inner el_class=\u00a0\u00bbtext-center box overflow-hidden\u00a0\u00bb width=\u00a0\u00bb1\/2&Prime; css=\u00a0\u00bb.vc_custom_1628862645599{margin-top: 0px !important;margin-right: 0px !important;margin-bottom: 0px !important;margin-left: 0px !important;padding-bottom: 0px !important;background-image: url(https:\/\/boomboomshot.com\/wp-content\/uploads\/2021\/08\/concept-bg-bar.jpg?id=1004) !important;background-position: center !important;background-repeat: no-repeat !important;background-size: cover !important;}\u00a0\u00bb][vc_column_text]\n<h3 style=\"text-align: center;\">Pour les bars<\/h3>\n[\/vc_column_text]<div class=\"vc_custom_1629478415622 wpex-clr\"><div class=\"textcenter theme-button-wrap wpex-clr\"><a href=\"https:\/\/boomboomshot.com\/fr\/animation-digitale-originale-jeu-tirage-sort-shot-pour-bars\" class=\"vcex-button theme-button align-center inline button-primary m-t-\u2021 flex-inline-container p-x-\u2021\"><span class=\"theme-button-inner\">En savoir plus<\/span><\/a><\/div><\/div> [\/vc_column_inner][\/vc_row_inner][\/vc_column][\/vc_row]\n","protected":false},"excerpt":{"rendered":"<p>[vc_row full_width=\u00a0\u00bbstretch_row\u00a0\u00bb wpex_bg_overlay=\u00a0\u00bbcustom\u00a0\u00bb css=\u00a0\u00bb.vc_custom_1626170208501{padding-top: 4rem !important;padding-bottom: 4rem !important;background-image: url(https:\/\/boomboomshot.com\/wp-content\/uploads\/2021\/06\/bg_whyboomboomshot-scaled.jpg?id=159) !important;background-position: center !important;background-repeat: no-repeat !important;background-size: cover !important;}\u00a0\u00bb][vc_column][vc_row_inner el_class=\u00a0\u00bbbox border-radius-lg p-x-\u2021 md:p-x-\u03c0\u00a0\u00bb css=\u00a0\u00bb.vc_custom_1626097926486{margin-top: 3rem !important;margin-bottom: 2rem !important;padding-top: 1rem !important;padding-bottom: 2rem !important;}\u00a0\u00bb][vc_column_inner css=\u00a0\u00bb.vc_custom_1623682684575{padding-top: 2rem !important;padding-right: 1rem !important;padding-bottom: 1rem !important;padding-left: 1rem !important;}\u00a0\u00bb][vc_single_image image=\u00a0\u00bb443&Prime; el_class=\u00a0\u00bbmaxw-200px&hellip;<\/p>\n","protected":false},"author":1,"featured_media":0,"parent":0,"menu_order":0,"comment_status":"closed","ping_status":"closed","template":"templates\/no-sidebar.php","meta":{"footnotes":""},"class_list":["post-1288","page","type-page","status-publish","hentry","entry","no-media"],"_links":{"self":[{"href":"https:\/\/boomboomshot.com\/fr\/wp-json\/wp\/v2\/pages\/1288","targetHints":{"allow":["GET"]}}],"collection":[{"href":"https:\/\/boomboomshot.com\/fr\/wp-json\/wp\/v2\/pages"}],"about":[{"href":"https:\/\/boomboomshot.com\/fr\/wp-json\/wp\/v2\/types\/page"}],"author":[{"embeddable":true,"href":"https:\/\/boomboomshot.com\/fr\/wp-json\/wp\/v2\/users\/1"}],"replies":[{"embeddable":true,"href":"https:\/\/boomboomshot.com\/fr\/wp-json\/wp\/v2\/comments?post=1288"}],"version-history":[{"count":59,"href":"https:\/\/boomboomshot.com\/fr\/wp-json\/wp\/v2\/pages\/1288\/revisions"}],"predecessor-version":[{"id":2579,"href":"https:\/\/boomboomshot.com\/fr\/wp-json\/wp\/v2\/pages\/1288\/revisions\/2579"}],"wp:attachment":[{"href":"https:\/\/boomboomshot.com\/fr\/wp-json\/wp\/v2\/media?parent=1288"}],"curies":[{"name":"wp","href":"https:\/\/api.w.org\/{rel}","templated":true}]}}