{"id":1909,"date":"2021-10-14T16:48:28","date_gmt":"2021-10-14T16:48:28","guid":{"rendered":"https:\/\/boomboomshot.com\/pulverisez-les-ventes-de-votre-bar-landing\/"},"modified":"2021-11-23T10:12:17","modified_gmt":"2021-11-23T10:12:17","slug":"pulverisez-les-ventes-de-votre-bar-landing","status":"publish","type":"page","link":"https:\/\/boomboomshot.com\/fr\/pulverisez-les-ventes-de-votre-bar-landing\/","title":{"rendered":"Pulv\u00e9risez les ventes de votre bar (landing)"},"content":{"rendered":"[vc_row full_width=\u00a0\u00bbstretch_row_content\u00a0\u00bb content_placement=\u00a0\u00bbmiddle\u00a0\u00bb rtl_reverse=\u00a0\u00bbyes\u00a0\u00bb parallax=\u00a0\u00bbcontent-moving\u00a0\u00bb parallax_image=\u00a0\u00bb1782&Prime; tablet_fullwidth_cols=\u00a0\u00bbyes\u00a0\u00bb css=\u00a0\u00bb.vc_custom_1634224570113{padding-top: 1rem !important;padding-bottom: 1rem !important;background-color: #24272b !important;background-position: center;background-repeat: no-repeat !important;background-size: cover !important;}\u00a0\u00bb el_class=\u00a0\u00bbz-index-1 border-b is-justify-center\u00a0\u00bb][vc_column width=\u00a0\u00bb1\/2&Prime;][vc_single_image image=\u00a0\u00bb1781&Prime; el_class=\u00a0\u00bbm-t-\u221e md:m-t-\u2021\u00a0\u00bb][\/vc_column][vc_column width=\u00a0\u00bb1\/2&Prime; el_class=\u00a0\u00bbmaxw-430px\u00a0\u00bb][vc_column_text]\n<h1>Pulv\u00e9risez les ventes de votre bar<\/h1>\n<p>Drainez du traffic dans votre bar et faites de votre \u00e9tablissement\u00a0<em>\u201cThe place to be\u201d<\/em>\u00a0avec Boom Boom Shot, le jeu de tirage au sort en temps r\u00e9el.[\/vc_column_text]<div class=\"vc_custom_1634476623955 wpex-clr\"><a href=\"https:\/\/bit.ly\/3FJluKz\" class=\"vcex-button theme-button inline button-primary flex-inline-container p-x-\u2021\" target=\"_blank\" rel=\"noopener noreferrer\"><span class=\"theme-button-inner\">T\u00e9l\u00e9charger la plaquette<\/span><\/a><\/div> [\/vc_column][\/vc_row][vc_row content_placement=\u00a0\u00bbtop\u00a0\u00bb el_class=\u00a0\u00bbp-y-\u221e md:p-y-\u2021\u00a0\u00bb][vc_column width=\u00a0\u00bb1\/2&Prime; el_class=\u00a0\u00bbp-r-\u221e md:p-r-\u00b5 md:p-b-\u2021\u00a0\u00bb][vc_column_text css=\u00a0\u00bb.vc_custom_1634475362850{margin-bottom: 2rem !important;}\u00a0\u00bb]\n<h2 style=\"text-align: left;\">Comment \u00e7a marche ?<\/h2>\n[\/vc_column_text][vc_row_inner][vc_column_inner el_class=\u00a0\u00bbmd:p-b-\u03c0\u00a0\u00bb width=\u00a0\u00bb1\/4&Prime; offset=\u00a0\u00bbvc_col-xs-1\/5&Prime;][vc_single_image image=\u00a0\u00bb1787&Prime;][\/vc_column_inner][vc_column_inner width=\u00a0\u00bb3\/4&Prime;][vc_column_text]Cr\u00e9ez une partie de Boom Boom Shot et diffusez-la sur les \u00e9crans de votre \u00e9tablissement.[\/vc_column_text][\/vc_column_inner][\/vc_row_inner][vc_row_inner el_class=\u00a0\u00bbm-y-\u03c0\u00a0\u00bb][vc_column_inner el_class=\u00a0\u00bbmd:p-b-\u03c0\u00a0\u00bb width=\u00a0\u00bb1\/4&Prime; offset=\u00a0\u00bbvc_col-xs-1\/5&Prime;][vc_single_image image=\u00a0\u00bb1789&Prime;][\/vc_column_inner][vc_column_inner width=\u00a0\u00bb3\/4&Prime;][vc_column_text]Vos clients s\u2019ajoutent \u00e0 la partie en scannant le QR code de l\u2019une de vos TVs avec leur smartphone.[\/vc_column_text][\/vc_column_inner][\/vc_row_inner][vc_row_inner][vc_column_inner el_class=\u00a0\u00bbmd:p-b-\u03c0\u00a0\u00bb width=\u00a0\u00bb1\/4&Prime; offset=\u00a0\u00bbvc_col-xs-1\/5&Prime;][vc_single_image image=\u00a0\u00bb1791&Prime;][\/vc_column_inner][vc_column_inner width=\u00a0\u00bb3\/4&Prime;][vc_column_text]R\u00e9guli\u00e8rement l\u2019application s\u00e9lectionne un (ou plusieurs) gagnant(s) parmi votre client\u00e8le \u00e0 laquelle vous offrez un shot ou n&rsquo;importe quel cadeau de votre choix.[\/vc_column_text][\/vc_column_inner][\/vc_row_inner][\/vc_column][vc_column width=\u00a0\u00bb1\/2&Prime;][vc_row_inner][vc_column_inner el_class=\u00a0\u00bbmd:p-b-\u03c0\u00a0\u00bb width=\u00a0\u00bb1\/4&Prime; css=\u00a0\u00bb.vc_custom_1634475334149{padding-top: 2rem !important;}\u00a0\u00bb offset=\u00a0\u00bbvc_col-xs-1\/5&Prime;][vc_single_image image=\u00a0\u00bb1922&Prime;][\/vc_column_inner][vc_column_inner width=\u00a0\u00bb3\/4&Prime;][vc_column_text css=\u00a0\u00bb.vc_custom_1634308750684{margin-bottom: 2rem !important;}\u00a0\u00bb]\n<h2>Donnez et vous recevrez au centuple<\/h2>\n[\/vc_column_text][vc_column_text]En offrant des shots de mani\u00e8re al\u00e9atoire \u00e0 vos clients \u00e0 la mani\u00e8re d\u2019un jeu t\u00e9l\u00e9vis\u00e9, vous verrez une\u00a0<strong>ambiance de folie<\/strong>\u00a0prendre rapidement place dans votre \u00e9tablissement. Dans l\u2019espoir f\u00e9brile d\u2019\u00eatre s\u00e9lectionn\u00e9, le client est emport\u00e9 dans un\u00a0<strong>tourbillon euphorique<\/strong>\u00a0propice \u00e0 la\u00a0<strong>consommation<\/strong>.[\/vc_column_text][\/vc_column_inner][\/vc_row_inner][\/vc_column][\/vc_row][vc_row full_width=\u00a0\u00bbstretch_row\u00a0\u00bb content_placement=\u00a0\u00bbmiddle\u00a0\u00bb css=\u00a0\u00bb.vc_custom_1634282842126{background-color: #1a1c1f !important;}\u00a0\u00bb el_class=\u00a0\u00bbborder-t border-b bg-dark4 p-y-\u221e md:p-y-\u2021\u00a0\u00bb][vc_column width=\u00a0\u00bb1\/2&Prime; el_class=\u00a0\u00bbp-r-\u221e md:p-r-\u00b5 md:p-b-\u2021\u00a0\u00bb][vc_column_text css=\u00a0\u00bb.vc_custom_1634475748956{margin-bottom: 2rem !important;}\u00a0\u00bb]\n<h2>Votre client\u00e8le adore les jeux<\/h2>\n[\/vc_column_text][vc_column_text]Les chiffres sont sans appel : les Fran\u00e7ais sont\u00a0<strong>passionn\u00e9s par les jeux<\/strong>\u00a0(jeux vid\u00e9os, jeux de hasard, jeux de plateau).<\/p>\n<p>Une tendance acc\u00e9l\u00e9r\u00e9e par les confinements de 2020,\u00a0<em>boost\u00e9e<\/em>\u00a0par la croissance du march\u00e9 des\u00a0<strong>jeux de soci\u00e9t\u00e9<\/strong>\u00a0et par l\u2019explosion des\u00a0<strong>jeux d\u2019argent<\/strong>\u00a0et\u00a0<strong>de hasard<\/strong>.<\/p>\n<p><strong class=\"wpex-accent-color\">Il est temps de surfer sur la vague et d\u2019offrir \u00e0 vos clients l\u2019exp\u00e9rience qu\u2019ils attendent.<\/strong>[\/vc_column_text][\/vc_column][vc_column width=\u00a0\u00bb1\/2&Prime;][vc_row_inner][vc_column_inner width=\u00a0\u00bb1\/2&Prime;][vc_column_text css=\u00a0\u00bb.vc_custom_1634475773952{margin-bottom: 1rem !important;padding-top: 2.4rem !important;padding-bottom: 2.4rem !important;background-image: url(https:\/\/boomboomshot.com\/wp-content\/uploads\/2021\/10\/chart-71.png?id=1832) !important;background-position: center !important;background-repeat: no-repeat !important;background-size: contain !important;}\u00a0\u00bb]\n<h3 style=\"text-align: center; font-size: 3rem; margin-top: 0; line-height: .75;\">50<br \/>\n<span style=\"font-size: 2rem;\">%<\/span><\/h3>\n[\/vc_column_text][vc_column_text]\n<p style=\"text-align: center;\">C\u2019est la part de Fran\u00e7ais jouant \u00e0 des jeux vid\u00e9o en 2020.<\/p>\n[\/vc_column_text][vc_column_text]\n<p style=\"text-align: center;\"><em style=\"opacity: 0.5; font-size: .66rem;\">Source : SELL \/ M\u00e9diam\u00e9trie<\/em><\/p>\n[\/vc_column_text][\/vc_column_inner][vc_column_inner width=\u00a0\u00bb1\/2&Prime;][vc_column_text css=\u00a0\u00bb.vc_custom_1634475783851{margin-bottom: 1rem !important;padding-top: 2.4rem !important;padding-bottom: 2.4rem !important;background-image: url(https:\/\/boomboomshot.com\/wp-content\/uploads\/2021\/10\/chart-91.png?id=1834) !important;background-position: center !important;background-repeat: no-repeat !important;background-size: contain !important;}\u00a0\u00bb]\n<h3 style=\"text-align: center; font-size: 3rem; margin-top: 0; line-height: .75;\">86<br \/>\n<span style=\"font-size: 2rem;\">%<\/span><\/h3>\n[\/vc_column_text][vc_column_text]\n<p style=\"text-align: center;\">C\u2019est la dur\u00e9e moyenne quotidienne que les Fran\u00e7ais passent \u00e0 jouer \u00e0 des jeux vid\u00e9o.<\/p>\n[\/vc_column_text][vc_column_text]\n<p style=\"text-align: center;\"><em style=\"opacity: 0.5; font-size: .66rem;\">Source : Les Echos<\/em><\/p>\n[\/vc_column_text][\/vc_column_inner][\/vc_row_inner][vc_row_inner css=\u00a0\u00bb.vc_custom_1634227153986{margin-top: 1rem !important;background-image: url(https:\/\/boomboomshot.com\/wp-content\/uploads\/2021\/10\/chart-coingbg-1.png?id=1874) !important;background-position: center !important;background-repeat: no-repeat !important;background-size: contain !important;}\u00a0\u00bb][vc_column_inner][vc_column_text css=\u00a0\u00bb.vc_custom_1634475894266{margin-bottom: .5rem !important;padding-top: 2.4rem !important;background-position: center !important;background-repeat: no-repeat !important;background-size: contain !important;}\u00a0\u00bb]\n<h3 style=\"text-align: center; font-size: 4rem; margin-top: 0;\">1,7 <span style=\"font-size: 2rem;\">milliards<\/span><\/h3>\n[\/vc_column_text][vc_column_text]\n<p style=\"text-align: center; max-width: 200px; margin: auto;\">C\u2019est le montant en euro g\u00e9n\u00e9r\u00e9 par le march\u00e9 des jeux d\u2019argent et de hasard en France en 2020.<\/p>\n[\/vc_column_text][vc_column_text]\n<p style=\"text-align: center;\"><em style=\"opacity: 0.5; font-size: .66rem;\">Source : Les Echos<\/em><\/p>\n[\/vc_column_text][\/vc_column_inner][\/vc_row_inner][\/vc_column][\/vc_row][vc_row content_placement=\u00a0\u00bbmiddle\u00a0\u00bb el_class=\u00a0\u00bbp-y-\u221e md:p-y-\u2021\u00a0\u00bb][vc_column width=\u00a0\u00bb3\/5&Prime; el_class=\u00a0\u00bbp-r-\u221e md:p-x-\u00b5\u00a0\u00bb][vc_single_image image=\u00a0\u00bb1873&Prime;][\/vc_column][vc_column width=\u00a0\u00bb2\/5&Prime;][vc_row_inner][vc_column_inner][vc_column_text css=\u00a0\u00bb.vc_custom_1634475923369{margin-bottom: 2rem !important;}\u00a0\u00bb]\n<h2>Ils l\u2019ont test\u00e9<\/h2>\n[\/vc_column_text][vc_column_text]\n<blockquote><p>Simple \u00e0 mettre en place, je n\u2019aurais jamais imagin\u00e9 qu\u2019un tel jeu puisse cr\u00e9er une si bonne ambiance en quelques minutes. Sans parler du boost du CA ces soirs l\u00e0 !<\/p><\/blockquote>\n<p><strong>Christopher Wack\u2028<\/strong><br \/>\ng\u00e9rant du bar le Quino \u00e0 Strasbourg[\/vc_column_text][\/vc_column_inner][\/vc_row_inner][\/vc_column][\/vc_row][vc_row full_width=\u00a0\u00bbstretch_row\u00a0\u00bb el_class=\u00a0\u00bbborder-t border-b p-y-\u221e md:p-y-\u2021\u00a0\u00bb css=\u00a0\u00bb.vc_custom_1634311612867{background-color: #1a1c1f !important;}\u00a0\u00bb][vc_column][vc_row_inner][vc_column_inner][vc_column_text css=\u00a0\u00bb.vc_custom_1634311537692{margin-bottom: 2rem !important;}\u00a0\u00bb]\n<h2 style=\"text-align: center;\">Captures d&rsquo;\u00e9cran<\/h2>\n[\/vc_column_text][\/vc_column_inner][\/vc_row_inner][vc_row_inner el_class=\u00a0\u00bbdropshadow\u00a0\u00bb][vc_column_inner]<div class=\"vcex-module wpex-carousel wpex-carousel-images wpex-clr owl-carousel arrwstyle-default boxshadow wpex-carousel-lightbox\" data-wpex-carousel=\"{&quot;nav&quot;:true,&quot;dots&quot;:false,&quot;autoplay&quot;:false,&quot;loop&quot;:true,&quot;center&quot;:false,&quot;smartSpeed&quot;:250,&quot;items&quot;:2,&quot;slideBy&quot;:1,&quot;autoplayTimeout&quot;:5000,&quot;margin&quot;:15,&quot;itemsTablet&quot;:3,&quot;itemsMobileLandscape&quot;:2,&quot;itemsMobilePortrait&quot;:1,&quot;autoWidth&quot;:false,&quot;autoHeight&quot;:false}\"><div class=\"wpex-carousel-slide textcenter\"><figure class=\"wpex-carousel-entry-media entry-media wpex-rounded wpex-mb-20\"><a href=\"https:\/\/boomboomshot.com\/wp-content\/uploads\/2021\/10\/game.boomboomshot-1-2.jpg\" class=\"wpex-carousel-entry-img wpex-carousel-lightbox-item\" data-title data-count=\"1\" data-show_title=\"false\"><img loading=\"lazy\" decoding=\"async\" width=\"1600\" height=\"987\" src=\"https:\/\/boomboomshot.com\/wp-content\/uploads\/2021\/10\/game.boomboomshot-1-2.jpg\" class=\"wpex-align-middle wpex-rounded skip-lazy\" alt=\"\" data-no-lazy=\"1\" srcset=\"https:\/\/boomboomshot.com\/wp-content\/uploads\/2021\/10\/game.boomboomshot-1-2.jpg 1600w, https:\/\/boomboomshot.com\/wp-content\/uploads\/2021\/10\/game.boomboomshot-1-2-300x185.jpg 300w, https:\/\/boomboomshot.com\/wp-content\/uploads\/2021\/10\/game.boomboomshot-1-2-1024x632.jpg 1024w, https:\/\/boomboomshot.com\/wp-content\/uploads\/2021\/10\/game.boomboomshot-1-2-768x474.jpg 768w, https:\/\/boomboomshot.com\/wp-content\/uploads\/2021\/10\/game.boomboomshot-1-2-1536x948.jpg 1536w\" sizes=\"auto, (max-width: 1600px) 100vw, 1600px\" \/><\/a><\/figure><\/div><div class=\"wpex-carousel-slide textcenter\"><figure class=\"wpex-carousel-entry-media entry-media wpex-rounded wpex-mb-20\"><a href=\"https:\/\/boomboomshot.com\/wp-content\/uploads\/2021\/10\/game.boomboomshot-2-2.jpg\" class=\"wpex-carousel-entry-img wpex-carousel-lightbox-item\" data-title data-count=\"2\" data-show_title=\"false\"><img loading=\"lazy\" decoding=\"async\" width=\"1600\" height=\"987\" src=\"https:\/\/boomboomshot.com\/wp-content\/uploads\/2021\/10\/game.boomboomshot-2-2.jpg\" class=\"wpex-align-middle wpex-rounded skip-lazy\" alt=\"\" data-no-lazy=\"1\" srcset=\"https:\/\/boomboomshot.com\/wp-content\/uploads\/2021\/10\/game.boomboomshot-2-2.jpg 1600w, https:\/\/boomboomshot.com\/wp-content\/uploads\/2021\/10\/game.boomboomshot-2-2-300x185.jpg 300w, https:\/\/boomboomshot.com\/wp-content\/uploads\/2021\/10\/game.boomboomshot-2-2-1024x632.jpg 1024w, https:\/\/boomboomshot.com\/wp-content\/uploads\/2021\/10\/game.boomboomshot-2-2-768x474.jpg 768w, https:\/\/boomboomshot.com\/wp-content\/uploads\/2021\/10\/game.boomboomshot-2-2-1536x948.jpg 1536w\" sizes=\"auto, (max-width: 1600px) 100vw, 1600px\" \/><\/a><\/figure><\/div><div class=\"wpex-carousel-slide textcenter\"><figure class=\"wpex-carousel-entry-media entry-media wpex-rounded wpex-mb-20\"><a href=\"https:\/\/boomboomshot.com\/wp-content\/uploads\/2021\/10\/game.boomboomshot-3-2.jpg\" class=\"wpex-carousel-entry-img wpex-carousel-lightbox-item\" data-title data-count=\"3\" data-show_title=\"false\"><img loading=\"lazy\" decoding=\"async\" width=\"1600\" height=\"987\" src=\"https:\/\/boomboomshot.com\/wp-content\/uploads\/2021\/10\/game.boomboomshot-3-2.jpg\" class=\"wpex-align-middle wpex-rounded skip-lazy\" alt=\"\" data-no-lazy=\"1\" srcset=\"https:\/\/boomboomshot.com\/wp-content\/uploads\/2021\/10\/game.boomboomshot-3-2.jpg 1600w, https:\/\/boomboomshot.com\/wp-content\/uploads\/2021\/10\/game.boomboomshot-3-2-300x185.jpg 300w, https:\/\/boomboomshot.com\/wp-content\/uploads\/2021\/10\/game.boomboomshot-3-2-1024x632.jpg 1024w, https:\/\/boomboomshot.com\/wp-content\/uploads\/2021\/10\/game.boomboomshot-3-2-768x474.jpg 768w, https:\/\/boomboomshot.com\/wp-content\/uploads\/2021\/10\/game.boomboomshot-3-2-1536x948.jpg 1536w\" sizes=\"auto, (max-width: 1600px) 100vw, 1600px\" \/><\/a><\/figure><\/div><div class=\"wpex-carousel-slide textcenter\"><figure class=\"wpex-carousel-entry-media entry-media wpex-rounded wpex-mb-20\"><a href=\"https:\/\/boomboomshot.com\/wp-content\/uploads\/2021\/10\/game.boomboomshot-4-2.jpg\" class=\"wpex-carousel-entry-img wpex-carousel-lightbox-item\" data-title data-count=\"4\" data-show_title=\"false\"><img loading=\"lazy\" decoding=\"async\" width=\"1600\" height=\"987\" src=\"https:\/\/boomboomshot.com\/wp-content\/uploads\/2021\/10\/game.boomboomshot-4-2.jpg\" class=\"wpex-align-middle wpex-rounded skip-lazy\" alt=\"\" data-no-lazy=\"1\" srcset=\"https:\/\/boomboomshot.com\/wp-content\/uploads\/2021\/10\/game.boomboomshot-4-2.jpg 1600w, https:\/\/boomboomshot.com\/wp-content\/uploads\/2021\/10\/game.boomboomshot-4-2-300x185.jpg 300w, https:\/\/boomboomshot.com\/wp-content\/uploads\/2021\/10\/game.boomboomshot-4-2-1024x632.jpg 1024w, https:\/\/boomboomshot.com\/wp-content\/uploads\/2021\/10\/game.boomboomshot-4-2-768x474.jpg 768w, https:\/\/boomboomshot.com\/wp-content\/uploads\/2021\/10\/game.boomboomshot-4-2-1536x948.jpg 1536w\" sizes=\"auto, (max-width: 1600px) 100vw, 1600px\" \/><\/a><\/figure><\/div><div class=\"wpex-carousel-slide textcenter\"><figure class=\"wpex-carousel-entry-media entry-media wpex-rounded wpex-mb-20\"><a href=\"https:\/\/boomboomshot.com\/wp-content\/uploads\/2021\/10\/game.boomboomshot-5-2.jpg\" class=\"wpex-carousel-entry-img wpex-carousel-lightbox-item\" data-title data-count=\"5\" data-show_title=\"false\"><img loading=\"lazy\" decoding=\"async\" width=\"1600\" height=\"987\" src=\"https:\/\/boomboomshot.com\/wp-content\/uploads\/2021\/10\/game.boomboomshot-5-2.jpg\" class=\"wpex-align-middle wpex-rounded skip-lazy\" alt=\"\" data-no-lazy=\"1\" srcset=\"https:\/\/boomboomshot.com\/wp-content\/uploads\/2021\/10\/game.boomboomshot-5-2.jpg 1600w, https:\/\/boomboomshot.com\/wp-content\/uploads\/2021\/10\/game.boomboomshot-5-2-300x185.jpg 300w, https:\/\/boomboomshot.com\/wp-content\/uploads\/2021\/10\/game.boomboomshot-5-2-1024x632.jpg 1024w, https:\/\/boomboomshot.com\/wp-content\/uploads\/2021\/10\/game.boomboomshot-5-2-768x474.jpg 768w, https:\/\/boomboomshot.com\/wp-content\/uploads\/2021\/10\/game.boomboomshot-5-2-1536x948.jpg 1536w\" sizes=\"auto, (max-width: 1600px) 100vw, 1600px\" \/><\/a><\/figure><\/div><div class=\"wpex-carousel-slide textcenter\"><figure class=\"wpex-carousel-entry-media entry-media wpex-rounded wpex-mb-20\"><a href=\"https:\/\/boomboomshot.com\/wp-content\/uploads\/2021\/10\/game.boomboomshot-6-2.jpg\" class=\"wpex-carousel-entry-img wpex-carousel-lightbox-item\" data-title data-count=\"6\" data-show_title=\"false\"><img loading=\"lazy\" decoding=\"async\" width=\"1600\" height=\"987\" src=\"https:\/\/boomboomshot.com\/wp-content\/uploads\/2021\/10\/game.boomboomshot-6-2.jpg\" class=\"wpex-align-middle wpex-rounded skip-lazy\" alt=\"\" data-no-lazy=\"1\" srcset=\"https:\/\/boomboomshot.com\/wp-content\/uploads\/2021\/10\/game.boomboomshot-6-2.jpg 1600w, https:\/\/boomboomshot.com\/wp-content\/uploads\/2021\/10\/game.boomboomshot-6-2-300x185.jpg 300w, https:\/\/boomboomshot.com\/wp-content\/uploads\/2021\/10\/game.boomboomshot-6-2-1024x632.jpg 1024w, https:\/\/boomboomshot.com\/wp-content\/uploads\/2021\/10\/game.boomboomshot-6-2-768x474.jpg 768w, https:\/\/boomboomshot.com\/wp-content\/uploads\/2021\/10\/game.boomboomshot-6-2-1536x948.jpg 1536w\" sizes=\"auto, (max-width: 1600px) 100vw, 1600px\" \/><\/a><\/figure><\/div><\/div>[\/vc_column_inner][\/vc_row_inner][\/vc_column][\/vc_row][vc_row full_width=\u00a0\u00bbstretch_row\u00a0\u00bb content_placement=\u00a0\u00bbmiddle\u00a0\u00bb css=\u00a0\u00bb.vc_custom_1634282825522{background-image: url(https:\/\/boomboomshot.com\/wp-content\/uploads\/2021\/10\/arena_bg_4-scaled.jpg?id=1880) !important;background-position: center !important;background-repeat: no-repeat !important;background-size: cover !important;}\u00a0\u00bb el_class=\u00a0\u00bbborder-t border-b bg-dark4 p-y-\u221e md:p-y-\u2021\u00a0\u00bb][vc_column width=\u00a0\u00bb1\/2&Prime; el_class=\u00a0\u00bbp-r-\u221e md:p-r-\u00b5 md:p-b-\u2021\u00a0\u00bb][vc_column_text css=\u00a0\u00bb.vc_custom_1634475947376{margin-bottom: 2rem !important;}\u00a0\u00bb]\n<h2 style=\"text-align: left;\">Tarifs<\/h2>\n[\/vc_column_text][vc_column_text]Le tarif premium a \u00e9t\u00e9 con\u00e7u pour offrir aux g\u00e9rants de bar un\u00a0<strong>maximum d\u2019avantages<\/strong>\u00a0:<\/p>\n<ul>\n<li><strong class=\"wpex-accent-color\">Joueurs &amp; parties illimit\u00e9s<\/strong><\/li>\n<li><strong class=\"wpex-accent-color\">Personnalisation (logo, fond)<\/strong><\/li>\n<li><strong class=\"wpex-accent-color\">Liens r\u00e9seaux sociaux<\/strong><\/li>\n<li><strong class=\"wpex-accent-color\">Email du lendemain<\/strong><\/li>\n<li><strong class=\"wpex-accent-color\">Support client<\/strong><\/li>\n<\/ul>\n<p><a href=\"https:\/\/boomboomshot.com\/fr\/fonctionnalites\/\">Voir toutes les fonctionnalit\u00e9s<\/a>[\/vc_column_text][\/vc_column][vc_column width=\u00a0\u00bb1\/2&Prime;][vc_row_inner el_class=\u00a0\u00bbbox border-radius-lg maxw-430px object-center p-y-\u2021\u00a0\u00bb][vc_column_inner][vc_column_text css=\u00a0\u00bb.vc_custom_1637662266082{background-color: #24272b !important;}\u00a0\u00bb el_class=\u00a0\u00bbmaxw-200px object-center border-radius-xl p-y-\u03c0\u00a0\u00bb]\n<p style=\"text-align: center; margin-bottom: 0;\">\u00e0 partir de<\/p>\n<h3 style=\"text-align: center; font-size: 4rem; margin-top: 0; margin-bottom: 0;\">9<span style=\"font-size: 2rem;\">\u20ac<\/span> <span style=\"font-size: 1rem;\">HT<\/span><\/h3>\n<p style=\"text-align: center;\">par mois<\/p>\n[\/vc_column_text][vc_column_text]\n<h2 style=\"text-align: center;\">PREMIUM<\/h2>\n<p style=\"text-align: center;\">L\u2019offre parfaite pour tout bar qui souhaite utiliser Boom Boom Shot comme activit\u00e9 principale ou en compl\u00e9ment d\u2019autres \u00e9l\u00e9ments de soir\u00e9e.<\/p>\n[\/vc_column_text][vc_column_text]\n<p class=\"wpex-h2 wpex-accent-color\" style=\"text-align: center; font-size: 2rem;\">1<sup>er<\/sup> essai offert !<\/p>\n[\/vc_column_text][\/vc_column_inner][\/vc_row_inner][\/vc_column][\/vc_row][vc_row full_width=\u00a0\u00bbstretch_row\u00a0\u00bb content_placement=\u00a0\u00bbmiddle\u00a0\u00bb css=\u00a0\u00bb.vc_custom_1634282816554{background-image: url(https:\/\/boomboomshot.com\/wp-content\/uploads\/2021\/10\/arena_bg_3-scaled.jpg?id=1895) !important;background-position: center !important;background-repeat: no-repeat !important;background-size: cover !important;}\u00a0\u00bb el_class=\u00a0\u00bbborder-t border-b bg-dark4 p-y-\u221e md:p-y-\u2021\u00a0\u00bb][vc_column width=\u00a0\u00bb1\/2&Prime; el_class=\u00a0\u00bbp-r-\u221e md:p-r-\u00b5 md:p-b-\u2021\u00a0\u00bb][vc_column_text css=\u00a0\u00bb.vc_custom_1634476153529{margin-bottom: 2rem !important;}\u00a0\u00bb]\n<h2 style=\"text-align: left;\">Prochaine \u00e9tape<\/h2>\n[\/vc_column_text][vc_column_text]Vous savez qu\u2019offrir \u00e0 vos clients une exp\u00e9rience originale va vous permettre de vous d\u00e9marquer de vos concurrents et souhaitez\u00a0<strong>tester gratuitement<\/strong>\u00a0Boom Boom Shot dans votre bar ?<\/p>\n<p><strong class=\"wpex-accent-color\" style=\"font-size: 1.25rem;\">Contactez-nous d\u00e8s maintenant \u2028pour organiser une d\u00e9mo.<\/strong>[\/vc_column_text][\/vc_column][vc_column width=\u00a0\u00bb1\/2&Prime;][vc_row_inner el_class=\u00a0\u00bbbox border-radius-lg maxw-430px object-center p-y-\u2021\u00a0\u00bb css=\u00a0\u00bb.vc_custom_1634229326726{padding-top: 4rem !important;padding-bottom: 4rem !important;background-color: #121417 !important;}\u00a0\u00bb][vc_column_inner][vc_single_image image=\u00a0\u00bb454&Prime; el_class=\u00a0\u00bbmaxw-200px object-center dropshadow\u00a0\u00bb][vc_single_image image=\u00a0\u00bb1898&Prime; el_class=\u00a0\u00bbmaxw-100px object-center\u00a0\u00bb css=\u00a0\u00bb.vc_custom_1634229782444{margin-top: 1rem !important;}\u00a0\u00bb][vc_column_text]\n<h3 style=\"text-align: center; margin-bottom: 0;\">Augustin Hiebel<\/h3>\n<p style=\"text-align: center;\"><strong>co-cr\u00e9ateur<\/strong><\/p>\n[\/vc_column_text][vc_raw_html el_class=\u00a0\u00bbmaxw-300px object-center\u00a0\u00bb css=\u00a0\u00bb.vc_custom_1634229794760{margin-top: 1rem !important;}\u00a0\u00bb]PHNjcmlwdCB0eXBlPSJ0ZXh0L2phdmFzY3JpcHQiPjwhLS0vKiBHZW5lcmF0ZWQgYnkgd3d3LmVtYWlsLWVuY29kZXIuY29tICovDQpmb3IodmFyIHR0cnJpZz1bIllnIiwiY2ciLCJMUSIsImJ3IiwiSUEiLCJhUSIsIkxnIiwiYlEiLCJZdyIsImRRIiwiUGciLCJiQSIsImJ3IiwiWXciLCJZdyIsIkx3IiwiYnciLCJRQSIsImJRIiwiSWciLCJjZyIsIlpRIiwiYnciLCJjdyIsImJnIiwiUEEiLCJidyIsIllRIiwiWWciLCJQQSIsImRBIiwiTFEiLCJZZyIsImFRIiwiUUEiLCJiZyIsIklBIiwiYlEiLCJiUSIsIllnIiwiSWciLCJZUSIsImJRIiwiY0EiLCJkQSIsImRBIiwiYnciLCJkQSIsImVRIiwiYUEiLCJiZyIsImJnIiwiZEEiLCJhUSIsIllRIiwiWXciLCJiZyIsIllRIiwiYnciLCJkQSIsIklBIiwiWVEiLCJZUSIsIllnIiwiT2ciLCJZZyIsIllRIiwiZFEiLCJJZyIsImJBIiwiYnciLCJaUSIsIlBRIiwiUFEiLCJiUSIsImJnIiwiYnciLCJhUSIsImJ3IiwiSUEiLCJiUSIsImN3IiwiYUEiLCJkQSIsImRBIiwiWmciLCJidyIsIlpRIiwiYnciLCJZdyIsImNnIiwiWXciLCJidyIsImN3IiwiYnciLCJiUSIsImRBIiwiSWciLCJhQSIsImJ3IiwiY3ciLCJiUSIsImFBIiwiTGciLCJkQSIsIll3IiwiYnciLCJidyIsImJBIiwiWlEiLCJkQSIsImRBIiwiUGciXSxhaXBwZnE9WzI0LDQsNTQsMTA3LDYxLDc4LDM2LDEwMCwxMDYsNzAsODQsMTIsMjYsODUsOTAsMTEwLDI1LDIzLDUyLDgzLDgxLDUxLDczLDQ2LDYwLDEwOSw5OCw4MCw1NSwwLDM1LDc1LDkzLDYyLDkyLDE4LDY4LDMxLDI3LDI4LDgsMTExLDM5LDc2LDkxLDg4LDM0LDcyLDgyLDMsNjYsNjMsMjIsNjUsMTAsMjEsNzQsODksMzgsMTksMiw0NCwxLDY5LDE1LDk3LDIwLDU2LDQ4LDY0LDE0LDY3LDcsNDcsMTA4LDg3LDU5LDExLDk1LDQxLDc5LDQ1LDEwMiw1OCw3MSw2LDI5LDUzLDEwMywxNiw3Nyw0Miw5NCwzMiwxNyw5NiwxMyw0MCwzMyw5OSwxMDEsOSw1MCwxMDUsNTcsMzcsMzAsODYsNDMsNSwxMDQsNDksMTEyXSxtZG9qdGI9bmV3IEFycmF5LGk9MDtpPGFpcHBmcS5sZW5ndGg7aSsrKW1kb2p0YlthaXBwZnFbaV1dPXR0cnJpZ1tpXTtmb3IodmFyIGk9MDtpPG1kb2p0Yi5sZW5ndGg7aSsrKWRvY3VtZW50LndyaXRlKGF0b2IobWRvanRiW2ldKyI9PSIpKTsgLy8gLS0+PC9zY3JpcHQ+PG5vc2NyaXB0PlBsZWFzZSBlbmFibGUgSmF2YVNjcmlwdCB0byBzZWUgdGhlIGVtYWlsIGFkZHJlc3MgKDxhIGhyZWY9Imh0dHBzOi8vd3d3LmVtYWlsLWVuY29kZXIuY29tL2VuYWJsZWpzLyIgdGFyZ2V0PSJfYmxhbmsiIHJlbD0ibm9vcGVuZXIgbm9yZWZlcnJlciI+SG93LXRvPC9hPikuPC9ub3NjcmlwdD4=[\/vc_raw_html][\/vc_column_inner][\/vc_row_inner][\/vc_column][\/vc_row]\n","protected":false},"excerpt":{"rendered":"<p>[vc_row full_width=\u00a0\u00bbstretch_row_content\u00a0\u00bb content_placement=\u00a0\u00bbmiddle\u00a0\u00bb rtl_reverse=\u00a0\u00bbyes\u00a0\u00bb parallax=\u00a0\u00bbcontent-moving\u00a0\u00bb parallax_image=\u00a0\u00bb1782&Prime; tablet_fullwidth_cols=\u00a0\u00bbyes\u00a0\u00bb css=\u00a0\u00bb.vc_custom_1634224570113{padding-top: 1rem !important;padding-bottom: 1rem !important;background-color: #24272b !important;background-position: center;background-repeat: no-repeat !important;background-size: cover !important;}\u00a0\u00bb el_class=\u00a0\u00bbz-index-1 border-b is-justify-center\u00a0\u00bb][vc_column width=\u00a0\u00bb1\/2&Prime;][vc_single_image image=\u00a0\u00bb1781&Prime; el_class=\u00a0\u00bbm-t-\u221e md:m-t-\u2021\u00a0\u00bb][\/vc_column][vc_column width=\u00a0\u00bb1\/2&Prime; el_class=\u00a0\u00bbmaxw-430px\u00a0\u00bb][vc_column_text] Pulv\u00e9risez les ventes de votre bar Drainez du traffic dans votre bar&hellip;<\/p>\n","protected":false},"author":1,"featured_media":0,"parent":0,"menu_order":0,"comment_status":"closed","ping_status":"closed","template":"templates\/no-sidebar.php","meta":{"footnotes":""},"class_list":["post-1909","page","type-page","status-publish","hentry","entry","no-media"],"_links":{"self":[{"href":"https:\/\/boomboomshot.com\/fr\/wp-json\/wp\/v2\/pages\/1909","targetHints":{"allow":["GET"]}}],"collection":[{"href":"https:\/\/boomboomshot.com\/fr\/wp-json\/wp\/v2\/pages"}],"about":[{"href":"https:\/\/boomboomshot.com\/fr\/wp-json\/wp\/v2\/types\/page"}],"author":[{"embeddable":true,"href":"https:\/\/boomboomshot.com\/fr\/wp-json\/wp\/v2\/users\/1"}],"replies":[{"embeddable":true,"href":"https:\/\/boomboomshot.com\/fr\/wp-json\/wp\/v2\/comments?post=1909"}],"version-history":[{"count":50,"href":"https:\/\/boomboomshot.com\/fr\/wp-json\/wp\/v2\/pages\/1909\/revisions"}],"predecessor-version":[{"id":2307,"href":"https:\/\/boomboomshot.com\/fr\/wp-json\/wp\/v2\/pages\/1909\/revisions\/2307"}],"wp:attachment":[{"href":"https:\/\/boomboomshot.com\/fr\/wp-json\/wp\/v2\/media?parent=1909"}],"curies":[{"name":"wp","href":"https:\/\/api.w.org\/{rel}","templated":true}]}}