{"id":2335,"date":"2021-11-26T16:28:49","date_gmt":"2021-11-26T16:28:49","guid":{"rendered":"https:\/\/boomboomshot.com\/pour-evenements-publics\/"},"modified":"2023-03-20T18:27:31","modified_gmt":"2023-03-20T17:27:31","slug":"pour-evenements-publics","status":"publish","type":"page","link":"https:\/\/boomboomshot.com\/fr\/pour-evenements-publics\/","title":{"rendered":"Pour \u00e9v\u00e9nements publics"},"content":{"rendered":"[vc_row full_width=\u00a0\u00bbstretch_row\u00a0\u00bb content_placement=\u00a0\u00bbmiddle\u00a0\u00bb tablet_fullwidth_cols=\u00a0\u00bbyes\u00a0\u00bb css=\u00a0\u00bb.vc_custom_1637941815942{padding-top: 2rem !important;padding-bottom: 2rem !important;background: #24272b url(https:\/\/boomboomshot.com\/wp-content\/uploads\/2021\/11\/publicevents-bg-cover.jpg?id=2315) !important;background-position: center !important;background-repeat: no-repeat !important;background-size: cover !important;}\u00a0\u00bb el_class=\u00a0\u00bbz-index-1 border-b is-justify-center\u00a0\u00bb][vc_column width=\u00a0\u00bb1\/2&Prime; el_class=\u00a0\u00bbm-t-\u221e md:m-t-\u2021\u00a0\u00bb][vc_column_text]\n<h1>L\u2019app de tirage au sort pour \u00e9v\u00e9nements publics<\/h1>\n<p>F\u00eates de villages, comp\u00e9titions sportives, salons professionnels, \u00e9v\u00e9nements publics, f\u00eates d&rsquo;entreprise : finies les tombolas sur papier, pour vos tirages au sort publics choisissez la modernit\u00e9 et la simplicit\u00e9 avec l\u2019app Boom Boom Shot ![\/vc_column_text][vc_row_inner css=\u00a0\u00bb.vc_custom_1679333224267{margin-top: 0.5rem !important;}\u00a0\u00bb][vc_column_inner]<div class=\"vcex-shortcode wpex-clr\"><div class=\"templatera_shortcode\"><div class=\"vc_row wpb_row vc_row-fluid vc_row_flex vc_custom_1679332620281\"><div class=\"wpb_column vc_column_container vc_col-sm-12\"><div class=\"vc_column-inner\"><div class=\"wpb_wrapper\"><a href=\"https:\/\/game.boomboomshot.com\/signup\" class=\"vcex-button theme-button inline button-primary\"><span class=\"theme-button-inner\">Commencer (gratuit)<span class=\"vcex-icon-wrap theme-button-icon-right\"><span class=\"ticon ticon-long-arrow-right\" aria-hidden=\"true\"><\/span><\/span><\/span><\/a> <a href=\"https:\/\/game.boomboomshot.com\/login\" class=\"vcex-button theme-button inline button-secondary\"><span class=\"theme-button-inner\">Se connecter<\/span><\/a> <\/div><\/div><\/div><\/div><\/div><\/div>[\/vc_column_inner][\/vc_row_inner][\/vc_column][vc_column width=\u00a0\u00bb1\/2&Prime;][vc_single_image image=\u00a0\u00bb2333&Prime;][\/vc_column][\/vc_row][vc_row el_class=\u00a0\u00bbm-y-\u221e md:m-y-\u2021\u00a0\u00bb][vc_column width=\u00a0\u00bb1\/2&Prime; el_class=\u00a0\u00bbp-r-\u221e md:p-r-\u00b5 md:p-b-\u2021\u00a0\u00bb][vc_row_inner][vc_column_inner][vc_column_text css=\u00a0\u00bb.vc_custom_1634372976589{margin-bottom: 2rem !important;}\u00a0\u00bb]\n<h2 style=\"text-align: left; margin-top: 0;\">Comment \u00e7a marche ?<\/h2>\n[\/vc_column_text][\/vc_column_inner][\/vc_row_inner][vc_row_inner][vc_column_inner el_class=\u00a0\u00bbmd:p-b-\u03c0\u00a0\u00bb width=\u00a0\u00bb1\/4&Prime; offset=\u00a0\u00bbvc_col-xs-1\/5&Prime;][vc_single_image image=\u00a0\u00bb1787&Prime;][\/vc_column_inner][vc_column_inner width=\u00a0\u00bb3\/4&Prime;][vc_column_text]\nDiffusez l\u2019app de tirage au sort Boom Boom Shot sur un ou plusieurs \u00e9crans visibles par le public (ou imprimez le QR code de participation sur vos flyers).<br \/>\n[\/vc_column_text][\/vc_column_inner][\/vc_row_inner][vc_row_inner el_class=\u00a0\u00bbm-y-\u03c0\u00a0\u00bb][vc_column_inner el_class=\u00a0\u00bbmd:p-b-\u03c0\u00a0\u00bb width=\u00a0\u00bb1\/4&Prime; offset=\u00a0\u00bbvc_col-xs-1\/5&Prime;][vc_single_image image=\u00a0\u00bb1789&Prime;][\/vc_column_inner][vc_column_inner width=\u00a0\u00bb3\/4&Prime;][vc_column_text]\nInvitez les participants \u00e0 s\u2019inscrire facilement au tirage au sort en scannant le QR code avec leur t\u00e9l\u00e9phone portable (connexion internet requise).<br \/>\n[\/vc_column_text][\/vc_column_inner][\/vc_row_inner][vc_row_inner][vc_column_inner el_class=\u00a0\u00bbmd:p-b-\u03c0\u00a0\u00bb width=\u00a0\u00bb1\/4&Prime; offset=\u00a0\u00bbvc_col-xs-1\/5&Prime;][vc_single_image image=\u00a0\u00bb1791&Prime;][\/vc_column_inner][vc_column_inner width=\u00a0\u00bb3\/4&Prime;][vc_column_text]\nLorsque vous \u00eates pr\u00eat, lancez la roue pour d\u00e9signer un ou plusieurs gagnants. C\u2019est aussi simple que \u00e7a !<br \/>\n[\/vc_column_text][\/vc_column_inner][\/vc_row_inner][\/vc_column][vc_column width=\u00a0\u00bb1\/2&Prime;][vc_single_image image=\u00a0\u00bb2330&Prime;][\/vc_column][\/vc_row][vc_row full_width=\u00a0\u00bbstretch_row\u00a0\u00bb content_placement=\u00a0\u00bbmiddle\u00a0\u00bb css=\u00a0\u00bb.vc_custom_1637943424576{background-color: #1a1c1f !important;}\u00a0\u00bb el_class=\u00a0\u00bbborder-t\u00a0\u00bb][vc_column width=\u00a0\u00bb2\/3&Prime;][vc_single_image image=\u00a0\u00bb2438&Prime;][\/vc_column][vc_column width=\u00a0\u00bb1\/3&Prime;][vc_column_text]\n<h2 class=\"m-b-\u2021\">Dites bonjour \u00e0 la loterie moderne<\/h2>\n<p>Que ce soit pour une comp\u00e9tition sportive (match de foot, basket, handball, etc.), une f\u00eate de village, un anniversaire, une f\u00eate d\u2019entreprise, un salon professionnel ou n\u2019importe quel \u00e9v\u00e9nement public, l\u2019application de tirage au sort Boom Boom Shot r\u00e9volutionne les tombolas gratuites en proposant une solution moderne et facile.[\/vc_column_text][\/vc_column][\/vc_row][vc_row full_width=\u00a0\u00bbstretch_row\u00a0\u00bb content_placement=\u00a0\u00bbtop\u00a0\u00bb css=\u00a0\u00bb.vc_custom_1638001607016{background-color: #1a1c1f !important;}\u00a0\u00bb el_class=\u00a0\u00bbp-b-\u221e border-b\u00a0\u00bb][vc_column width=\u00a0\u00bb1\/2&Prime;][vc_column_text]\n<h2 class=\"m-b-\u2021\">Inscription<br \/>\nsimplissime<\/h2>\n<p>Vous souhaitez faire gagner un cadeau \u00e0 l\u2019un ou plusieurs participants de votre f\u00eate d&rsquo;entreprise, comp\u00e9tition sportive, anniversaire, f\u00eate d&rsquo;\u00e9cole ? Fini le papier, demandez simplement aux joueurs de scanner le QR code de votre partie Boom Boom Shot pour qu\u2019ils s\u2019inscrivent au tirage au sort en quelques secondes.[\/vc_column_text][\/vc_column][vc_column width=\u00a0\u00bb1\/2&Prime;][vc_column_text]\n<h2 class=\"m-b-\u2021\">Animation<br \/>\nfluide<\/h2>\n<p>Contrairement aux loteries et tombolas traditionnelles, le tirage au sort devient un moment d\u2019excitation pour tous les participants avec Boom Boom Shot. L\u2019\u00e9cran qui vibre, les noms qui d\u00e9filent, la roue qui ralentit et s\u2019arr\u00eate enfin pour d\u00e9signer un heureux gagnant, tout le processus de tirage au sort peut \u00eatre suivi en temps r\u00e9el par tous les participants.[\/vc_column_text][\/vc_column][\/vc_row][vc_row el_class=\u00a0\u00bbvc_column-inner-m-b-0&Prime;][vc_column]<div class=\"templatera_shortcode\"><div data-vc-full-width=\"true\" data-vc-full-width-init=\"false\" class=\"vc_row wpb_row vc_row-fluid border-t vc_custom_1670178810630 wpex-vc_row-has-fill wpex-vc-row-stretched\" style=\"background-position:center center !important;\"><div class=\"wpb_column vc_column_container vc_col-sm-12\"><div class=\"vc_column-inner\"><div class=\"wpb_wrapper\"><div class=\"vc_row wpb_row vc_inner vc_row-fluid\"><div class=\"wpb_column maxw-400px object-center vc_column_container vc_col-sm-12\"><div class=\"vc_column-inner\"><div class=\"wpb_wrapper\">\n\t<div class=\"wpb_text_column wpb_content_element \" >\n\t\t<div class=\"wpb_wrapper\">\n\t\t\t<h2 style=\"text-align: center;\">L\u2019app de tirage au sort moderne<\/h2>\n\n\t\t<\/div>\n\t<\/div>\n<div class=\"vc_custom_1703760396448 wpex-clr\"><a href=\"https:\/\/game.boomboomshot.com\/signup\" class=\"vcex-button theme-button inline button-primary w-100 maxw-430px m-x-auto\"><span class=\"theme-button-inner\">Commencer (gratuit)<span class=\"vcex-icon-wrap theme-button-icon-right\"><span class=\"ticon ticon-long-arrow-right\" aria-hidden=\"true\"><\/span><\/span><\/span><\/a><\/div> <\/div><\/div><\/div><\/div><\/div><\/div><\/div><\/div><div class=\"vc_row-full-width vc_clearfix\"><\/div><\/div>[\/vc_column][\/vc_row][vc_row el_class=\u00a0\u00bbvc_column-inner-m-b-0&Prime;][vc_column]<div class=\"templatera_shortcode\"><div data-vc-full-width=\"true\" data-vc-full-width-init=\"false\" class=\"vc_row wpb_row vc_row-fluid border-t vc_column-inner-m-b-0 vc_custom_1670441026941 wpex-vc_row-has-fill wpex-vc-row-stretched\"><div class=\"wpb_column vc_column_container vc_col-sm-12\"><div class=\"vc_column-inner vc_custom_1670411527673\"><div class=\"wpb_wrapper\"><div class=\"vc_row wpb_row vc_inner vc_row-fluid\"><div class=\"wpb_column vc_column_container vc_col-sm-12\"><div class=\"vc_column-inner vc_custom_1670441142622\"><div class=\"wpb_wrapper\">\n\t<div  class=\"wpb_single_image wpb_content_element vc_align_  vc_custom_1670409070347  maxw-200px m-x-auto\">\n\t\t\n\t\t<figure class=\"wpb_wrapper vc_figure\">\n\t\t\t<div class=\"vc_single_image-wrapper   vc_box_border_grey\"><img loading=\"lazy\" decoding=\"async\" width=\"1160\" height=\"296\" src=\"https:\/\/boomboomshot.com\/wp-content\/uploads\/2022\/12\/truspilot.png\" class=\"vc_single_image-img attachment-full\" alt=\"\" srcset=\"https:\/\/boomboomshot.com\/wp-content\/uploads\/2022\/12\/truspilot.png 1160w, https:\/\/boomboomshot.com\/wp-content\/uploads\/2022\/12\/truspilot-300x77.png 300w, https:\/\/boomboomshot.com\/wp-content\/uploads\/2022\/12\/truspilot-1024x261.png 1024w, https:\/\/boomboomshot.com\/wp-content\/uploads\/2022\/12\/truspilot-768x196.png 768w\" sizes=\"auto, (max-width: 1160px) 100vw, 1160px\" \/><\/div>\n\t\t<\/figure>\n\t<\/div>\n\n\t<div class=\"wpb_text_column wpb_content_element  vc_custom_1670440755289 maxw-430px m-x-auto\" >\n\t\t<div class=\"wpb_wrapper\">\n\t\t\t<h2 style=\"text-align: center;\">Partagez votre exp\u00e9rience<\/h2>\n\n\t\t<\/div>\n\t<\/div>\n\n\t<div class=\"wpb_text_column wpb_content_element  vc_custom_1670440900942 maxw-430px m-x-auto\" >\n\t\t<div class=\"wpb_wrapper\">\n\t\t\t<p style=\"text-align: center;\">Vous avez appr\u00e9ci\u00e9 utiliser de l'app de tirage au sort Boom Boom Shot ? Dites-nous ce que vous en avez pens\u00e9 en laissant votre avis sur <a href=\"https:\/\/fr.trustpilot.com\/review\/boomboomshot.com\" target=\"_blank\" rel=\"noopener\">Trustpilot<\/a>.<\/p>\n\n\t\t<\/div>\n\t<\/div>\n\n\t<div class=\"wpb_text_column wpb_content_element  maxw-430px m-x-auto\" >\n\t\t<div class=\"wpb_wrapper\">\n\t\t\t\n\t\t<\/div>\n\t<\/div>\n<\/div><\/div><\/div><\/div><\/div><\/div><\/div><\/div><div class=\"vc_row-full-width vc_clearfix\"><\/div><\/div>[\/vc_column][\/vc_row]\n","protected":false},"excerpt":{"rendered":"L\u2019app de tirage au sort pour \u00e9v\u00e9nements publics F\u00eates de villages, comp\u00e9titions sportives, salons professionnels, \u00e9v\u00e9nements publics, f\u00eates d'entreprise : finies les tombolas sur papier, pour vos tirages au sort publics choisissez la modernit\u00e9 et la simplicit\u00e9 avec l\u2019app Boom&hellip;","protected":false},"author":1,"featured_media":0,"parent":0,"menu_order":0,"comment_status":"closed","ping_status":"closed","template":"templates\/no-sidebar.php","meta":{"footnotes":""},"class_list":["post-2335","page","type-page","status-publish","hentry","entry","no-media"],"_links":{"self":[{"href":"https:\/\/boomboomshot.com\/fr\/wp-json\/wp\/v2\/pages\/2335","targetHints":{"allow":["GET"]}}],"collection":[{"href":"https:\/\/boomboomshot.com\/fr\/wp-json\/wp\/v2\/pages"}],"about":[{"href":"https:\/\/boomboomshot.com\/fr\/wp-json\/wp\/v2\/types\/page"}],"author":[{"embeddable":true,"href":"https:\/\/boomboomshot.com\/fr\/wp-json\/wp\/v2\/users\/1"}],"replies":[{"embeddable":true,"href":"https:\/\/boomboomshot.com\/fr\/wp-json\/wp\/v2\/comments?post=2335"}],"version-history":[{"count":72,"href":"https:\/\/boomboomshot.com\/fr\/wp-json\/wp\/v2\/pages\/2335\/revisions"}],"predecessor-version":[{"id":3948,"href":"https:\/\/boomboomshot.com\/fr\/wp-json\/wp\/v2\/pages\/2335\/revisions\/3948"}],"wp:attachment":[{"href":"https:\/\/boomboomshot.com\/fr\/wp-json\/wp\/v2\/media?parent=2335"}],"curies":[{"name":"wp","href":"https:\/\/api.w.org\/{rel}","templated":true}]}}