{"id":2640,"date":"2022-11-11T11:24:52","date_gmt":"2022-11-11T11:24:52","guid":{"rendered":"https:\/\/boomboomshot.com\/mentions-legales\/"},"modified":"2022-11-11T11:24:53","modified_gmt":"2022-11-11T11:24:53","slug":"mentions-legales","status":"publish","type":"page","link":"https:\/\/boomboomshot.com\/fr\/mentions-legales\/","title":{"rendered":"Mentions l\u00e9gales"},"content":{"rendered":"[vc_row full_width=\u00a0\u00bbstretch_row\u00a0\u00bb wpex_bg_overlay=\u00a0\u00bbcolor\u00a0\u00bb css=\u00a0\u00bb.vc_custom_1625000628046{padding-top: 6rem !important;padding-bottom: 4rem !important;}\u00a0\u00bb wpex_bg_overlay_color=\u00a0\u00bb#1a1c1f\u00a0\u00bb][vc_column][vc_row_inner][vc_column_inner][vc_column_text css=\u00a0\u00bb.vc_custom_1668165699320{padding-bottom: 2rem !important;}\u00a0\u00bb]\n<h1 style=\"text-align: center;\">Mentions l\u00e9gales<\/h1>\n[\/vc_column_text][\/vc_column_inner][\/vc_row_inner][vc_row_inner el_class=\u00a0\u00bbbox border-radius-lg maxw-lg object-center\u00a0\u00bb][vc_column_inner css=\u00a0\u00bb.vc_custom_1625000696265{padding-top: 2rem !important;padding-right: 2rem !important;padding-bottom: 2rem !important;padding-left: 2rem !important;}\u00a0\u00bb][vc_column_text css=\u00a0\u00bb.vc_custom_1668165799441{padding-top: 2rem !important;padding-bottom: 2rem !important;}\u00a0\u00bb]Le site utilise la technologie JavaScript.<\/p>\n<h2>Propri\u00e9taire du Site<\/h2>\n<h3>GIMIWI<\/h3>\n<p>Soci\u00e9t\u00e9 par actions simplifi\u00e9e<br \/>\nAu capital social de 1.000 euros<br \/>\nN\u00b0 SIREN : 901 472 282<br \/>\nNum\u00e9ro de TVA : FR16901472282<br \/>\nSise 12 rue du Gloeckelsberg 67200 STRASBOURG<br \/>\ncontact@boomboomshot.com<\/p>\n<h2>H\u00e9bergeur<\/h2>\n<h3>OVH<\/h3>\n<p>Soci\u00e9t\u00e9 par actions simplifi\u00e9e \u00e0 associ\u00e9 unique,<br \/>\nAu capital de 10.174.60 euros<br \/>\nN\u00b0 SIREN : 424 761 419<br \/>\nSise 2 rue Kellermann 59100 ROUBAIX<\/p>\n<h3>Responsable de la publication<\/h3>\n<p>A. Hiebel<br \/>\ncontact@boomboomshot.com<\/p>\n<p>Responsable du d\u00e9veloppeur :<\/p>\n<p>T. Mazurkiewicz<br \/>\ncontact@boomboomshot.com<\/p>\n<h3>D\u00e9l\u00e9gu\u00e9 \u00e0 la protection des donn\u00e9es<\/h3>\n<p>T. Mazurkiewicz<br \/>\ndpo@boomboomshot.com[\/vc_column_text][\/vc_column_inner][\/vc_row_inner][\/vc_column][\/vc_row]\n","protected":false},"excerpt":{"rendered":"<p>[vc_row full_width=\u00a0\u00bbstretch_row\u00a0\u00bb wpex_bg_overlay=\u00a0\u00bbcolor\u00a0\u00bb css=\u00a0\u00bb.vc_custom_1625000628046{padding-top: 6rem !important;padding-bottom: 4rem !important;}\u00a0\u00bb wpex_bg_overlay_color=\u00a0\u00bb#1a1c1f\u00a0\u00bb][vc_column][vc_row_inner][vc_column_inner][vc_column_text css=\u00a0\u00bb.vc_custom_1668165699320{padding-bottom: 2rem !important;}\u00a0\u00bb] Mentions l\u00e9gales [\/vc_column_text][\/vc_column_inner][\/vc_row_inner][vc_row_inner el_class=\u00a0\u00bbbox border-radius-lg maxw-lg object-center\u00a0\u00bb][vc_column_inner css=\u00a0\u00bb.vc_custom_1625000696265{padding-top: 2rem !important;padding-right: 2rem !important;padding-bottom: 2rem !important;padding-left: 2rem !important;}\u00a0\u00bb][vc_column_text css=\u00a0\u00bb.vc_custom_1668165799441{padding-top: 2rem !important;padding-bottom: 2rem !important;}\u00a0\u00bb]Le site utilise la technologie JavaScript. Propri\u00e9taire du&hellip;<\/p>\n","protected":false},"author":1,"featured_media":0,"parent":0,"menu_order":0,"comment_status":"closed","ping_status":"closed","template":"templates\/no-sidebar.php","meta":{"footnotes":""},"class_list":["post-2640","page","type-page","status-publish","hentry","entry","no-media"],"_links":{"self":[{"href":"https:\/\/boomboomshot.com\/fr\/wp-json\/wp\/v2\/pages\/2640","targetHints":{"allow":["GET"]}}],"collection":[{"href":"https:\/\/boomboomshot.com\/fr\/wp-json\/wp\/v2\/pages"}],"about":[{"href":"https:\/\/boomboomshot.com\/fr\/wp-json\/wp\/v2\/types\/page"}],"author":[{"embeddable":true,"href":"https:\/\/boomboomshot.com\/fr\/wp-json\/wp\/v2\/users\/1"}],"replies":[{"embeddable":true,"href":"https:\/\/boomboomshot.com\/fr\/wp-json\/wp\/v2\/comments?post=2640"}],"version-history":[{"count":2,"href":"https:\/\/boomboomshot.com\/fr\/wp-json\/wp\/v2\/pages\/2640\/revisions"}],"predecessor-version":[{"id":2642,"href":"https:\/\/boomboomshot.com\/fr\/wp-json\/wp\/v2\/pages\/2640\/revisions\/2642"}],"wp:attachment":[{"href":"https:\/\/boomboomshot.com\/fr\/wp-json\/wp\/v2\/media?parent=2640"}],"curies":[{"name":"wp","href":"https:\/\/api.w.org\/{rel}","templated":true}]}}