{"id":2971,"date":"2022-12-04T09:43:17","date_gmt":"2022-12-04T09:43:17","guid":{"rendered":"https:\/\/boomboomshot.com\/tirage-au-sort\/"},"modified":"2023-12-28T17:58:33","modified_gmt":"2023-12-28T16:58:33","slug":"tirage-au-sort","status":"publish","type":"page","link":"https:\/\/boomboomshot.com\/fr\/tirage-au-sort\/","title":{"rendered":"Tirage au sort"},"content":{"rendered":"[vc_row full_width=\u00a0\u00bbstretch_row_content\u00a0\u00bb content_placement=\u00a0\u00bbmiddle\u00a0\u00bb columns_right=\u00a0\u00bbyes\u00a0\u00bb tablet_fullwidth_cols=\u00a0\u00bbyes\u00a0\u00bb css=\u00a0\u00bb.vc_custom_1670088056840{padding-top: 1rem !important;padding-bottom: 1rem !important;background: #24272b url(https:\/\/boomboomshot.com\/wp-content\/uploads\/2022\/12\/sweepstakes-bg-cover.webp?id=2849) !important;background-position: center !important;background-repeat: no-repeat !important;background-size: cover !important;}\u00a0\u00bb el_class=\u00a0\u00bbz-index-1 border-b is-justify-center\u00a0\u00bb][vc_column width=\u00a0\u00bb2\/5&Prime; el_class=\u00a0\u00bbmaxw-430px m-t-\u221e md:m-t-\u2021\u00a0\u00bb][vc_row_inner css=\u00a0\u00bb.vc_custom_1670154520569{padding-top: 2rem !important;}\u00a0\u00bb][vc_column_inner width=\u00a0\u00bb2\/3&Prime;][vc_single_image image=\u00a0\u00bb454&Prime; el_class=\u00a0\u00bbdropshadow maxw-200px\u00a0\u00bb][\/vc_column_inner][vc_column_inner width=\u00a0\u00bb1\/3&Prime;][\/vc_column_inner][\/vc_row_inner][vc_column_text css=\u00a0\u00bb.vc_custom_1670088904275{margin-bottom: 1rem !important;padding-left: 0.75rem !important;}\u00a0\u00bb font_size=\u00a0\u00bb2.5&Prime;]\n<h1>Le tirage au sort pour<br \/>\n<span class=\"typed-me\" data-string0=\"tombolas\" data-string1=\"salons pro\" data-string2=\"kermesses\" data-string3=\"bars et concerts\" data-string4=\"matchs sportifs\" data-type-speed=\"80\" data-start-delay=\"0\" data-back-speed=\"60\" data-back-delay=\"1000\"><\/span><\/h1>\n[\/vc_column_text][vc_column_text css=\u00a0\u00bb.vc_custom_1670088853083{padding-left: 0.75rem !important;}\u00a0\u00bb font_size=\u00a0\u00bb1.1rem\u00a0\u00bb]Ne perdez plus de temps pour vos tirages au sort: dites bonjours \u00e0 Boom Boom Shot, l\u2019app de tirage au sort moderne.[\/vc_column_text][vc_row_inner css=\u00a0\u00bb.vc_custom_1679332821063{margin-top: 0.5rem !important;padding-right: 1rem !important;padding-left: 1rem !important;}\u00a0\u00bb][vc_column_inner]<div class=\"vcex-shortcode wpex-clr\"><div class=\"templatera_shortcode\"><div class=\"vc_row wpb_row vc_row-fluid vc_row_flex vc_custom_1679332620281\"><div class=\"wpb_column vc_column_container vc_col-sm-12\"><div class=\"vc_column-inner\"><div class=\"wpb_wrapper\"><a href=\"https:\/\/game.boomboomshot.com\/signup\" class=\"vcex-button theme-button inline button-primary\"><span class=\"theme-button-inner\">Commencer (gratuit)<span class=\"vcex-icon-wrap theme-button-icon-right\"><span class=\"ticon ticon-long-arrow-right\" aria-hidden=\"true\"><\/span><\/span><\/span><\/a> <a href=\"https:\/\/game.boomboomshot.com\/login\" class=\"vcex-button theme-button inline button-secondary\"><span class=\"theme-button-inner\">Se connecter<\/span><\/a> <\/div><\/div><\/div><\/div><\/div><\/div>[\/vc_column_inner][\/vc_row_inner][\/vc_column][vc_column width=\u00a0\u00bb3\/5&Prime;][vc_single_image image=\u00a0\u00bb2807&Prime;][\/vc_column][\/vc_row][vc_row css=\u00a0\u00bb.vc_custom_1670088992055{margin-top: 3.75rem !important;margin-bottom: 2rem !important;}\u00a0\u00bb][vc_column][vc_row_inner][vc_column_inner][vc_column_text font_size=\u00a0\u00bb1.4rem\u00a0\u00bb]\n<p style=\"text-align: center;\">Boom Boom Shot est une solution digitale de tirage au sort pour \u00e9v\u00e9nements sportifs, associatifs, culturels ou marketing. Face \u00e0 un public toujours plus friand de jeux et d\u2019interactivit\u00e9, tirez le meilleur parti du tirage au sort avec Boom Boom Shot.<\/p>\n[\/vc_column_text][\/vc_column_inner][\/vc_row_inner][\/vc_column][\/vc_row][vc_row full_width=\u00a0\u00bbstretch_row\u00a0\u00bb el_class=\u00a0\u00bbbg-dark4 border-y\u00a0\u00bb css=\u00a0\u00bb.vc_custom_1670070362549{padding-top: 2rem !important;padding-bottom: 2rem !important;}\u00a0\u00bb][vc_column][vc_row_inner][vc_column_inner][vc_column_text css=\u00a0\u00bb.vc_custom_1670070331763{margin-top: 1rem !important;margin-bottom: 2rem !important;}\u00a0\u00bb]\n<h2 style=\"text-align: center;\">Fonctionnalit\u00e9s principales<\/h2>\n[\/vc_column_text][\/vc_column_inner][\/vc_row_inner][vc_row_inner css=\u00a0\u00bb.vc_custom_1670086934614{margin-top: 2rem !important;margin-bottom: 2rem !important;}\u00a0\u00bb][vc_column_inner width=\u00a0\u00bb1\/3&Prime;][vc_column_text]\n<h3>Votre tirage au sort en quelques clics<\/h3>\n<p>Organiser un tirage au sort n\u2019a jamais \u00e9t\u00e9 aussi facile : param\u00e9trez en quelques clics le nombre de gagnant \u00e0 chaque tirage, le type de d\u00e9clenchement de la roue et son habillage, et c\u2019est parti ![\/vc_column_text][\/vc_column_inner][vc_column_inner width=\u00a0\u00bb2\/3&Prime;][vc_single_image image=\u00a0\u00bb2836&Prime;][\/vc_column_inner][\/vc_row_inner][vc_row_inner columns_right=\u00a0\u00bbyes\u00a0\u00bb css=\u00a0\u00bb.vc_custom_1670086939147{margin-top: 2rem !important;margin-bottom: 2rem !important;}\u00a0\u00bb][vc_column_inner width=\u00a0\u00bb1\/3&Prime;][vc_column_text]\n<h3>Une inscription simplissime<\/h3>\n<p>Un QR code unique est g\u00e9n\u00e9r\u00e9 automatiquement \u00e0 la cr\u00e9ation de votre tirage au sort : partagez-le avec votre public pour qu&rsquo;il s&rsquo;inscrive automatiquement via Facebook, Google ou leur adresse email.[\/vc_column_text][\/vc_column_inner][vc_column_inner width=\u00a0\u00bb2\/3&Prime;][vc_single_image image=\u00a0\u00bb2838&Prime;][\/vc_column_inner][\/vc_row_inner][vc_row_inner css=\u00a0\u00bb.vc_custom_1670086943649{margin-top: 2rem !important;margin-bottom: 2rem !important;}\u00a0\u00bb][vc_column_inner width=\u00a0\u00bb1\/3&Prime;][vc_column_text]\n<h3>Une exp\u00e9rience en temps-r\u00e9el<\/h3>\n<p>Pour s\u2019assurer que votre public ne perde pas une miette de l\u2019exp\u00e9rience, chaque participant peut suivre en temps r\u00e9el les tirages sur leur smartphone. Choisissez de diffuser les tirages au sort sur grand \u00e9cran ou laissez chacun regarder son t\u00e9l\u00e9phone, \u00e0 vous de choisir ![\/vc_column_text][\/vc_column_inner][vc_column_inner width=\u00a0\u00bb2\/3&Prime;][vc_single_image image=\u00a0\u00bb3653&Prime;][\/vc_column_inner][\/vc_row_inner][vc_row_inner columns_right=\u00a0\u00bbyes\u00a0\u00bb css=\u00a0\u00bb.vc_custom_1670086939147{margin-top: 2rem !important;margin-bottom: 2rem !important;}\u00a0\u00bb][vc_column_inner width=\u00a0\u00bb1\/3&Prime;][vc_column_text]\n<h3>R\u00e9colter les informations de vos participants<\/h3>\n<p>Utilisez le tirage au sort pour r\u00e9colter les informations utiles de vos participants (nom, adresse email, et plus si affinit\u00e9s) gr\u00e2ce \u00e0 Boom Boom Shot et t\u00e9l\u00e9chargez les donn\u00e9es au format CSV.[\/vc_column_text][\/vc_column_inner][vc_column_inner width=\u00a0\u00bb2\/3&Prime;][vc_single_image image=\u00a0\u00bb3605&Prime;][\/vc_column_inner][\/vc_row_inner][vc_row_inner][vc_column_inner el_class=\u00a0\u00bbtext-center\u00a0\u00bb css=\u00a0\u00bb.vc_custom_1703782688484{margin-top: 2rem !important;}\u00a0\u00bb]<a href=\"https:\/\/boomboomshot.com\/fr\/fonctionnalites\/\" class=\"vcex-button theme-button inline w-100 maxw-430px m-x-auto\"><span class=\"theme-button-inner\">Voir toutes les fonctionnalit\u00e9s<\/span><\/a> [\/vc_column_inner][\/vc_row_inner][\/vc_column][\/vc_row][vc_row css=\u00a0\u00bb.vc_custom_1670088330175{margin-top: 2rem !important;margin-bottom: 2rem !important;}\u00a0\u00bb][vc_column][vc_row_inner][vc_column_inner][vc_column_text css=\u00a0\u00bb.vc_custom_1670088405074{margin-top: 1rem !important;margin-bottom: 2rem !important;}\u00a0\u00bb]\n<h2 style=\"text-align: center;\">Comment organiser votre premier tirage au sort<\/h2>\n[\/vc_column_text][\/vc_column_inner][\/vc_row_inner][vc_row_inner][vc_column_inner width=\u00a0\u00bb1\/3&Prime;][vc_column_text]\n<h3>\u00c9tape 1<\/h3>\n<p><a href=\"https:\/\/game.boomboomshot.com\/signup\">Cr\u00e9ez un compte<\/a> sur Boom Boom Shot et param\u00e9trez votre premier tirage au sort en moins de 3 minutes.[\/vc_column_text][\/vc_column_inner][vc_column_inner width=\u00a0\u00bb1\/3&Prime;][vc_column_text]\n<h3>\u00c9tape 2<\/h3>\n<p>Partagez le QR code du tirage au sort \u00e0 votre public soit en l\u2019imprimant soit en le diffusant sur vos \u00e9crans t\u00e9l\u00e9vis\u00e9s.[\/vc_column_text][\/vc_column_inner][vc_column_inner width=\u00a0\u00bb1\/3&Prime;][vc_column_text]\n<h3>\u00c9tape 3<\/h3>\n<p>Une fois votre public inscrit, c\u2019est \u00e0 vous de jouer ! Vous pouvez g\u00e9rer \u00e0 tout moment le d\u00e9roulement du tirage au sort avec votre t\u00e9l\u00e9phone, tablette ou ordinateur depuis une sc\u00e8ne ou en d\u00e9ambulant dans la salle.[\/vc_column_text][\/vc_column_inner][\/vc_row_inner][\/vc_column][\/vc_row][vc_row el_class=\u00a0\u00bbvc_column-inner-m-b-0&Prime;][vc_column]<div class=\"templatera_shortcode\"><div data-vc-full-width=\"true\" data-vc-full-width-init=\"false\" class=\"vc_row wpb_row vc_row-fluid border-t vc_custom_1670178810630 wpex-vc_row-has-fill wpex-vc-row-stretched\" style=\"background-position:center center !important;\"><div class=\"wpb_column vc_column_container vc_col-sm-12\"><div class=\"vc_column-inner\"><div class=\"wpb_wrapper\"><div class=\"vc_row wpb_row vc_inner vc_row-fluid\"><div class=\"wpb_column maxw-400px object-center vc_column_container vc_col-sm-12\"><div class=\"vc_column-inner\"><div class=\"wpb_wrapper\">\n\t<div class=\"wpb_text_column wpb_content_element \" >\n\t\t<div class=\"wpb_wrapper\">\n\t\t\t<h2 style=\"text-align: center;\">L\u2019app de tirage au sort moderne<\/h2>\n\n\t\t<\/div>\n\t<\/div>\n<div class=\"vc_custom_1703760396448 wpex-clr\"><a href=\"https:\/\/game.boomboomshot.com\/signup\" class=\"vcex-button theme-button inline button-primary w-100 maxw-430px m-x-auto\"><span class=\"theme-button-inner\">Commencer (gratuit)<span class=\"vcex-icon-wrap theme-button-icon-right\"><span class=\"ticon ticon-long-arrow-right\" aria-hidden=\"true\"><\/span><\/span><\/span><\/a><\/div> <\/div><\/div><\/div><\/div><\/div><\/div><\/div><\/div><div class=\"vc_row-full-width vc_clearfix\"><\/div><\/div>[\/vc_column][\/vc_row]\n","protected":false},"excerpt":{"rendered":"Le tirage au sort pour Ne perdez plus de temps pour vos tirages au sort: dites bonjours \u00e0 Boom Boom Shot, l\u2019app de tirage au sort moderne. Commencer (gratuit) Se connecter Boom Boom Shot est une solution digitale de tirage&hellip;","protected":false},"author":1,"featured_media":0,"parent":0,"menu_order":0,"comment_status":"closed","ping_status":"closed","template":"templates\/no-sidebar.php","meta":{"footnotes":""},"class_list":["post-2971","page","type-page","status-publish","hentry","entry","no-media"],"_links":{"self":[{"href":"https:\/\/boomboomshot.com\/fr\/wp-json\/wp\/v2\/pages\/2971","targetHints":{"allow":["GET"]}}],"collection":[{"href":"https:\/\/boomboomshot.com\/fr\/wp-json\/wp\/v2\/pages"}],"about":[{"href":"https:\/\/boomboomshot.com\/fr\/wp-json\/wp\/v2\/types\/page"}],"author":[{"embeddable":true,"href":"https:\/\/boomboomshot.com\/fr\/wp-json\/wp\/v2\/users\/1"}],"replies":[{"embeddable":true,"href":"https:\/\/boomboomshot.com\/fr\/wp-json\/wp\/v2\/comments?post=2971"}],"version-history":[{"count":82,"href":"https:\/\/boomboomshot.com\/fr\/wp-json\/wp\/v2\/pages\/2971\/revisions"}],"predecessor-version":[{"id":4891,"href":"https:\/\/boomboomshot.com\/fr\/wp-json\/wp\/v2\/pages\/2971\/revisions\/4891"}],"wp:attachment":[{"href":"https:\/\/boomboomshot.com\/fr\/wp-json\/wp\/v2\/media?parent=2971"}],"curies":[{"name":"wp","href":"https:\/\/api.w.org\/{rel}","templated":true}]}}