{"id":3285,"date":"2022-12-29T13:21:23","date_gmt":"2022-12-29T12:21:23","guid":{"rendered":"https:\/\/boomboomshot.com\/politique-de-remboursement\/"},"modified":"2023-05-28T07:30:08","modified_gmt":"2023-05-28T06:30:08","slug":"politique-de-remboursement","status":"publish","type":"page","link":"https:\/\/boomboomshot.com\/fr\/politique-de-remboursement\/","title":{"rendered":"Politique de Remboursement"},"content":{"rendered":"[vc_row full_width=\u00a0\u00bbstretch_row\u00a0\u00bb wpex_bg_overlay=\u00a0\u00bbcolor\u00a0\u00bb css=\u00a0\u00bb.vc_custom_1625000628046{padding-top: 6rem !important;padding-bottom: 4rem !important;}\u00a0\u00bb wpex_bg_overlay_color=\u00a0\u00bb#1a1c1f\u00a0\u00bb][vc_column][vc_row_inner][vc_column_inner][vc_column_text css=\u00a0\u00bb.vc_custom_1672316194996{padding-bottom: 2rem !important;}\u00a0\u00bb]\n<h1 style=\"text-align: center;\">Politique de Remboursement<\/h1>\n[\/vc_column_text][\/vc_column_inner][\/vc_row_inner][vc_row_inner el_class=\u00a0\u00bbbox border-radius-lg maxw-lg object-center\u00a0\u00bb][vc_column_inner css=\u00a0\u00bb.vc_custom_1625000696265{padding-top: 2rem !important;padding-right: 2rem !important;padding-bottom: 2rem !important;padding-left: 2rem !important;}\u00a0\u00bb][vc_column_text css=\u00a0\u00bb.vc_custom_1685027033246{padding-top: 2rem !important;padding-bottom: 2rem !important;}\u00a0\u00bb]\nDerni\u00e8re mise \u00e0 jour : mai 2023<\/p>\n<p>BOOM BOOM SHOT est d\u00e9velopp\u00e9 par la <strong>GIMIWI SAS<\/strong>.<\/p>\n<p>GIMIWI, Soci\u00e9t\u00e9 par actions simplifi\u00e9e enregistr\u00e9e au RCS de STRASBOURG sous le N\u00b0 SIREN 901 472 282, peut \u00eatre contact\u00e9e aux coordonn\u00e9es suivantes :<\/p>\n<ul>\n<li>Adresse \u00e9lectronique : <a href=\"mailto:contact@boomboomshot.com\">contact@boomboomshot.com<\/a><\/li>\n<li>Adresse postale : 12 rue du Gloeckelsberg 67200 Strasbourg, FRANCE<\/li>\n<\/ul>\n<h2>INTRODUCTION<\/h2>\n<p>BOOM BOOM SHOT est d\u00e9di\u00e9 \u00e0 votre enti\u00e8re satisfaction. Si vous avez fait l\u2019achat d\u2019un produit digital \/ abonnement et n\u2019en \u00eates pas satisfaits, il vous est possible d\u2019effecter une demande de remboursement (partielle ou totale) dans les 24 heures suivants votre achat.<\/p>\n<h2>REMBOURSEMENT D\u2019UN PRODUIT DIGITAL \/ ABONNEMENT<\/h2>\n<p>Pour \u00eatre \u00e9ligible au remboursement total ou partiel d\u2019un produit digital \/ abonnement achet\u00e9 sur le site BOOM BOOM SHOT, veuillez suivre les \u00e9tapes suivantes :<\/p>\n<ul>\n<li>La demande doit \u00eatre formul\u00e9e par \u00e9crit et envoy\u00e9e par email \u00e0 contact@boomboomshot.com.<\/li>\n<li>La demande doit contenir une copie de la facture (au format PDF).<\/li>\n<li>Le demande de remboursement doit \u00eatre effectu\u00e9e dans les 24 heures suivants l\u2019achat.<\/li>\n<\/ul>\n<p>Parce que votre satisfaction est notre priorit\u00e9, n\u2019h\u00e9sitez pas \u00e0 nous faire part de vos commentaires, remarques et suggestions \u00e0 contact@boomboomshot.com.[\/vc_column_text][\/vc_column_inner][\/vc_row_inner][\/vc_column][\/vc_row]\n","protected":false},"excerpt":{"rendered":"<p>[vc_row full_width=\u00a0\u00bbstretch_row\u00a0\u00bb wpex_bg_overlay=\u00a0\u00bbcolor\u00a0\u00bb css=\u00a0\u00bb.vc_custom_1625000628046{padding-top: 6rem !important;padding-bottom: 4rem !important;}\u00a0\u00bb wpex_bg_overlay_color=\u00a0\u00bb#1a1c1f\u00a0\u00bb][vc_column][vc_row_inner][vc_column_inner][vc_column_text css=\u00a0\u00bb.vc_custom_1672316194996{padding-bottom: 2rem !important;}\u00a0\u00bb] Politique de Remboursement [\/vc_column_text][\/vc_column_inner][\/vc_row_inner][vc_row_inner el_class=\u00a0\u00bbbox border-radius-lg maxw-lg object-center\u00a0\u00bb][vc_column_inner css=\u00a0\u00bb.vc_custom_1625000696265{padding-top: 2rem !important;padding-right: 2rem !important;padding-bottom: 2rem !important;padding-left: 2rem !important;}\u00a0\u00bb][vc_column_text css=\u00a0\u00bb.vc_custom_1685027033246{padding-top: 2rem !important;padding-bottom: 2rem !important;}\u00a0\u00bb] Derni\u00e8re mise \u00e0 jour : mai&hellip;<\/p>\n","protected":false},"author":1,"featured_media":0,"parent":0,"menu_order":0,"comment_status":"closed","ping_status":"closed","template":"templates\/no-sidebar.php","meta":{"footnotes":""},"class_list":["post-3285","page","type-page","status-publish","hentry","entry","no-media"],"_links":{"self":[{"href":"https:\/\/boomboomshot.com\/fr\/wp-json\/wp\/v2\/pages\/3285","targetHints":{"allow":["GET"]}}],"collection":[{"href":"https:\/\/boomboomshot.com\/fr\/wp-json\/wp\/v2\/pages"}],"about":[{"href":"https:\/\/boomboomshot.com\/fr\/wp-json\/wp\/v2\/types\/page"}],"author":[{"embeddable":true,"href":"https:\/\/boomboomshot.com\/fr\/wp-json\/wp\/v2\/users\/1"}],"replies":[{"embeddable":true,"href":"https:\/\/boomboomshot.com\/fr\/wp-json\/wp\/v2\/comments?post=3285"}],"version-history":[{"count":7,"href":"https:\/\/boomboomshot.com\/fr\/wp-json\/wp\/v2\/pages\/3285\/revisions"}],"predecessor-version":[{"id":3976,"href":"https:\/\/boomboomshot.com\/fr\/wp-json\/wp\/v2\/pages\/3285\/revisions\/3976"}],"wp:attachment":[{"href":"https:\/\/boomboomshot.com\/fr\/wp-json\/wp\/v2\/media?parent=3285"}],"curies":[{"name":"wp","href":"https:\/\/api.w.org\/{rel}","templated":true}]}}