{"id":3556,"date":"2023-02-09T21:47:32","date_gmt":"2023-02-09T20:47:32","guid":{"rendered":"https:\/\/boomboomshot.com\/fetes\/"},"modified":"2023-12-28T18:00:13","modified_gmt":"2023-12-28T17:00:13","slug":"fetes","status":"publish","type":"page","link":"https:\/\/boomboomshot.com\/fr\/fetes\/","title":{"rendered":"F\u00eates"},"content":{"rendered":"[vc_row full_width=\u00a0\u00bbstretch_row_content\u00a0\u00bb content_placement=\u00a0\u00bbmiddle\u00a0\u00bb columns_right=\u00a0\u00bbyes\u00a0\u00bb tablet_fullwidth_cols=\u00a0\u00bbyes\u00a0\u00bb css=\u00a0\u00bb.vc_custom_1675972157220{padding-top: 1rem !important;padding-bottom: 1rem !important;background: #24272b url(https:\/\/boomboomshot.com\/wp-content\/uploads\/2023\/02\/partygames-bg-cover.webp?id=3530) !important;background-position: center !important;background-repeat: no-repeat !important;background-size: cover !important;}\u00a0\u00bb el_class=\u00a0\u00bbz-index-1 border-b is-justify-center\u00a0\u00bb][vc_column width=\u00a0\u00bb2\/5&Prime; el_class=\u00a0\u00bbmaxw-430px m-t-\u221e md:m-t-\u2021\u00a0\u00bb][vc_row_inner css=\u00a0\u00bb.vc_custom_1670154520569{padding-top: 2rem !important;}\u00a0\u00bb][vc_column_inner width=\u00a0\u00bb2\/3&Prime;][vc_single_image image=\u00a0\u00bb454&Prime; el_class=\u00a0\u00bbdropshadow maxw-200px\u00a0\u00bb][\/vc_column_inner][vc_column_inner width=\u00a0\u00bb1\/3&Prime;][\/vc_column_inner][\/vc_row_inner][vc_column_text css=\u00a0\u00bb.vc_custom_1675971732105{margin-bottom: 1rem !important;padding-left: 0.75rem !important;}\u00a0\u00bb font_size=\u00a0\u00bb2.5&Prime;]\n<h1>Mettez du fun<br \/>\n\u00e0 votre f\u00eate<br \/>\n<span class=\"typed-me\" data-string0=\"\u00e9tudiante\" data-string1=\"d&#039;anniversaire\" data-string2=\"de mariage\" data-string3=\"EVJF\" data-string4=\"d&#039;entreprise\" data-type-speed=\"80\" data-start-delay=\"0\" data-back-speed=\"60\" data-back-delay=\"1000\"><\/span><\/h1>\n[\/vc_column_text][vc_column_text css=\u00a0\u00bb.vc_custom_1675971639203{padding-left: 0.75rem !important;}\u00a0\u00bb font_size=\u00a0\u00bb1.1rem\u00a0\u00bb]Utilisez le tirage au sort pour mettre du piment \u00e0 vos soir\u00e9es avec Boom Boom Shot.[\/vc_column_text][vc_row_inner css=\u00a0\u00bb.vc_custom_1679332951197{margin-top: 0.5rem !important;padding-right: 1rem !important;padding-left: 1rem !important;}\u00a0\u00bb][vc_column_inner]<div class=\"vcex-shortcode wpex-clr\"><div class=\"templatera_shortcode\"><div class=\"vc_row wpb_row vc_row-fluid vc_row_flex vc_custom_1679332620281\"><div class=\"wpb_column vc_column_container vc_col-sm-12\"><div class=\"vc_column-inner\"><div class=\"wpb_wrapper\"><a href=\"https:\/\/game.boomboomshot.com\/signup\" class=\"vcex-button theme-button inline button-primary\"><span class=\"theme-button-inner\">Commencer (gratuit)<span class=\"vcex-icon-wrap theme-button-icon-right\"><span class=\"ticon ticon-long-arrow-right\" aria-hidden=\"true\"><\/span><\/span><\/span><\/a> <a href=\"https:\/\/game.boomboomshot.com\/login\" class=\"vcex-button theme-button inline button-secondary\"><span class=\"theme-button-inner\">Se connecter<\/span><\/a> <\/div><\/div><\/div><\/div><\/div><\/div>[\/vc_column_inner][\/vc_row_inner][\/vc_column][vc_column width=\u00a0\u00bb3\/5&Prime;][vc_single_image image=\u00a0\u00bb3534&Prime;][\/vc_column][\/vc_row][vc_row css=\u00a0\u00bb.vc_custom_1670088992055{margin-top: 3.75rem !important;margin-bottom: 2rem !important;}\u00a0\u00bb][vc_column][vc_row_inner][vc_column_inner][vc_column_text font_size=\u00a0\u00bb1.4rem\u00a0\u00bb]\n<p style=\"text-align: center;\">Boom Boom Shot est une plate-forme en ligne pour organiser des tirages au sort et distribuez des cadeaux lors de vos f\u00eates. Impressionnez vos invit\u00e9s en remettant des prix qui assureront une f\u00eate inoubliable !<\/p>\n[\/vc_column_text][\/vc_column_inner][\/vc_row_inner][\/vc_column][\/vc_row][vc_row full_width=\u00a0\u00bbstretch_row\u00a0\u00bb el_class=\u00a0\u00bbbg-dark4 border-y\u00a0\u00bb css=\u00a0\u00bb.vc_custom_1670070362549{padding-top: 2rem !important;padding-bottom: 2rem !important;}\u00a0\u00bb][vc_column][vc_row_inner][vc_column_inner][vc_column_text css=\u00a0\u00bb.vc_custom_1670070331763{margin-top: 1rem !important;margin-bottom: 2rem !important;}\u00a0\u00bb]\n<h2 style=\"text-align: center;\"><span class=\"notion-enable-hover\" data-token-index=\"0\" data-reactroot=\"\">Fonctionnalit\u00e9s<\/span><\/h2>\n[\/vc_column_text][\/vc_column_inner][\/vc_row_inner][vc_row_inner css=\u00a0\u00bb.vc_custom_1670086934614{margin-top: 2rem !important;margin-bottom: 2rem !important;}\u00a0\u00bb][vc_column_inner width=\u00a0\u00bb1\/3&Prime;][vc_column_text]\n<h3>Un jeu gratuit<\/h3>\n<p>Mettez du fun \u00e0 votre prochaine f\u00eate en quelques clics : configurez le tirage au sort, invitez vos amis et lancez la roue quand bon vous chante. D\u00e9cidez ce que vous voulez offrir, et place \u00e0 la f\u00eate ![\/vc_column_text][\/vc_column_inner][vc_column_inner width=\u00a0\u00bb2\/3&Prime;][vc_single_image image=\u00a0\u00bb3553&Prime;][\/vc_column_inner][\/vc_row_inner][vc_row_inner columns_right=\u00a0\u00bbyes\u00a0\u00bb css=\u00a0\u00bb.vc_custom_1670086939147{margin-top: 2rem !important;margin-bottom: 2rem !important;}\u00a0\u00bb][vc_column_inner width=\u00a0\u00bb1\/3&Prime;][vc_column_text]\n<h3>Mise en place rapide<\/h3>\n<p>Les participants de votre tirage au sort s&rsquo;inscrivent en scannant un simpleQR code avec leur smartphone. Ni une, ni deux, ils se retrouvent dans la roue ![\/vc_column_text][\/vc_column_inner][vc_column_inner width=\u00a0\u00bb2\/3&Prime;][vc_single_image image=\u00a0\u00bb3543&Prime;][\/vc_column_inner][\/vc_row_inner][vc_row_inner css=\u00a0\u00bb.vc_custom_1670086943649{margin-top: 2rem !important;margin-bottom: 2rem !important;}\u00a0\u00bb][vc_column_inner width=\u00a0\u00bb1\/3&Prime;][vc_column_text]\n<h3>Int\u00e9grez votre musique<\/h3>\n<p>Int\u00e9grez facilement vos playlists Spotify, YouTube ou Deezer dans la roue que l&rsquo;ambiance musicale et les sons du tirage au sort s&rsquo;accordent.[\/vc_column_text][\/vc_column_inner][vc_column_inner width=\u00a0\u00bb2\/3&Prime;][vc_single_image image=\u00a0\u00bb3547&Prime;][\/vc_column_inner][\/vc_row_inner][vc_row_inner columns_right=\u00a0\u00bbyes\u00a0\u00bb css=\u00a0\u00bb.vc_custom_1670086939147{margin-top: 2rem !important;margin-bottom: 2rem !important;}\u00a0\u00bb][vc_column_inner width=\u00a0\u00bb1\/3&Prime;][vc_column_text]\n<h3>Tirages au sort XXL<\/h3>\n<p>Qu&rsquo;il s&rsquo;agisse d&rsquo;un EVJF, d&rsquo;une f\u00eate d&rsquo;anniversaire our de mariage, utilisez l&rsquo;application pour briser la glace, impliquer les gens et mettre plus de fun \u00e0 votre \u00e9v\u00e9nement. Voici quelques id\u00e9es de f\u00eates durant lesquelles utiliser l&rsquo;application de loterie en ligne :[\/vc_column_text][\/vc_column_inner][vc_column_inner width=\u00a0\u00bb2\/3&Prime;][vc_single_image image=\u00a0\u00bb3545&Prime;][\/vc_column_inner][\/vc_row_inner][vc_column_text css=\u00a0\u00bb.vc_custom_1676909326697{margin-top: 5rem !important;margin-bottom: 5rem !important;}\u00a0\u00bb]\n<h2 style=\"text-align: center;\"><span class=\"notion-enable-hover\" data-token-index=\"0\" data-reactroot=\"\">Types d&rsquo;\u00e9v\u00e9nements<\/span><\/h2>\n[\/vc_column_text][vc_row_inner css=\u00a0\u00bb.vc_custom_1670086943649{margin-top: 2rem !important;margin-bottom: 2rem !important;}\u00a0\u00bb][vc_column_inner width=\u00a0\u00bb1\/3&Prime;][vc_column_text]\n<h3>F\u00eates de mariage<\/h3>\n<p>Le tirage au sort peut se r\u00e9v\u00e9ler diablement efficace pour mettre l&rsquo;ambiance \u00e0 votre mariage. Faites en sorte que tous vos invit\u00e9s rejoignent le tirage au sort et tout au long de la nuit choisissez au hasard jusqu&rsquo;\u00e0 4 invit\u00e9s pour dire quelque chose de gentil (ou pas) \u00e0 propos des mari\u00e9s, effectuer un gage ou chanter une chanson.[\/vc_column_text][\/vc_column_inner][vc_column_inner width=\u00a0\u00bb2\/3&Prime;][vc_single_image image=\u00a0\u00bb3551&Prime;][\/vc_column_inner][\/vc_row_inner][vc_row_inner columns_right=\u00a0\u00bbyes\u00a0\u00bb css=\u00a0\u00bb.vc_custom_1670086939147{margin-top: 2rem !important;margin-bottom: 2rem !important;}\u00a0\u00bb][vc_column_inner width=\u00a0\u00bb1\/3&Prime;][vc_column_text]\n<h3>Enterrements de vie de jeune fille<\/h3>\n<p>Pas facile de briser \u00e0 la glace entre les participants d&rsquo;un enterrement de vie de gar\u00e7on ou de jeune fille. Quelle meilleure fa\u00e7on d&rsquo;apprendre \u00e0 se conna\u00eetre en se donnant des d\u00e9fis. Utilisez Boom Boom Shot pour donner au hasard un tas de d\u00e9fis \u00e0 diff\u00e9rents amis tout au long de la f\u00eate.[\/vc_column_text][\/vc_column_inner][vc_column_inner width=\u00a0\u00bb2\/3&Prime;][vc_single_image image=\u00a0\u00bb3541&Prime;][\/vc_column_inner][\/vc_row_inner][vc_row_inner css=\u00a0\u00bb.vc_custom_1670086943649{margin-top: 2rem !important;margin-bottom: 2rem !important;}\u00a0\u00bb][vc_column_inner width=\u00a0\u00bb1\/3&Prime;][vc_column_text]\n<h3>F\u00eates d&rsquo;entreprise<\/h3>\n<p>Utilisez Boom Boom Shot lors de votre prochaine f\u00eate de bureau (afterwork) pour distribuer des cadeaux ou des gages (gentils) \u00e0 vos employ\u00e9s \/ coll\u00e8gues. Si vous faites parti d&rsquo;une grande organisation et que vous souhaitez que vos coll\u00e8gues apprennent \u00e0 mieux se conna\u00eetre, instaurez un speed dating avec Boom Boom Shot : s\u00e9lectionnez al\u00e9atoirement 2 participants et faites-les se rencontrer.[\/vc_column_text][\/vc_column_inner][vc_column_inner width=\u00a0\u00bb2\/3&Prime;][vc_single_image image=\u00a0\u00bb3549&Prime;][\/vc_column_inner][\/vc_row_inner][vc_row_inner][vc_column_inner el_class=\u00a0\u00bbtext-center\u00a0\u00bb css=\u00a0\u00bb.vc_custom_1703782784439{margin-top: 2rem !important;}\u00a0\u00bb]<a href=\"https:\/\/boomboomshot.com\/fr\/fonctionnalites\/\" class=\"vcex-button theme-button inline w-100 maxw-430px m-x-auto\"><span class=\"theme-button-inner\">Voir toutes les fonctionnalit\u00e9s<\/span><\/a> [\/vc_column_inner][\/vc_row_inner][\/vc_column][\/vc_row][vc_row css=\u00a0\u00bb.vc_custom_1670088330175{margin-top: 2rem !important;margin-bottom: 2rem !important;}\u00a0\u00bb][vc_column][vc_row_inner][vc_column_inner][vc_column_text css=\u00a0\u00bb.vc_custom_1670088405074{margin-top: 1rem !important;margin-bottom: 2rem !important;}\u00a0\u00bb]\n<h2 style=\"text-align: center;\">Comment \u00e7a marche<\/h2>\n[\/vc_column_text][\/vc_column_inner][\/vc_row_inner][vc_row_inner][vc_column_inner width=\u00a0\u00bb1\/3&Prime;][vc_column_text]\n<h3>\u00c9tape 1<\/h3>\n<p><a href=\"https:\/\/game.boomboomshot.com\/signup\">Inscrivez-vous<\/a> et cr\u00e9ez votre tirage au sort.<\/p>\n[\/vc_column_text][\/vc_column_inner][vc_column_inner width=\u00a0\u00bb1\/3&Prime;][vc_column_text]\n<h3>\u00c9tape 2<\/h3>\n<p>Invitez les participants \u00e0 rejoindre le tirage au sort en scannant le QR code au moyen de leur smartphone.[\/vc_column_text][\/vc_column_inner][vc_column_inner width=\u00a0\u00bb1\/3&Prime;][vc_column_text]\n<h3>\u00c9tape 3<\/h3>\n<p>Les participants s&rsquo;ajoutent au fur et \u00e0 mesure. Quand tout le monde est l\u00e0 il ne vous reste plus qu&rsquo;\u00e0 lancer la roue ![\/vc_column_text][\/vc_column_inner][\/vc_row_inner][\/vc_column][\/vc_row][vc_row el_class=\u00a0\u00bbvc_column-inner-m-b-0&Prime;][vc_column]<div class=\"templatera_shortcode\"><div data-vc-full-width=\"true\" data-vc-full-width-init=\"false\" class=\"vc_row wpb_row vc_row-fluid border-t vc_custom_1670178810630 wpex-vc_row-has-fill wpex-vc-row-stretched\" style=\"background-position:center center !important;\"><div class=\"wpb_column vc_column_container vc_col-sm-12\"><div class=\"vc_column-inner\"><div class=\"wpb_wrapper\"><div class=\"vc_row wpb_row vc_inner vc_row-fluid\"><div class=\"wpb_column maxw-400px object-center vc_column_container vc_col-sm-12\"><div class=\"vc_column-inner\"><div class=\"wpb_wrapper\">\n\t<div class=\"wpb_text_column wpb_content_element \" >\n\t\t<div class=\"wpb_wrapper\">\n\t\t\t<h2 style=\"text-align: center;\">L\u2019app de tirage au sort moderne<\/h2>\n\n\t\t<\/div>\n\t<\/div>\n<div class=\"vc_custom_1703760396448 wpex-clr\"><a href=\"https:\/\/game.boomboomshot.com\/signup\" class=\"vcex-button theme-button inline button-primary w-100 maxw-430px m-x-auto\"><span class=\"theme-button-inner\">Commencer (gratuit)<span class=\"vcex-icon-wrap theme-button-icon-right\"><span class=\"ticon ticon-long-arrow-right\" aria-hidden=\"true\"><\/span><\/span><\/span><\/a><\/div> <\/div><\/div><\/div><\/div><\/div><\/div><\/div><\/div><div class=\"vc_row-full-width vc_clearfix\"><\/div><\/div>[\/vc_column][\/vc_row]\n","protected":false},"excerpt":{"rendered":"Mettez du fun \u00e0 votre f\u00eate Utilisez le tirage au sort pour mettre du piment \u00e0 vos soir\u00e9es avec Boom Boom Shot. Commencer (gratuit) Se connecter Boom Boom Shot est une plate-forme en ligne pour organiser des tirages au sort&hellip;","protected":false},"author":1,"featured_media":0,"parent":0,"menu_order":0,"comment_status":"closed","ping_status":"closed","template":"templates\/no-sidebar.php","meta":{"footnotes":""},"class_list":["post-3556","page","type-page","status-publish","hentry","entry","no-media"],"_links":{"self":[{"href":"https:\/\/boomboomshot.com\/fr\/wp-json\/wp\/v2\/pages\/3556","targetHints":{"allow":["GET"]}}],"collection":[{"href":"https:\/\/boomboomshot.com\/fr\/wp-json\/wp\/v2\/pages"}],"about":[{"href":"https:\/\/boomboomshot.com\/fr\/wp-json\/wp\/v2\/types\/page"}],"author":[{"embeddable":true,"href":"https:\/\/boomboomshot.com\/fr\/wp-json\/wp\/v2\/users\/1"}],"replies":[{"embeddable":true,"href":"https:\/\/boomboomshot.com\/fr\/wp-json\/wp\/v2\/comments?post=3556"}],"version-history":[{"count":43,"href":"https:\/\/boomboomshot.com\/fr\/wp-json\/wp\/v2\/pages\/3556\/revisions"}],"predecessor-version":[{"id":4899,"href":"https:\/\/boomboomshot.com\/fr\/wp-json\/wp\/v2\/pages\/3556\/revisions\/4899"}],"wp:attachment":[{"href":"https:\/\/boomboomshot.com\/fr\/wp-json\/wp\/v2\/media?parent=3556"}],"curies":[{"name":"wp","href":"https:\/\/api.w.org\/{rel}","templated":true}]}}