{"id":556,"date":"2021-06-29T20:38:27","date_gmt":"2021-06-29T20:38:27","guid":{"rendered":"https:\/\/wordpress.boomboomshot.com\/?page_id=556"},"modified":"2023-12-05T23:02:53","modified_gmt":"2023-12-05T22:02:53","slug":"blog","status":"publish","type":"page","link":"https:\/\/boomboomshot.com\/fr\/blog\/","title":{"rendered":"Blog"},"content":{"rendered":"[vc_row full_width=\u00a0\u00bbstretch_row\u00a0\u00bb parallax=\u00a0\u00bbcontent-moving\u00a0\u00bb parallax_speed_bg=\u00a0\u00bb1.1&Prime; css=\u00a0\u00bb.vc_custom_1636390333891{padding-top: 4rem !important;padding-bottom: 4rem !important;background-image: url(https:\/\/boomboomshot.com\/wp-content\/uploads\/2021\/10\/arena_bg_4-scaled.jpg?id=1880) !important;}\u00a0\u00bb][vc_column][vc_row_inner][vc_column_inner][vc_column_text css=\u00a0\u00bb.vc_custom_1701813760845{margin-bottom: 2rem !important;}\u00a0\u00bb]\n<h1 style=\"text-align: center;\">Blog<\/h1>\n[\/vc_column_text][\/vc_column_inner][\/vc_row_inner]<div class=\"vcex-module vcex-blog-grid-wrap wpex-clr\"><div class=\"wpex-row vcex-blog-grid wpex-clr entries\"><div class=\"vcex-blog-entry vcex-grid-item entry-has-details span_1_of_2 col-1 col post-6137 entry type-post has-media cat-12 translation_priority-14\"><div class=\"vcex-blog-entry-inner entry-inner wpex-first-mt-0 wpex-last-mb-0 wpex-clr\"><div class=\"vcex-blog-entry-media entry-media wpex-rounded-0 wpex-mb-20\"><a href=\"https:\/\/boomboomshot.com\/fr\/mise-a-jour-de-la-rentree-2025-des-tirages-au-sort-plus-intelligents-plus-surs-et-encore-plus-engageants\/\" title=\"Mise \u00e0 jour de la rentr\u00e9e 2025 : des tirages au sort plus intelligents, plus s\u00fbrs et encore plus engageants\"><img decoding=\"async\" loading=\"lazy\" class=\"vcex-blog-entry-img wpex-align-middle wpex-rounded-0\" src=\"https:\/\/boomboomshot.com\/wp-content\/uploads\/2025\/10\/blog_image-updates-2025-09-fr-1024x341.webp\" alt=\"\" width=\"1024\" height=\"341\" \/><i class=\"wpex-thumbnail-format-icon wpex-block wpex-right-0 wpex-bottom-0 wpex-mr-15 wpex-mb-15 wpex-absolute wpex-text-white wpex-text-center wpex-leading-none wpex-opacity-0 wpex-onload-opacity-100\" aria-hidden=\"true\"><span class=\"ticon ticon-file-text-o\"><\/span><\/i><\/a><\/div><div class=\"vcex-blog-entry-details entry-details wpex-first-mt-0 wpex-last-mb-0 wpex-clr\"><h2 class=\"vcex-blog-entry-title entry-title wpex-mb-5\" style=\"font-size:1.75rem;line-height:1;\"><a href=\"https:\/\/boomboomshot.com\/fr\/mise-a-jour-de-la-rentree-2025-des-tirages-au-sort-plus-intelligents-plus-surs-et-encore-plus-engageants\/\">Mise \u00e0 jour de la rentr\u00e9e 2025 : des tirages au sort plus intelligents, plus s\u00fbrs et encore plus engageants<\/a><\/h2><div class=\"vcex-blog-entry-date entry-date wpex-text-sm wpex-text-gray-600 wpex-mb-5\">5 octobre 2025<\/div><div class=\"vcex-blog-entry-excerpt entry-excerpt wpex-my-15 wpex-last-mb-0 wpex-clr\">Avec la mise \u00e0 jour sp\u00e9ciale rentr\u00e9e 2025 de Boom Boom Shot, nous introduisons de nouvelles fonctionnalit\u00e9s qui vous offrent encore plus de contr\u00f4le, de flexibilit\u00e9 et de moyens d\u2019engager vos participants<\/div><div class=\"vcex-blog-entry-readmore-wrap entry-readmore-wrap wpex-my-15 wpex-clr\"><a href=\"https:\/\/boomboomshot.com\/fr\/mise-a-jour-de-la-rentree-2025-des-tirages-au-sort-plus-intelligents-plus-surs-et-encore-plus-engageants\/\" class=\"theme-button\">Lire l&apos;article<\/a><\/div><\/div><\/div><\/div><div class=\"vcex-blog-entry vcex-grid-item entry-has-details span_1_of_2 col-2 col post-6031 entry type-post has-media cat-12 translation_priority-14\"><div class=\"vcex-blog-entry-inner entry-inner wpex-first-mt-0 wpex-last-mb-0 wpex-clr\"><div class=\"vcex-blog-entry-media entry-media wpex-rounded-0 wpex-mb-20\"><a href=\"https:\/\/boomboomshot.com\/fr\/tirage-au-sort-10-idees-de-cadeaux-pour-la-saint-valentin-2025\/\" title=\"Tirage au sort : 10 id\u00e9es de cadeaux pour la Saint Valentin 2025\"><img decoding=\"async\" loading=\"lazy\" class=\"vcex-blog-entry-img wpex-align-middle wpex-rounded-0\" src=\"https:\/\/boomboomshot.com\/wp-content\/uploads\/2025\/02\/blog_image-Tirage-au-sort-10-ide\u0301es-de-cadeaux-pour-la-Saint-Valentin-2025-1024x341.webp\" alt=\"Application Tirage Au Sort En Ligne Saint Valentin\" width=\"1024\" height=\"341\" \/><i class=\"wpex-thumbnail-format-icon wpex-block wpex-right-0 wpex-bottom-0 wpex-mr-15 wpex-mb-15 wpex-absolute wpex-text-white wpex-text-center wpex-leading-none wpex-opacity-0 wpex-onload-opacity-100\" aria-hidden=\"true\"><span class=\"ticon ticon-file-text-o\"><\/span><\/i><\/a><\/div><div class=\"vcex-blog-entry-details entry-details wpex-first-mt-0 wpex-last-mb-0 wpex-clr\"><h2 class=\"vcex-blog-entry-title entry-title wpex-mb-5\" style=\"font-size:1.75rem;line-height:1;\"><a href=\"https:\/\/boomboomshot.com\/fr\/tirage-au-sort-10-idees-de-cadeaux-pour-la-saint-valentin-2025\/\">Tirage au sort : 10 id\u00e9es de cadeaux pour la Saint Valentin 2025<\/a><\/h2><div class=\"vcex-blog-entry-date entry-date wpex-text-sm wpex-text-gray-600 wpex-mb-5\">3 f\u00e9vrier 2025<\/div><div class=\"vcex-blog-entry-excerpt entry-excerpt wpex-my-15 wpex-last-mb-0 wpex-clr\"><p>La Saint-Valentin repr\u00e9sente une opportunit\u00e9 en or pour les commerces de toutes tailles. Entre les&hellip;<\/p><\/div><div class=\"vcex-blog-entry-readmore-wrap entry-readmore-wrap wpex-my-15 wpex-clr\"><a href=\"https:\/\/boomboomshot.com\/fr\/tirage-au-sort-10-idees-de-cadeaux-pour-la-saint-valentin-2025\/\" class=\"theme-button\">Lire l&apos;article<\/a><\/div><\/div><\/div><\/div><div class=\"vcex-blog-entry vcex-grid-item entry-has-details span_1_of_2 col-1 col post-5978 entry type-post has-media cat-12 translation_priority-14\"><div class=\"vcex-blog-entry-inner entry-inner wpex-first-mt-0 wpex-last-mb-0 wpex-clr\"><div class=\"vcex-blog-entry-media entry-media wpex-rounded-0 wpex-mb-20\"><a href=\"https:\/\/boomboomshot.com\/fr\/jeu-concours-par-tirage-au-sort-mode-demploi\/\" title=\"Jeu concours par tirage au sort : mode d&#8217;emploi\"><img decoding=\"async\" loading=\"lazy\" class=\"vcex-blog-entry-img wpex-align-middle wpex-rounded-0\" src=\"https:\/\/boomboomshot.com\/wp-content\/uploads\/2025\/01\/blog_image-Organiser-un-jeu-concours-par-tirage-au-sort-mode-demploi-1024x341.webp\" alt=\"Jeux Concours Par Tirage Au Sort Avec Boom Boom Shot\" width=\"1024\" height=\"341\" \/><i class=\"wpex-thumbnail-format-icon wpex-block wpex-right-0 wpex-bottom-0 wpex-mr-15 wpex-mb-15 wpex-absolute wpex-text-white wpex-text-center wpex-leading-none wpex-opacity-0 wpex-onload-opacity-100\" aria-hidden=\"true\"><span class=\"ticon ticon-file-text-o\"><\/span><\/i><\/a><\/div><div class=\"vcex-blog-entry-details entry-details wpex-first-mt-0 wpex-last-mb-0 wpex-clr\"><h2 class=\"vcex-blog-entry-title entry-title wpex-mb-5\" style=\"font-size:1.75rem;line-height:1;\"><a href=\"https:\/\/boomboomshot.com\/fr\/jeu-concours-par-tirage-au-sort-mode-demploi\/\">Jeu concours par tirage au sort : mode d&#8217;emploi<\/a><\/h2><div class=\"vcex-blog-entry-date entry-date wpex-text-sm wpex-text-gray-600 wpex-mb-5\">25 janvier 2025<\/div><div class=\"vcex-blog-entry-excerpt entry-excerpt wpex-my-15 wpex-last-mb-0 wpex-clr\"><p>Introduction Les jeux concours sont un formidable outil pour dynamiser votre activit\u00e9 commerciale (magasin, boutique&hellip;<\/p><\/div><div class=\"vcex-blog-entry-readmore-wrap entry-readmore-wrap wpex-my-15 wpex-clr\"><a href=\"https:\/\/boomboomshot.com\/fr\/jeu-concours-par-tirage-au-sort-mode-demploi\/\" class=\"theme-button\">Lire l&apos;article<\/a><\/div><\/div><\/div><\/div><div class=\"vcex-blog-entry vcex-grid-item entry-has-details span_1_of_2 col-2 col post-5889 entry type-post has-media cat-12 translation_priority-14\"><div class=\"vcex-blog-entry-inner entry-inner wpex-first-mt-0 wpex-last-mb-0 wpex-clr\"><div class=\"vcex-blog-entry-media entry-media wpex-rounded-0 wpex-mb-20\"><a href=\"https:\/\/boomboomshot.com\/fr\/les-8-meilleures-fonctionnalites-dun-logiciel-de-tirage-au-sort-en-2025\/\" title=\"Les 8 meilleures fonctionnalit\u00e9s d&rsquo;un logiciel de tirage au sort en 2025\"><img decoding=\"async\" loading=\"lazy\" class=\"vcex-blog-entry-img wpex-align-middle wpex-rounded-0\" src=\"https:\/\/boomboomshot.com\/wp-content\/uploads\/2025\/01\/blog_image-best-sweepstakes-solutions-in-2025-features-1024x341.webp\" alt=\"Boom Boom Shot Software Features\" width=\"1024\" height=\"341\" \/><i class=\"wpex-thumbnail-format-icon wpex-block wpex-right-0 wpex-bottom-0 wpex-mr-15 wpex-mb-15 wpex-absolute wpex-text-white wpex-text-center wpex-leading-none wpex-opacity-0 wpex-onload-opacity-100\" aria-hidden=\"true\"><span class=\"ticon ticon-file-text-o\"><\/span><\/i><\/a><\/div><div class=\"vcex-blog-entry-details entry-details wpex-first-mt-0 wpex-last-mb-0 wpex-clr\"><h2 class=\"vcex-blog-entry-title entry-title wpex-mb-5\" style=\"font-size:1.75rem;line-height:1;\"><a href=\"https:\/\/boomboomshot.com\/fr\/les-8-meilleures-fonctionnalites-dun-logiciel-de-tirage-au-sort-en-2025\/\">Les 8 meilleures fonctionnalit\u00e9s d&rsquo;un logiciel de tirage au sort en 2025<\/a><\/h2><div class=\"vcex-blog-entry-date entry-date wpex-text-sm wpex-text-gray-600 wpex-mb-5\">11 janvier 2025<\/div><div class=\"vcex-blog-entry-excerpt entry-excerpt wpex-my-15 wpex-last-mb-0 wpex-clr\"><p>L'ann\u00e9e 2025 marque un tournant dans l'\u00e9volution des logiciels de tirage au sort. Fini les&hellip;<\/p><\/div><div class=\"vcex-blog-entry-readmore-wrap entry-readmore-wrap wpex-my-15 wpex-clr\"><a href=\"https:\/\/boomboomshot.com\/fr\/les-8-meilleures-fonctionnalites-dun-logiciel-de-tirage-au-sort-en-2025\/\" class=\"theme-button\">Lire l&apos;article<\/a><\/div><\/div><\/div><\/div><div class=\"vcex-blog-entry vcex-grid-item entry-has-details span_1_of_2 col-1 col post-5863 entry type-post has-media cat-12 translation_priority-14\"><div class=\"vcex-blog-entry-inner entry-inner wpex-first-mt-0 wpex-last-mb-0 wpex-clr\"><div class=\"vcex-blog-entry-media entry-media wpex-rounded-0 wpex-mb-20\"><a href=\"https:\/\/boomboomshot.com\/fr\/mise-a-jour-hiver-2025-une-nouvelle-ere-de-flexibilite-pour-vos-tirages-au-sort\/\" title=\"Mise \u00e0 jour Hiver 2025 : Une nouvelle \u00e8re de flexibilit\u00e9 pour vos tirages au sort !\"><img decoding=\"async\" loading=\"lazy\" class=\"vcex-blog-entry-img wpex-align-middle wpex-rounded-0\" src=\"https:\/\/boomboomshot.com\/wp-content\/uploads\/2025\/01\/blog_image-updates-2025-01-fr-1024x341.webp\" alt=\"Boom Boom Shot Hiver 2025 Mise \u00e0 Jour\" width=\"1024\" height=\"341\" \/><i class=\"wpex-thumbnail-format-icon wpex-block wpex-right-0 wpex-bottom-0 wpex-mr-15 wpex-mb-15 wpex-absolute wpex-text-white wpex-text-center wpex-leading-none wpex-opacity-0 wpex-onload-opacity-100\" aria-hidden=\"true\"><span class=\"ticon ticon-file-text-o\"><\/span><\/i><\/a><\/div><div class=\"vcex-blog-entry-details entry-details wpex-first-mt-0 wpex-last-mb-0 wpex-clr\"><h2 class=\"vcex-blog-entry-title entry-title wpex-mb-5\" style=\"font-size:1.75rem;line-height:1;\"><a href=\"https:\/\/boomboomshot.com\/fr\/mise-a-jour-hiver-2025-une-nouvelle-ere-de-flexibilite-pour-vos-tirages-au-sort\/\">Mise \u00e0 jour Hiver 2025 : Une nouvelle \u00e8re de flexibilit\u00e9 pour vos tirages au sort !<\/a><\/h2><div class=\"vcex-blog-entry-date entry-date wpex-text-sm wpex-text-gray-600 wpex-mb-5\">6 janvier 2025<\/div><div class=\"vcex-blog-entry-excerpt entry-excerpt wpex-my-15 wpex-last-mb-0 wpex-clr\"><p>En ce d\u00e9but d'ann\u00e9e 2025, nous sommes ravis de vous pr\u00e9senter une mise \u00e0 jour&hellip;<\/p><\/div><div class=\"vcex-blog-entry-readmore-wrap entry-readmore-wrap wpex-my-15 wpex-clr\"><a href=\"https:\/\/boomboomshot.com\/fr\/mise-a-jour-hiver-2025-une-nouvelle-ere-de-flexibilite-pour-vos-tirages-au-sort\/\" class=\"theme-button\">Lire l&apos;article<\/a><\/div><\/div><\/div><\/div><div class=\"vcex-blog-entry vcex-grid-item entry-has-details span_1_of_2 col-2 col post-5755 entry type-post has-media cat-12 translation_priority-14\"><div class=\"vcex-blog-entry-inner entry-inner wpex-first-mt-0 wpex-last-mb-0 wpex-clr\"><div class=\"vcex-blog-entry-media entry-media wpex-rounded-0 wpex-mb-20\"><a href=\"https:\/\/boomboomshot.com\/fr\/calendrier-de-lavent-digital-tirages-au-sort-pour-enchanter-vos-clients-pendant-les-fetes-de-noel\/\" title=\"Calendrier de l&rsquo;Avent digital : 24 tirages au sort pour enchanter vos clients pendant les f\u00eates !\"><img decoding=\"async\" loading=\"lazy\" class=\"vcex-blog-entry-img wpex-align-middle wpex-rounded-0\" src=\"https:\/\/boomboomshot.com\/wp-content\/uploads\/2024\/11\/blog_image-Calendrier-de-lAvent-digital-24-tirages-au-sort-pour-enchanter-vos-clients-pendant-les-fe\u0302tes--1024x341.webp\" alt=\"Xmas Sweepstakes\" width=\"1024\" height=\"341\" \/><i class=\"wpex-thumbnail-format-icon wpex-block wpex-right-0 wpex-bottom-0 wpex-mr-15 wpex-mb-15 wpex-absolute wpex-text-white wpex-text-center wpex-leading-none wpex-opacity-0 wpex-onload-opacity-100\" aria-hidden=\"true\"><span class=\"ticon ticon-file-text-o\"><\/span><\/i><\/a><\/div><div class=\"vcex-blog-entry-details entry-details wpex-first-mt-0 wpex-last-mb-0 wpex-clr\"><h2 class=\"vcex-blog-entry-title entry-title wpex-mb-5\" style=\"font-size:1.75rem;line-height:1;\"><a href=\"https:\/\/boomboomshot.com\/fr\/calendrier-de-lavent-digital-tirages-au-sort-pour-enchanter-vos-clients-pendant-les-fetes-de-noel\/\">Calendrier de l&rsquo;Avent digital : 24 tirages au sort pour enchanter vos clients pendant les f\u00eates !<\/a><\/h2><div class=\"vcex-blog-entry-date entry-date wpex-text-sm wpex-text-gray-600 wpex-mb-5\">20 novembre 2024<\/div><div class=\"vcex-blog-entry-excerpt entry-excerpt wpex-my-15 wpex-last-mb-0 wpex-clr\"><p>\ud83c\udf84 Le calendrier de l'avent : votre meilleur alli\u00e9 pour les f\u00eates Et si vous&hellip;<\/p><\/div><div class=\"vcex-blog-entry-readmore-wrap entry-readmore-wrap wpex-my-15 wpex-clr\"><a href=\"https:\/\/boomboomshot.com\/fr\/calendrier-de-lavent-digital-tirages-au-sort-pour-enchanter-vos-clients-pendant-les-fetes-de-noel\/\" class=\"theme-button\">Lire l&apos;article<\/a><\/div><\/div><\/div><\/div><div class=\"vcex-blog-entry vcex-grid-item entry-has-details span_1_of_2 col-1 col post-5706 entry type-post has-media cat-12 translation_priority-14\"><div class=\"vcex-blog-entry-inner entry-inner wpex-first-mt-0 wpex-last-mb-0 wpex-clr\"><div class=\"vcex-blog-entry-media entry-media wpex-rounded-0 wpex-mb-20\"><a href=\"https:\/\/boomboomshot.com\/fr\/utiliser-les-tirages-au-sort-dans-leducation-motivation-et-apprentissage-ludique\/\" title=\"Utiliser les tirages au sort dans l&rsquo;\u00e9ducation : motivation et apprentissage ludique\"><img decoding=\"async\" loading=\"lazy\" class=\"vcex-blog-entry-img wpex-align-middle wpex-rounded-0\" src=\"https:\/\/boomboomshot.com\/wp-content\/uploads\/2024\/07\/blog_image-Utiliser-les-tirages-au-sort-dans-le\u0301ducation-1024x341.webp\" alt=\"Utiliser Les Tirages Au Sort Dans L'\u00e9ducation : Motivation Et Apprentissage Ludique\" width=\"1024\" height=\"341\" \/><i class=\"wpex-thumbnail-format-icon wpex-block wpex-right-0 wpex-bottom-0 wpex-mr-15 wpex-mb-15 wpex-absolute wpex-text-white wpex-text-center wpex-leading-none wpex-opacity-0 wpex-onload-opacity-100\" aria-hidden=\"true\"><span class=\"ticon ticon-file-text-o\"><\/span><\/i><\/a><\/div><div class=\"vcex-blog-entry-details entry-details wpex-first-mt-0 wpex-last-mb-0 wpex-clr\"><h2 class=\"vcex-blog-entry-title entry-title wpex-mb-5\" style=\"font-size:1.75rem;line-height:1;\"><a href=\"https:\/\/boomboomshot.com\/fr\/utiliser-les-tirages-au-sort-dans-leducation-motivation-et-apprentissage-ludique\/\">Utiliser les tirages au sort dans l&rsquo;\u00e9ducation : motivation et apprentissage ludique<\/a><\/h2><div class=\"vcex-blog-entry-date entry-date wpex-text-sm wpex-text-gray-600 wpex-mb-5\">19 juillet 2024<\/div><div class=\"vcex-blog-entry-excerpt entry-excerpt wpex-my-15 wpex-last-mb-0 wpex-clr\"><p>Dans un monde o\u00f9 l'engagement des \u00e9l\u00e8ves est crucial pour leur r\u00e9ussite, les \u00e9ducateurs cherchent&hellip;<\/p><\/div><div class=\"vcex-blog-entry-readmore-wrap entry-readmore-wrap wpex-my-15 wpex-clr\"><a href=\"https:\/\/boomboomshot.com\/fr\/utiliser-les-tirages-au-sort-dans-leducation-motivation-et-apprentissage-ludique\/\" class=\"theme-button\">Lire l&apos;article<\/a><\/div><\/div><\/div><\/div><div class=\"vcex-blog-entry vcex-grid-item entry-has-details span_1_of_2 col-2 col post-5655 entry type-post has-media cat-12 translation_priority-14\"><div class=\"vcex-blog-entry-inner entry-inner wpex-first-mt-0 wpex-last-mb-0 wpex-clr\"><div class=\"vcex-blog-entry-media entry-media wpex-rounded-0 wpex-mb-20\"><a href=\"https:\/\/boomboomshot.com\/fr\/les-30-meilleures-idees-de-lots-pour-vos-tirages-au-sort-par-secteur-dactivite\/\" title=\"Les 30 meilleures id\u00e9es de lots pour vos tirages au sort par secteur d&rsquo;activit\u00e9\"><img decoding=\"async\" loading=\"lazy\" class=\"vcex-blog-entry-img wpex-align-middle wpex-rounded-0\" src=\"https:\/\/boomboomshot.com\/wp-content\/uploads\/2024\/07\/blog_image-Les-30-meilleures-ide\u0301es-de-lots-pour-vos-tirages-au-sort-par-secteur-dactivite\u0301-3-1024x341.webp\" alt=\"Raffle Sweepstakes Lots, Prix Id\u00e9es Cadeaux Tirage Au Sort\" width=\"1024\" height=\"341\" \/><i class=\"wpex-thumbnail-format-icon wpex-block wpex-right-0 wpex-bottom-0 wpex-mr-15 wpex-mb-15 wpex-absolute wpex-text-white wpex-text-center wpex-leading-none wpex-opacity-0 wpex-onload-opacity-100\" aria-hidden=\"true\"><span class=\"ticon ticon-file-text-o\"><\/span><\/i><\/a><\/div><div class=\"vcex-blog-entry-details entry-details wpex-first-mt-0 wpex-last-mb-0 wpex-clr\"><h2 class=\"vcex-blog-entry-title entry-title wpex-mb-5\" style=\"font-size:1.75rem;line-height:1;\"><a href=\"https:\/\/boomboomshot.com\/fr\/les-30-meilleures-idees-de-lots-pour-vos-tirages-au-sort-par-secteur-dactivite\/\">Les 30 meilleures id\u00e9es de lots pour vos tirages au sort par secteur d&rsquo;activit\u00e9<\/a><\/h2><div class=\"vcex-blog-entry-date entry-date wpex-text-sm wpex-text-gray-600 wpex-mb-5\">18 juillet 2024<\/div><div class=\"vcex-blog-entry-excerpt entry-excerpt wpex-my-15 wpex-last-mb-0 wpex-clr\"><p>Les tirages au sort sont un excellent moyen d'engager votre audience et d'attirer de nouveaux&hellip;<\/p><\/div><div class=\"vcex-blog-entry-readmore-wrap entry-readmore-wrap wpex-my-15 wpex-clr\"><a href=\"https:\/\/boomboomshot.com\/fr\/les-30-meilleures-idees-de-lots-pour-vos-tirages-au-sort-par-secteur-dactivite\/\" class=\"theme-button\">Lire l&apos;article<\/a><\/div><\/div><\/div><\/div><\/div><div class=\"wpex-pagination wpex-clear wpex-mt-30 wpex-clr\"><ul class='page-numbers'>\n\t<li><span aria-current=\"page\" class=\"page-numbers current\"><span class=\"screen-reader-text\">Page <\/span>1<\/span><\/li>\n\t<li><a class=\"page-numbers\" href=\"https:\/\/boomboomshot.com\/fr\/wp-json\/wp\/v2\/pages\/556\/page\/2\/\"><span class=\"screen-reader-text\">Page <\/span>2<\/a><\/li>\n\t<li><a class=\"page-numbers\" href=\"https:\/\/boomboomshot.com\/fr\/wp-json\/wp\/v2\/pages\/556\/page\/3\/\"><span class=\"screen-reader-text\">Page <\/span>3<\/a><\/li>\n\t<li><a class=\"page-numbers\" href=\"https:\/\/boomboomshot.com\/fr\/wp-json\/wp\/v2\/pages\/556\/page\/4\/\"><span class=\"screen-reader-text\">Page <\/span>4<\/a><\/li>\n\t<li><span class=\"page-numbers dots\">\u2026<\/span><\/li>\n\t<li><a class=\"page-numbers\" href=\"https:\/\/boomboomshot.com\/fr\/wp-json\/wp\/v2\/pages\/556\/page\/6\/\"><span class=\"screen-reader-text\">Page <\/span>6<\/a><\/li>\n\t<li><a class=\"next page-numbers\" href=\"https:\/\/boomboomshot.com\/fr\/wp-json\/wp\/v2\/pages\/556\/page\/2\/\"><span class=\"ticon ticon-angle-right\" aria-hidden=\"true\"><\/span><span class=\"screen-reader-text\">Suivant<\/span><\/a><\/li>\n<\/ul>\n<\/div><\/div>[\/vc_column][\/vc_row][vc_row el_class=\u00a0\u00bbvc_column-inner-m-b-0&Prime;][vc_column]<div class=\"templatera_shortcode\"><div data-vc-full-width=\"true\" data-vc-full-width-init=\"false\" class=\"vc_row wpb_row vc_row-fluid border-t vc_custom_1670178810630 wpex-vc_row-has-fill wpex-vc-row-stretched\" style=\"background-position:center center !important;\"><div class=\"wpb_column vc_column_container vc_col-sm-12\"><div class=\"vc_column-inner\"><div class=\"wpb_wrapper\"><div class=\"vc_row wpb_row vc_inner vc_row-fluid\"><div class=\"wpb_column maxw-400px object-center vc_column_container vc_col-sm-12\"><div class=\"vc_column-inner\"><div class=\"wpb_wrapper\">\n\t<div class=\"wpb_text_column wpb_content_element \" >\n\t\t<div class=\"wpb_wrapper\">\n\t\t\t<h2 style=\"text-align: center;\">L\u2019app de tirage au sort moderne<\/h2>\n\n\t\t<\/div>\n\t<\/div>\n<div class=\"vc_custom_1703760396448 wpex-clr\"><a href=\"https:\/\/game.boomboomshot.com\/signup\" class=\"vcex-button theme-button inline button-primary w-100 maxw-430px m-x-auto\"><span class=\"theme-button-inner\">Commencer (gratuit)<span class=\"vcex-icon-wrap theme-button-icon-right\"><span class=\"ticon ticon-long-arrow-right\" aria-hidden=\"true\"><\/span><\/span><\/span><\/a><\/div> <\/div><\/div><\/div><\/div><\/div><\/div><\/div><\/div><div class=\"vc_row-full-width vc_clearfix\"><\/div><\/div>[\/vc_column][\/vc_row]\n","protected":false},"excerpt":{"rendered":"Les tirages au sort sont un excellent moyen d'engager votre audience et d'attirer de nouveaux clients. Cependant, le succ\u00e8s de votre tirage au sort d\u00e9pend en grande partie de l'attrait des lots que vous proposez. Dans cet article, nous allons&hellip;","protected":false},"author":1,"featured_media":0,"parent":0,"menu_order":0,"comment_status":"closed","ping_status":"closed","template":"templates\/no-sidebar.php","meta":{"footnotes":""},"class_list":["post-556","page","type-page","status-publish","hentry","entry","has-media"],"_links":{"self":[{"href":"https:\/\/boomboomshot.com\/fr\/wp-json\/wp\/v2\/pages\/556","targetHints":{"allow":["GET"]}}],"collection":[{"href":"https:\/\/boomboomshot.com\/fr\/wp-json\/wp\/v2\/pages"}],"about":[{"href":"https:\/\/boomboomshot.com\/fr\/wp-json\/wp\/v2\/types\/page"}],"author":[{"embeddable":true,"href":"https:\/\/boomboomshot.com\/fr\/wp-json\/wp\/v2\/users\/1"}],"replies":[{"embeddable":true,"href":"https:\/\/boomboomshot.com\/fr\/wp-json\/wp\/v2\/comments?post=556"}],"version-history":[{"count":15,"href":"https:\/\/boomboomshot.com\/fr\/wp-json\/wp\/v2\/pages\/556\/revisions"}],"predecessor-version":[{"id":4695,"href":"https:\/\/boomboomshot.com\/fr\/wp-json\/wp\/v2\/pages\/556\/revisions\/4695"}],"wp:attachment":[{"href":"https:\/\/boomboomshot.com\/fr\/wp-json\/wp\/v2\/media?parent=556"}],"curies":[{"name":"wp","href":"https:\/\/api.w.org\/{rel}","templated":true}]}}