{"id":768,"date":"2021-07-16T09:59:59","date_gmt":"2021-07-16T09:59:59","guid":{"rendered":"https:\/\/boomboomshot.com\/mentions-legales-rgpd\/"},"modified":"2022-11-15T12:55:41","modified_gmt":"2022-11-15T12:55:41","slug":"cgu-conditions-generales-utilisation","status":"publish","type":"page","link":"https:\/\/boomboomshot.com\/fr\/cgu-conditions-generales-utilisation\/","title":{"rendered":"CGU"},"content":{"rendered":"[vc_row full_width=\u00a0\u00bbstretch_row\u00a0\u00bb wpex_bg_overlay=\u00a0\u00bbcolor\u00a0\u00bb css=\u00a0\u00bb.vc_custom_1625000628046{padding-top: 6rem !important;padding-bottom: 4rem !important;}\u00a0\u00bb wpex_bg_overlay_color=\u00a0\u00bb#1a1c1f\u00a0\u00bb][vc_column][vc_row_inner][vc_column_inner][vc_column_text css=\u00a0\u00bb.vc_custom_1668163583263{padding-bottom: 2rem !important;}\u00a0\u00bb]\n<h1 style=\"text-align: center;\">Conditions g\u00e9n\u00e9rales d&rsquo;utilisation de l&rsquo;application et du site Internet Boom Boom Shot<\/h1>\n<p style=\"text-align: center; max-width: 50ch; margin: 0 auto;\">Que vous soyez entre amis \u00e0 la recherche d\u2019un jeu pour faire monter la temp\u00e9rature de votre soir\u00e9e ou g\u00e9rant d\u2019un bar voulant offrir \u00e0 vos clients une animation originale, inattendue et fun, l\u2019app de tirage au sort BOOM BOOM SHOT met le feu \u00e0 vos \u00e9v\u00e9nements.<\/p>\n[\/vc_column_text][\/vc_column_inner][\/vc_row_inner][vc_row_inner el_class=\u00a0\u00bbbox border-radius-lg maxw-lg object-center\u00a0\u00bb][vc_column_inner css=\u00a0\u00bb.vc_custom_1625000696265{padding-top: 2rem !important;padding-right: 2rem !important;padding-bottom: 2rem !important;padding-left: 2rem !important;}\u00a0\u00bb][vc_column_text css=\u00a0\u00bb.vc_custom_1668516859610{padding-top: 2rem !important;padding-bottom: 2rem !important;}\u00a0\u00bb]\n<p class=\"font-serif opacity-75\">Derni\u00e8re mise \u00e0 jour : novembre 2022<\/p>\n<p>BOOM BOOM SHOT est d\u00e9velopp\u00e9 par la <strong>GIMIWI SAS<\/strong>.<\/p>\n<p>GIMIWI, Soci\u00e9t\u00e9 par actions simplifi\u00e9e enregistr\u00e9e au RCS de STRASBOURG sous le N\u00b0 SIREN 901 472 282, peut \u00eatre contact\u00e9e aux coordonn\u00e9es suivantes :<\/p>\n<ul>\n<li>Adresse \u00e9lectronique : \u00a0 <a href=\"mailto:contact@boomboomshot.com\">contact@boomboomshot.com<\/a><\/li>\n<li>Adresse postale :\u00a0 12 rue du Gloeckelsberg 67200 Strasbourg, FRANCE<\/li>\n<\/ul>\n<p><strong>En cliquant sur la case \u00ab J\u2019ai lu et j\u2019accepte les Conditions G\u00e9n\u00e9rales d\u2019Utilisation \u00bb, l\u2019Utilisateur d\u00e9clare avoir pris connaissance, comprendre et accepter sans r\u00e9serve les pr\u00e9sentes CGU.<\/strong><\/p>\n<p><strong>Si l\u2019Utilisateur n\u2019accepte pas les pr\u00e9sentes Conditions G\u00e9n\u00e9rales d\u2019Utilisation, il ne pourra pas acc\u00e9der aux Fonctionnalit\u00e9s BOOM BOOM SHOT<\/strong><\/p>\n<h2>PREAMBULE<\/h2>\n<h3>D\u00c9FINITIONS<\/h3>\n<p><strong>CGU<\/strong> : les pr\u00e9sentes Conditions G\u00e9n\u00e9rales d\u2019Utilisation accept\u00e9es par l\u2019Utilisateur.<\/p>\n<p><strong>Site<\/strong> : d\u00e9signe \u00ab BOOM BOOM SHOT \u00bb : le site internet (<a href=\"https:\/\/boomboomshot.com\/fr\/\">https:\/\/boomboomshot.com<\/a>), son jeu (<a href=\"https:\/\/game.boomboomshot.com\">https:\/\/game.boomboomshot.com<\/a>) et\/ou son application mobile.<\/p>\n<p><strong>Boom Boom Shot<\/strong> : nom du produit d\u00e9pos\u00e9 par Gimiwi et pouvant \u00eatre traduit par \u201cBoom Boom Gagn\u00e9\u201d.<\/p>\n<p><strong>Utilisateur(s)<\/strong> : personne physique ou morale, capable au sens des articles 1145 et suivants du Code civil, de consentir aux pr\u00e9sentes Conditions G\u00e9n\u00e9rales d\u2019Utilisation. L\u2019Utilisateur peut \u00eatre l\u2019organisateur ou l\u2019un des participants \u00e0 une partie BOOM BOOM SHOT. Ce terme peut \u00e9galement d\u00e9signer un d\u00e9bit de boissons, une association, une fondation, etc. proposant \u00e0 un groupe de personnes de participer \u00e0 une partie BOOM BOOM SHOT.<\/p>\n<p><strong>Parties<\/strong> : d\u00e9signe l\u2019Utilisateur et la SAS GIMIWI dans le cadre des pr\u00e9sentes CGU.<\/p>\n<p><strong>Fonctionnalit\u00e9s<\/strong> : se r\u00e9f\u00e9rer \u00e0 l\u2019article 5 des pr\u00e9sentes CGU.<\/p>\n<p><strong>RGPD<\/strong> : R\u00e8glement G\u00e9n\u00e9ral sur la Protection des Donn\u00e9es Personnelles (R\u00e8glement du Parlement Europ\u00e9en et du Conseil n\u00b0 2016\/679) ainsi que la loi 78-17 du 6 janvier 1978 modifi\u00e9e par la loi n\u00b02018-493 du 20 juin 2018.<\/p>\n<h2>ARTICLE 1 \u2013 OBJET<\/h2>\n<p>BOOM BOOM SHOT est un site internet et une application mobile proposant une solution de tirage au sort.<\/p>\n<p>Les pr\u00e9sentes CGU d\u00e9crivent les relations contractuelles entre les Parties dans le cadre de l\u2019utilisation des Fonctionnalit\u00e9s du Site.<\/p>\n<h2>ARTICLE 2 \u2013 DUR\u00c9E<\/h2>\n<p>A compter de l\u2019acceptation par l\u2019Utilisateur des pr\u00e9sentes CGU, ces derni\u00e8res sont conclues avec GIMIWI pour la dur\u00e9e d\u2019utilisation du Site par l\u2019Utilisateur.<\/p>\n<p>L\u2019Utilisateur peut retirer son consentement aux pr\u00e9sentes CGU en contactant GIMIWI par email \u00e0 dpo@boomboomshot.com.<\/p>\n<h2>ARTICLE 3 \u2013 TARIFS ET FRAIS<\/h2>\n<p>L\u2019Utilisateur utilise le Site et ses Fonctionnalit\u00e9s gratuitement (hors co\u00fbts de connexion \u00e0 internet).<\/p>\n<p>Si l\u2019Utilisateur le souhaite, il peut souscrire \u00e0 une option Premium. Ces options sont payantes et sont sujettes \u00e0 l\u2019acceptation des Conditions G\u00e9n\u00e9rales de Vente pr\u00e9sent\u00e9es \u00e0 l\u2019Utilisateur avant toute souscription.<\/p>\n<p>Le Site est r\u00e9serv\u00e9 \u00e0 un usage non-commercial. Cela signifie que les Utilisateurs ne peuvent pas conditionner l\u2019utilisation du Site par d\u2019autres personnes \u00e0 une compensation mon\u00e9taire.<\/p>\n<h2>ARTICLE 4 \u2013 MODIFICATION DES CGU<\/h2>\n<p>Les pr\u00e9sentes CGU ont \u00e9t\u00e9 \u00e9dit\u00e9es le 11 novembre 2022.<\/p>\n<p>GIMIWI se r\u00e9serve le droit de modifier les pr\u00e9sentes CGU afin de les adapter aux \u00e9volutions des Fonctionnalit\u00e9s du Site et de la l\u00e9gislation en vigueur.<\/p>\n<p>Lors de la modification des CGU, GIMIWI informera l\u2019Utilisateur lors de sa connection sur le Site (https:\/\/game.boomboomshot.com).<\/p>\n<p>L\u2019Utilisateur pourra alors consulter et accepter les CGU mises \u00e0 jour. Si l\u2019Utilisateur n\u2019est pas d\u2019accord avec la modification des CGU, il pourra supprimer son compte utilisateur tel qu\u2019indiqu\u00e9 \u00e0 l\u2019article 5 \u00ab Description des Fonctionnalit\u00e9s \u00bb.<\/p>\n<h2>ARTICLE 5 \u2013 DESCRIPTION DES FONCTIONNALIT\u00c9S<\/h2>\n<ul>\n<li>L\u2019application Boom Boom Shot permet \u00e0 ses Utilisateurs de cr\u00e9er une partie de jeu virtuelle que d\u2019autres personnes peuvent rejoindre avec leur t\u00e9l\u00e9phone portable, tablette ou ordinateur au moyen d\u2019un QR code.<\/li>\n<li>L\u2019application Boom Boom Shot permet \u00e0 ses Utilisateurs de lancer des tirages au sort pour d\u00e9signer al\u00e9atoirement une ou plusieurs personnes pr\u00e9sentes dans une partie de jeu.<\/li>\n<li>Les tirages au sort sont diffus\u00e9s simultan\u00e9ment sur les appareils de toutes les personnes connect\u00e9es.<\/li>\n<li>Les personnes s\u00e9lectionn\u00e9es se voient attribuer un certificat temporaire leur permettant de prouver leur s\u00e9lection (dans le cas d\u2019obtention d\u2019un lot).<\/li>\n<li>Douze heures apr\u00e8s la fin d\u2019une partie de jeu, l\u2019application envoie un email r\u00e9capitulatif aux participants du jeu.<\/li>\n<\/ul>\n<h2>ARTICLE 6 \u2013 OBLIGATIONS DE L\u2019UTILISATEUR<\/h2>\n<p>L\u2019Utilisateur s\u2019engage \u00e0 utiliser le Site \u00e0 des fins licites en conformit\u00e9 avec les pr\u00e9sentes CGU et le r\u00e9gime l\u00e9gal en vigueur.<\/p>\n<p>L\u2019Utilisateur d\u00e9clare :<\/p>\n<ul>\n<li>Avoir la pleine capacit\u00e9 juridique lui permettant d\u2019utiliser les Fonctionnalit\u00e9s propos\u00e9es ;<\/li>\n<li>Accepter sans r\u00e9serve les pr\u00e9sentes CGU.<\/li>\n<\/ul>\n<p>L\u2019Utilisateur s\u2019engage \u00e0 utiliser du mat\u00e9riel adapt\u00e9 \u00e0 la navigation sur le Site et qui ne contient pas, entre autres, de vices ou de virus informatiques de quelque forme. En cas de dommage, direct ou indirect, faisant suite \u00e0 une violation de la pr\u00e9sente disposition, l\u2019Utilisateur ne pourra pas rechercher la responsabilit\u00e9 de GIMIWI.<\/p>\n<p>L\u2019Utilisateur d\u00e9gage GIMIWI de toute responsabilit\u00e9 en cas de dommages d\u00e9coulant directement ou indirectement d\u2019une erreur d\u2019adresse \u00e9lectronique. En effet, tout acc\u00e8s et utilisation des Fonctionnalit\u00e9s du Site \u00e0 l\u2019aide de l\u2019adresse \u00e9lectronique et du mot de passe renseign\u00e9s sera ainsi r\u00e9put\u00e9 effectu\u00e9 par l\u2019Utilisateur concern\u00e9. Dans ce contexte, l\u2019Utilisateur s\u2019engage \u00e0 conserver son mot de passe secret et \u00e0 ne le divulguer \u00e0 personne, sous aucun pr\u00e9texte et \u00e0 quelque titre que ce soit.<\/p>\n<p>Si GIMIWI constate une utilisation d\u00e9tourn\u00e9e et\/ou ill\u00e9gale du Site par l\u2019Utilisateur, elle se r\u00e9serve le droit, \u00e0 titre pr\u00e9ventif, au regard de la l\u00e9gislation en vigueur et des pr\u00e9sentes CGU, de restreindre ou de supprimer l\u2019acc\u00e8s de l\u2019Utilisateur au Site et cela, sans avoir \u00e0 justifier cette d\u00e9cision et sans qu\u2019il soit possible que sa responsabilit\u00e9 soit engag\u00e9e \u00e0 ce titre.<\/p>\n<p>Si l\u2019Utilisateur ne respecte pas les dispositions des pr\u00e9sentes CGU ou de la l\u00e9gislation en vigueur, il ne pourra pas rechercher la responsabilit\u00e9 de GIMIWI et cela, pour quelque raison que ce soit.<\/p>\n<p>L\u2019Utilisateur est inform\u00e9 et d\u00e9clare accepter express\u00e9ment que l\u2019utilisation des Fonctionnalit\u00e9s, des informations et des outils mis \u00e0 sa disposition via le Site s\u2019effectue sous son enti\u00e8re responsabilit\u00e9.<\/p>\n<p>L\u2019Utilisateur est inform\u00e9 et d\u00e9clare accepter express\u00e9ment que la r\u00e9ception ou le t\u00e9l\u00e9chargement de tout contenu obtenu via le Site est effectu\u00e9 sous sa seule responsabilit\u00e9 signifiant que tout pr\u00e9judice qui pourrait \u00eatre caus\u00e9 \u00e0 ses syst\u00e8mes informatiques et\/ou de t\u00e9l\u00e9phonie mobile ainsi que d\u2019\u00e9ventuelles pertes de donn\u00e9es qui pourraient en r\u00e9sulter ne pourront justifier que la responsabilit\u00e9 GIMIWI soit recherch\u00e9e \u00e0 ce titre.<\/p>\n<h2>ARTICLE 7 \u2013 MAINTENANCE, SUSPENSION ET DISPONIBILIT\u00c9 DES FONCTIONNALIT\u00c9S<\/h2>\n<p>L\u2019Utilisateur est inform\u00e9 qu\u2019en cas de panne, de maintenance ou de mise \u00e0 jour des syst\u00e8mes, l\u2019acc\u00e8s \u00e0 son compte utilisateur pourra \u00eatre temporairement suspendu.<\/p>\n<p>GIMIWI s\u2019efforcera de pr\u00e9venir l\u2019Utilisateur et fera ses meilleurs efforts en vue de r\u00e9tablir l\u2019acc\u00e8s au Site d\u00e8s que possible.<\/p>\n<h2>ARTICLE 8 \u2013 RESPONSABILITE DE GIMIWI<\/h2>\n<p>GIMIWI ne peut en aucun cas \u00eatre tenue responsable des dommages caus\u00e9s \u00e0 l\u2019Utilisateur r\u00e9sultant d\u2019une cause ext\u00e9rieure et ind\u00e9pendante au Site et notamment pour les causes suivantes :<\/p>\n<ul>\n<li>Faute de l\u2019Utilisateur,<\/li>\n<li>Non-respect des pr\u00e9sentes CGU et\/ou de la l\u00e9gislation en vigueur par l\u2019Utilisateur,<\/li>\n<li>Usage frauduleux ou abusif des Fonctionnalit\u00e9s du Site par l\u2019Utilisateur,<\/li>\n<li>Interruption ou d\u00e9faillance des Fonctionnalit\u00e9s du Site suite \u00e0 des dysfonctionnements du r\u00e9seau Internet, du r\u00e9seau de t\u00e9l\u00e9communication ou du r\u00e9seau informatique.<\/li>\n<\/ul>\n<h2>ARTICLE 9 \u2013 CONCERNANT LES LOTS \u00c0 GAGNER<\/h2>\n<p><b>RAPPEL\u00a0: les conditions de participation \u00e0 chaque tirage ainsi que les lot \u00e0 gagner sont exclusivement et librement choisis par les Utilisateurs. GIMIWI n\u2019impose en aucun cas aux Utilisateurs les conditions de participation ni la nature des lots \u00e0 gagner et ne peut ainsi voir sa responsabilit\u00e9 engag\u00e9e \u00e0 ces titres.<\/b><\/p>\n<p><strong>GIMIWI tient \u00e0 ce que l\u2019utilisation de BOOM BOOM SHOT se d\u00e9roule dans les meilleures conditions possibles et soit appr\u00e9ci\u00e9e de tous.<\/strong><\/p>\n<p><strong>GIMIWI r\u00e9affirme que l\u2019objectif de BOOM BOOM SHOT est de cr\u00e9er une activit\u00e9 fun dans la bonne humeur !<\/strong><\/p>\n<p>Compte tenu des engagements pris par les Utilisateurs dans la pr\u00e9sente disposition, ils s\u2019engagent \u00e0 ne pas rechercher la responsabilit\u00e9 de GIMIWI pour quelque dommage direct ou indirect, imputable aux lots gagn\u00e9s.<\/p>\n<h2>ARTICLE 10 \u2013 PROTECTION DE VOS DONN\u00c9ES \u00c0 CARACT\u00c8RE PERSONNEL<\/h2>\n<p>GIMIWI s\u2019engage \u00e0 mettre en \u0153uvre tous les moyens techniques et organisationnels permettant de garantir la protection des Donn\u00e9es \u00e0 caract\u00e8re personnel de l\u2019Utilisateur lors de son utilisation des Fonctionnalit\u00e9s du Site.<\/p>\n<p>Il est rappel\u00e9 \u00e0 l\u2019Utilisateur qu\u2019il peut retirer son consentement au recueil et \u00e0 l\u2019utilisation de ses Donn\u00e9es \u00e0 caract\u00e8re personnel \u00e0 tout moment.<\/p>\n<p>GIMIWI, dans sa politique de protection des Donn\u00e9es \u00e0 caract\u00e8re personnel, s&rsquo;interdit de vendre, louer, c\u00e9der ou donner acc\u00e8s \u00e0 des tiers \u00e0 ces donn\u00e9es sans consentement pr\u00e9alable, \u00e0 moins d&rsquo;y \u00eatre contraint en raison d&rsquo;un motif l\u00e9gitime.<\/p>\n<p>Conform\u00e9ment \u00e0 la r\u00e9glementation Fran\u00e7aise et Europ\u00e9enne en vigueur, l\u2019Utilisateur dispose d&rsquo;un droit d&rsquo;acc\u00e8s, de rectification, d&rsquo;effacement, et de portabilit\u00e9 des Donn\u00e9es \u00e0 caract\u00e8re personnel le concernant, ainsi que du droit de s&rsquo;opposer au traitement desdites pour motif l\u00e9gitime, droits qu&rsquo;il peut exercer en s&rsquo;adressant \u00e0 GIMIWI \u00e0 l\u2019adresse \u00e9lectronique suivante :<\/p>\n<p>dpo@boomboomshot.com<\/p>\n<p>Pour plus d\u2019informations, veuillez consulter notre Politique de Confidentialit\u00e9 (https:\/\/boomboomshot.com\/fr\/politique-de-confidentialite\/).<\/p>\n<h2>ARTICLE 11 \u2013 PROPRI\u00c9T\u00c9 INTELLECTUELLE<\/h2>\n<p>L\u2019ensemble des Fonctionnalit\u00e9s du Site et chacun des \u00e9l\u00e9ments qui les composent sont la propri\u00e9t\u00e9 intellectuelle exclusive de GIMIWI conform\u00e9ment aux dispositions du Code de propri\u00e9t\u00e9 intellectuelle.<\/p>\n<p>Cette propri\u00e9t\u00e9 concerne notamment les marques, noms commerciaux, programmes informatiques, logiciels, interfaces, savoir-faire, bases de donn\u00e9es, textes, pr\u00e9sentations, brochures, illustrations, photographies, graphiques, vid\u00e9os, animations, etc. auxquels l\u2019Utilisateur a acc\u00e8s.<\/p>\n<p>En cons\u00e9quence, l\u2019Utilisateur s\u2019interdit de tout agissement ou tout acte susceptible de porter atteinte, directement ou indirectement, aux droits de propri\u00e9t\u00e9 intellectuelle de GIMIWI.<\/p>\n<p>Par ailleurs, il est strictement interdit \u00e0 l\u2019Utilisateur d\u2019acc\u00e9der et\/ou de d\u00e9tourner les codes sources du Site et leurs composants logiciels.<\/p>\n<p>GIMIWI accorde \u00e0 l\u2019Utilisateur, dans le cadre de la navigation sur le Site, un simple droit d\u2019utilisation personnel non exclusif et non commercial du Site.<br \/>\nLe droit de naviguer sur le Site ne conf\u00e8re aucunement \u00e0 l\u2019Utilisateur un droit de propri\u00e9t\u00e9 sur l\u2019ensemble des \u00e9l\u00e9ments pr\u00e9cit\u00e9s. Par cons\u00e9quent, l\u2019Utilisateur s\u2019interdit de contourner ou d\u00e9sactiver tout syst\u00e8me de protection ainsi que toute vente, reproduction, diffusion, exploitation, commercialisation ou modification des \u00e9l\u00e9ments pr\u00e9cit\u00e9s sous peine de voir sa responsabilit\u00e9 engag\u00e9e.<\/p>\n<h2>ARTICLE 12 \u2013 DROIT APPLICABLE, LANGUE ET LITIGE<\/h2>\n<p>Les pr\u00e9sentes CGU sont r\u00e9dig\u00e9es en langue Fran\u00e7aise. Dans le cas o\u00f9 elles seraient traduites en une ou plusieurs langues \u00e9trang\u00e8res, seul le texte en Fran\u00e7ais ferait foi en cas de litige.<\/p>\n<p>Les pr\u00e9sentes CGU et les op\u00e9rations qui en d\u00e9coulent sont r\u00e9gies par et soumises au droit Fran\u00e7ais.<\/p>\n<p>Tous les litiges concernant la validit\u00e9, l\u2019interpr\u00e9tation, l\u2019ex\u00e9cution, la r\u00e9siliation ou r\u00e9solution des pr\u00e9sentes CGU ainsi que ceux r\u00e9sultant de l\u2019utilisation du Site, leurs cons\u00e9quences et leurs suites qui n\u2019auraient pas pu \u00eatre r\u00e9solus \u00e0 l\u2019amiable entre les Parties seront soumis aux tribunaux comp\u00e9tents de la ville de STRASBOURG.<\/p>\n<p>Toutefois, l\u2019Utilisateur est inform\u00e9 qu\u2019il peut en tout \u00e9tat de cause recourir \u00e0 une m\u00e9diation conventionnelle ou \u00e0 tout mode alternatif de r\u00e8glement des diff\u00e9rends (conciliation, par exemple) en cas de contestation.[\/vc_column_text][\/vc_column_inner][\/vc_row_inner][\/vc_column][\/vc_row]\n","protected":false},"excerpt":{"rendered":"<p>[vc_row full_width=\u00a0\u00bbstretch_row\u00a0\u00bb wpex_bg_overlay=\u00a0\u00bbcolor\u00a0\u00bb css=\u00a0\u00bb.vc_custom_1625000628046{padding-top: 6rem !important;padding-bottom: 4rem !important;}\u00a0\u00bb wpex_bg_overlay_color=\u00a0\u00bb#1a1c1f\u00a0\u00bb][vc_column][vc_row_inner][vc_column_inner][vc_column_text css=\u00a0\u00bb.vc_custom_1668163583263{padding-bottom: 2rem !important;}\u00a0\u00bb] Conditions g\u00e9n\u00e9rales d&rsquo;utilisation de l&rsquo;application et du site Internet Boom Boom Shot Que vous soyez entre amis \u00e0 la recherche d\u2019un jeu pour faire monter la temp\u00e9rature de&hellip;<\/p>\n","protected":false},"author":1,"featured_media":0,"parent":0,"menu_order":0,"comment_status":"closed","ping_status":"closed","template":"templates\/no-sidebar.php","meta":{"footnotes":""},"class_list":["post-768","page","type-page","status-publish","hentry","entry","no-media"],"_links":{"self":[{"href":"https:\/\/boomboomshot.com\/fr\/wp-json\/wp\/v2\/pages\/768","targetHints":{"allow":["GET"]}}],"collection":[{"href":"https:\/\/boomboomshot.com\/fr\/wp-json\/wp\/v2\/pages"}],"about":[{"href":"https:\/\/boomboomshot.com\/fr\/wp-json\/wp\/v2\/types\/page"}],"author":[{"embeddable":true,"href":"https:\/\/boomboomshot.com\/fr\/wp-json\/wp\/v2\/users\/1"}],"replies":[{"embeddable":true,"href":"https:\/\/boomboomshot.com\/fr\/wp-json\/wp\/v2\/comments?post=768"}],"version-history":[{"count":20,"href":"https:\/\/boomboomshot.com\/fr\/wp-json\/wp\/v2\/pages\/768\/revisions"}],"predecessor-version":[{"id":2702,"href":"https:\/\/boomboomshot.com\/fr\/wp-json\/wp\/v2\/pages\/768\/revisions\/2702"}],"wp:attachment":[{"href":"https:\/\/boomboomshot.com\/fr\/wp-json\/wp\/v2\/media?parent=768"}],"curies":[{"name":"wp","href":"https:\/\/api.w.org\/{rel}","templated":true}]}}